{"id":19536,"date":"2018-07-02T14:10:46","date_gmt":"2018-07-02T12:10:46","guid":{"rendered":"https:\/\/www.iemn.fr?page_id=19536"},"modified":"2025-05-19T16:10:44","modified_gmt":"2025-05-19T14:10:44","slug":"prestations","status":"publish","type":"page","link":"https:\/\/www.iemn.fr\/en\/les_plateformes\/prestations","title":{"rendered":"Services offered by our platforms"},"content":{"rendered":"<div id='layer_slider_1'  class='avia-layerslider main_color avia-shadow  avia-builder-el-0  el_before_av_one_full  avia-builder-el-first  container_wrap sidebar_right'  style='height: 261px;'  ><div id=\"layerslider_5_1o81stsgvh45j\" data-ls-slug=\"homepageslider\" class=\"ls-wp-container fitvidsignore ls-selectable\" style=\"width:1140px;height:260px;margin:0 auto;margin-bottom: 0px;\"><div class=\"ls-slide\" data-ls=\"duration:6000;transition2d:5;\"><img loading=\"lazy\" decoding=\"async\" width=\"2560\" height=\"266\" src=\"https:\/\/www.iemn.fr\/wp-content\/uploads\/2020\/03\/future2-scaled.jpg\" class=\"ls-bg\" alt=\"\" srcset=\"https:\/\/www.iemn.fr\/wp-content\/uploads\/2020\/03\/future2-scaled.jpg 2560w, https:\/\/www.iemn.fr\/wp-content\/uploads\/2020\/03\/future2-300x31.jpg 300w, https:\/\/www.iemn.fr\/wp-content\/uploads\/2020\/03\/future2-1030x107.jpg 1030w, https:\/\/www.iemn.fr\/wp-content\/uploads\/2020\/03\/future2-768x80.jpg 768w, https:\/\/www.iemn.fr\/wp-content\/uploads\/2020\/03\/future2-1536x160.jpg 1536w, https:\/\/www.iemn.fr\/wp-content\/uploads\/2020\/03\/future2-2048x213.jpg 2048w, https:\/\/www.iemn.fr\/wp-content\/uploads\/2020\/03\/future2-1500x156.jpg 1500w, https:\/\/www.iemn.fr\/wp-content\/uploads\/2020\/03\/future2-705x73.jpg 705w\" sizes=\"auto, (max-width: 2560px) 100vw, 2560px\" \/><img loading=\"lazy\" decoding=\"async\" width=\"238\" height=\"247\" src=\"https:\/\/www.iemn.fr\/wp-content\/uploads\/2017\/04\/iemn_rond_trans.gif\" class=\"ls-l ls-img-layer\" alt=\"\" style=\"font-size:110px;top:115px;left:195px;width:136px;height:140px;\" data-ls=\"durationin:4000;easingin:easeInOutQuad;fadein:false;rotatein:180;scalexin:0;scaleyin:0;transformoriginin:100% 100% 0;durationout:0;easingout:easeInCirc;scalexout:0;scaleyout:0;parallaxlevel:0;\"><p style=\"font-size:75px;color:#ffffff;top:400px;left:500px;line-height:83px;font-style:normal;font-weight:600;filter:grayscale(50%);\" class=\"ls-l ls-text-layer\" data-ls=\"durationin:3000;easingin:easeInQuint;scalexin:4;scaleyin:4;parallaxlevel:0;\">iemn<\/p><p style=\"top:194px;left:481px;font-weight:600;font-style:italic;background-size:inherit;background-position:inherit;font-size:40px;filter:grayscale(50%);line-height:38px;color:#ffffff;\" class=\"ls-l ls-text-layer\" data-ls=\"durationin:5000;easingin:easeInQuint;position:relative;\">Welcome to the Future<\/p><p style=\"top:190px;left:320px;font-weight:600;font-style:normal;background-size:inherit;background-position:inherit;font-size:48px;filter:grayscale(50%);line-height:38px;color:#ffffff;\" class=\"ls-l ls-text-layer\" data-ls=\"durationin:2000;delayin:1000;easingin:easeInQuint;position:relative;\">IEMN<\/p><\/div><div class=\"ls-slide\" data-ls=\"duration:4000;transition2d:5;\"><img loading=\"lazy\" decoding=\"async\" width=\"2600\" height=\"270\" src=\"https:\/\/www.iemn.fr\/wp-content\/uploads\/2018\/09\/sliders_epiphy5.jpg\" class=\"ls-bg\" alt=\"\" srcset=\"https:\/\/www.iemn.fr\/wp-content\/uploads\/2018\/09\/sliders_epiphy5.jpg 2600w, https:\/\/www.iemn.fr\/wp-content\/uploads\/2018\/09\/sliders_epiphy5-300x31.jpg 300w, https:\/\/www.iemn.fr\/wp-content\/uploads\/2018\/09\/sliders_epiphy5-768x80.jpg 768w, https:\/\/www.iemn.fr\/wp-content\/uploads\/2018\/09\/sliders_epiphy5-1030x107.jpg 1030w, https:\/\/www.iemn.fr\/wp-content\/uploads\/2018\/09\/sliders_epiphy5-1500x156.jpg 1500w, https:\/\/www.iemn.fr\/wp-content\/uploads\/2018\/09\/sliders_epiphy5-705x73.jpg 705w\" sizes=\"auto, (max-width: 2600px) 100vw, 2600px\" \/><\/div><div class=\"ls-slide\" data-ls=\"duration:4000;transition2d:5;\"><img loading=\"lazy\" decoding=\"async\" width=\"2600\" height=\"270\" src=\"https:\/\/www.iemn.fr\/wp-content\/uploads\/2018\/09\/sliders_carc2.jpg\" class=\"ls-bg\" alt=\"\" srcset=\"https:\/\/www.iemn.fr\/wp-content\/uploads\/2018\/09\/sliders_carc2.jpg 2600w, https:\/\/www.iemn.fr\/wp-content\/uploads\/2018\/09\/sliders_carc2-300x31.jpg 300w, https:\/\/www.iemn.fr\/wp-content\/uploads\/2018\/09\/sliders_carc2-768x80.jpg 768w, https:\/\/www.iemn.fr\/wp-content\/uploads\/2018\/09\/sliders_carc2-1030x107.jpg 1030w, https:\/\/www.iemn.fr\/wp-content\/uploads\/2018\/09\/sliders_carc2-1500x156.jpg 1500w, https:\/\/www.iemn.fr\/wp-content\/uploads\/2018\/09\/sliders_carc2-705x73.jpg 705w\" sizes=\"auto, (max-width: 2600px) 100vw, 2600px\" \/><div style=\"top:0px;left:0px;\" class=\"ls-l ls-post-layer\" data-ls=\"offsetxin:80;easingin:linear;offsetxout:-80;durationout:400;easingout:linear;parallaxlevel:0;\"><\/div><\/div><div class=\"ls-slide\" data-ls=\"duration:4000;transition2d:5;\"><img loading=\"lazy\" decoding=\"async\" width=\"2600\" height=\"270\" src=\"https:\/\/www.iemn.fr\/wp-content\/uploads\/2018\/11\/sliders_groupe_acoustique.jpg\" class=\"ls-bg\" alt=\"\" srcset=\"https:\/\/www.iemn.fr\/wp-content\/uploads\/2018\/11\/sliders_groupe_acoustique.jpg 2600w, https:\/\/www.iemn.fr\/wp-content\/uploads\/2018\/11\/sliders_groupe_acoustique-300x31.jpg 300w, https:\/\/www.iemn.fr\/wp-content\/uploads\/2018\/11\/sliders_groupe_acoustique-768x80.jpg 768w, https:\/\/www.iemn.fr\/wp-content\/uploads\/2018\/11\/sliders_groupe_acoustique-1030x107.jpg 1030w, https:\/\/www.iemn.fr\/wp-content\/uploads\/2018\/11\/sliders_groupe_acoustique-1500x156.jpg 1500w, https:\/\/www.iemn.fr\/wp-content\/uploads\/2018\/11\/sliders_groupe_acoustique-705x73.jpg 705w\" sizes=\"auto, (max-width: 2600px) 100vw, 2600px\" \/><\/div><\/div><\/div><div id='after_layer_slider_1'  class='main_color av_default_container_wrap container_wrap sidebar_right'  ><div class='container av-section-cont-open' ><div class='template-page content  av-content-small alpha units'><div class='post-entry post-entry-type-page post-entry-19536'><div class='entry-content-wrapper clearfix'>\n\n<style type=\"text\/css\" data-created_by=\"avia_inline_auto\" id=\"style-css-av-qt67u8-b7e8a651c9cb3ddbd7300f3212f4fd5c\">\n.flex_column.av-qt67u8-b7e8a651c9cb3ddbd7300f3212f4fd5c{\nborder-radius:0px 0px 0px 0px;\npadding:0px 0px 0px 0px;\n}\n<\/style>\n<div  class='flex_column av-qt67u8-b7e8a651c9cb3ddbd7300f3212f4fd5c av_one_full  avia-builder-el-1  el_after_av_layerslider  avia-builder-el-no-sibling  first flex_column_div av-zero-column-padding'     ><p>\n<style type=\"text\/css\" data-created_by=\"avia_inline_auto\" id=\"style-css-av-nq70og-aab092836db9a24acaec7b5c82a538b6\">\n#top .av-special-heading.av-nq70og-aab092836db9a24acaec7b5c82a538b6{\npadding-bottom:10px;\n}\nbody .av-special-heading.av-nq70og-aab092836db9a24acaec7b5c82a538b6 .av-special-heading-tag .heading-char{\nfont-size:25px;\n}\n.av-special-heading.av-nq70og-aab092836db9a24acaec7b5c82a538b6 .av-subheading{\nfont-size:15px;\n}\n<\/style>\n<div  class='av-special-heading av-nq70og-aab092836db9a24acaec7b5c82a538b6 av-special-heading-h1  avia-builder-el-2  el_before_av_textblock  avia-builder-el-first'><h1 class='av-special-heading-tag'  itemprop=\"headline\"  >Services offered by our platforms<\/h1><div class=\"special-heading-border\"><div class=\"special-heading-inner-border\"><\/div><\/div><\/div><br \/>\n<section  class='av_textblock_section av-jj483gob-617b9819bcc91613da9db3455d25b5bc'   itemscope=\"itemscope\" itemtype=\"https:\/\/schema.org\/CreativeWork\" ><div class='avia_textblock'  itemprop=\"text\" ><p><strong>IEMN's platforms can meet your needs: call on our expertise.<\/strong><\/p>\n<p>Equipped with state-of-the-art equipment and structured around technical and scientific teams recognized for their expertise, the IEMN's five platforms offer academic and industrial partners a variety of services (technological or characterization services, provision of equipment with technical support, contracts, involvement in a project, etc.) in all of the laboratory's major fields of excellence.<\/p>\n<h6 style=\"padding-left: 40px; text-align: center;\">CMNF - Centrale de Micro et Nano Fabrication :<\/h6>\n<p style=\"padding-left: 40px; text-align: center;\">accueil-projets<img loading=\"lazy\" decoding=\"async\" class=\"align=absbottom wp-image-73335 size-full\" src=\"https:\/\/www.iemn.fr\/wp-content\/uploads\/2025\/05\/arobase6.png\" alt=\"\" width=\"16\" height=\"14\" srcset=\"https:\/\/www.iemn.fr\/wp-content\/uploads\/2025\/05\/arobase6.png 16w, https:\/\/www.iemn.fr\/wp-content\/uploads\/2025\/05\/arobase6-14x12.png 14w\" sizes=\"auto, (max-width: 16px) 100vw, 16px\" \/>iemn.fr <a href=\"https:\/\/www.iemn.fr\/en\/cellule-projets\/\" target=\"_blank\" rel=\"noopener\">Details<\/a><\/p>\n<h6 style=\"padding-left: 40px; text-align: center;\">PCMP - Near Field Microscopy Center (PCP):<\/h6>\n<p style=\"padding-left: 40px; text-align: center;\">accueil-projets<img loading=\"lazy\" decoding=\"async\" class=\"align=absbottom wp-image-73335 size-full\" src=\"https:\/\/www.iemn.fr\/wp-content\/uploads\/2025\/05\/arobase6.png\" alt=\"\" width=\"16\" height=\"14\" srcset=\"https:\/\/www.iemn.fr\/wp-content\/uploads\/2025\/05\/arobase6.png 16w, https:\/\/www.iemn.fr\/wp-content\/uploads\/2025\/05\/arobase6-14x12.png 14w\" sizes=\"auto, (max-width: 16px) 100vw, 16px\" \/>iemn.fr <a href=\"https:\/\/www.iemn.fr\/en\/cellule-projets\/\" target=\"_blank\" rel=\"noopener\">Details<\/a><\/p>\n<h6 style=\"padding-left: 40px; text-align: center;\">PCMP - Hyperfrequency, Optical and Photonic Characterization Pole (CHOP) :<\/h6>\n<p style=\"padding-left: 40px; text-align: center;\">sophie.eliet<img loading=\"lazy\" decoding=\"async\" class=\"align=absbottom wp-image-73335 size-full\" src=\"https:\/\/www.iemn.fr\/wp-content\/uploads\/2025\/05\/arobase6.png\" alt=\"\" width=\"16\" height=\"14\" srcset=\"https:\/\/www.iemn.fr\/wp-content\/uploads\/2025\/05\/arobase6.png 16w, https:\/\/www.iemn.fr\/wp-content\/uploads\/2025\/05\/arobase6-14x12.png 14w\" sizes=\"auto, (max-width: 16px) 100vw, 16px\" \/>univ-lille.fr<\/p>\n<h6 style=\"padding-left: 40px; text-align: center;\">PCMP \u2013 P\u00f4le Caract\u00e9risation Electromagn\u00e9tique (C2EM) :<\/h6>\n<p style=\"padding-left: 40px; text-align: center;\">pierre.laly<img loading=\"lazy\" decoding=\"async\" class=\"align=absbottom wp-image-73335 size-full\" src=\"https:\/\/www.iemn.fr\/wp-content\/uploads\/2025\/05\/arobase6.png\" alt=\"\" width=\"16\" height=\"14\" srcset=\"https:\/\/www.iemn.fr\/wp-content\/uploads\/2025\/05\/arobase6.png 16w, https:\/\/www.iemn.fr\/wp-content\/uploads\/2025\/05\/arobase6-14x12.png 14w\" sizes=\"auto, (max-width: 16px) 100vw, 16px\" \/>univ-lille.fr<\/p>\n<h6 style=\"padding-left: 40px; text-align: center;\">PCMP - P\u00f4le Syst\u00e8mes COMmunicants (SigmaCOM) :<\/h6>\n<p style=\"padding-left: 40px; text-align: center;\">redha.kassi<img loading=\"lazy\" decoding=\"async\" class=\"align=absbottom wp-image-73335 size-full\" src=\"https:\/\/www.iemn.fr\/wp-content\/uploads\/2025\/05\/arobase6.png\" alt=\"\" width=\"16\" height=\"14\" srcset=\"https:\/\/www.iemn.fr\/wp-content\/uploads\/2025\/05\/arobase6.png 16w, https:\/\/www.iemn.fr\/wp-content\/uploads\/2025\/05\/arobase6-14x12.png 14w\" sizes=\"auto, (max-width: 16px) 100vw, 16px\" \/>univ-lille.fr<\/p>\n<\/div><\/section><\/p><\/div>","protected":false},"excerpt":{"rendered":"","protected":false},"author":2,"featured_media":0,"parent":50860,"menu_order":35,"comment_status":"closed","ping_status":"closed","template":"","meta":{"footnotes":""},"class_list":["post-19536","page","type-page","status-publish","hentry"],"_links":{"self":[{"href":"https:\/\/www.iemn.fr\/en\/wp-json\/wp\/v2\/pages\/19536","targetHints":{"allow":["GET"]}}],"collection":[{"href":"https:\/\/www.iemn.fr\/en\/wp-json\/wp\/v2\/pages"}],"about":[{"href":"https:\/\/www.iemn.fr\/en\/wp-json\/wp\/v2\/types\/page"}],"author":[{"embeddable":true,"href":"https:\/\/www.iemn.fr\/en\/wp-json\/wp\/v2\/users\/2"}],"replies":[{"embeddable":true,"href":"https:\/\/www.iemn.fr\/en\/wp-json\/wp\/v2\/comments?post=19536"}],"version-history":[{"count":2,"href":"https:\/\/www.iemn.fr\/en\/wp-json\/wp\/v2\/pages\/19536\/revisions"}],"predecessor-version":[{"id":73617,"href":"https:\/\/www.iemn.fr\/en\/wp-json\/wp\/v2\/pages\/19536\/revisions\/73617"}],"up":[{"embeddable":true,"href":"https:\/\/www.iemn.fr\/en\/wp-json\/wp\/v2\/pages\/50860"}],"wp:attachment":[{"href":"https:\/\/www.iemn.fr\/en\/wp-json\/wp\/v2\/media?parent=19536"}],"curies":[{"name":"wp","href":"https:\/\/api.w.org\/{rel}","templated":true}]}}