{"id":18746,"date":"2018-06-21T11:36:58","date_gmt":"2018-06-21T09:36:58","guid":{"rendered":"https:\/\/www.iemn.fr?page_id=18746"},"modified":"2023-09-22T11:08:25","modified_gmt":"2023-09-22T09:08:25","slug":"millimetrique-et-thz","status":"publish","type":"page","link":"https:\/\/www.iemn.fr\/en\/les_plateformes\/plateforme-de-caracterisation-multi-physique-pcmp\/caracterisation-haute-frequence\/millimetrique-et-thz","title":{"rendered":"Millimetre and THz"},"content":{"rendered":"<div id='layer_slider_1'  class='avia-layerslider main_color avia-shadow  avia-builder-el-0  el_before_av_one_full  avia-builder-el-first  container_wrap sidebar_right'  style='height: 261px;'  ><div id=\"layerslider_35_1cpgyb05txpjo\" data-ls-slug=\"homepageslider\" class=\"ls-wp-container fitvidsignore ls-selectable\" style=\"width:1140px;height:260px;margin:0 auto;margin-bottom: 0px;\"><div class=\"ls-slide\" data-ls=\"duration:6000;transition2d:5;\"><img loading=\"lazy\" decoding=\"async\" width=\"2600\" height=\"270\" src=\"https:\/\/www.iemn.fr\/wp-content\/uploads\/2018\/09\/sliders_carc1.jpg\" class=\"ls-bg\" alt=\"\" srcset=\"https:\/\/www.iemn.fr\/wp-content\/uploads\/2018\/09\/sliders_carc1.jpg 2600w, https:\/\/www.iemn.fr\/wp-content\/uploads\/2018\/09\/sliders_carc1-300x31.jpg 300w, https:\/\/www.iemn.fr\/wp-content\/uploads\/2018\/09\/sliders_carc1-768x80.jpg 768w, https:\/\/www.iemn.fr\/wp-content\/uploads\/2018\/09\/sliders_carc1-1030x107.jpg 1030w, https:\/\/www.iemn.fr\/wp-content\/uploads\/2018\/09\/sliders_carc1-1500x156.jpg 1500w, https:\/\/www.iemn.fr\/wp-content\/uploads\/2018\/09\/sliders_carc1-705x73.jpg 705w\" sizes=\"auto, (max-width: 2600px) 100vw, 2600px\" \/><ls-layer style=\"font-size:14px;text-align:left;font-style:normal;text-decoration:none;text-transform:none;font-weight:700;letter-spacing:0px;background-position:0% 0%;background-repeat:no-repeat;mix-blend-mode:normal;top:231px;left:0px;height:30px;width:600px;line-height:32px;color:#ffffff;border-radius:6px 6px 6px 6px;padding-left:50px;background-color:rgba(0, 0, 0, 0.57);\" class=\"ls-l ls-ib-icon ls-text-layer\" data-ls=\"minfontsize:0;minmobilefontsize:0;\"><i class=\"fa fa-user-circle\" style=\"color:#f2f2f2;margin-right:0.8em;font-size:1em;transform:translateY( -0.125em );\"><\/i>CHOP :   P\u00d4LE CARACTERISATION HYPERFREQUENCE, OPTIQUE ET PHOTONIQUE<\/ls-layer><\/div><div class=\"ls-slide\" data-ls=\"duration:4000;transition2d:5;\"><img loading=\"lazy\" decoding=\"async\" width=\"2600\" height=\"270\" src=\"https:\/\/www.iemn.fr\/wp-content\/uploads\/2018\/09\/sliders_carc2.jpg\" class=\"ls-bg\" alt=\"\" srcset=\"https:\/\/www.iemn.fr\/wp-content\/uploads\/2018\/09\/sliders_carc2.jpg 2600w, https:\/\/www.iemn.fr\/wp-content\/uploads\/2018\/09\/sliders_carc2-300x31.jpg 300w, https:\/\/www.iemn.fr\/wp-content\/uploads\/2018\/09\/sliders_carc2-768x80.jpg 768w, https:\/\/www.iemn.fr\/wp-content\/uploads\/2018\/09\/sliders_carc2-1030x107.jpg 1030w, https:\/\/www.iemn.fr\/wp-content\/uploads\/2018\/09\/sliders_carc2-1500x156.jpg 1500w, https:\/\/www.iemn.fr\/wp-content\/uploads\/2018\/09\/sliders_carc2-705x73.jpg 705w\" sizes=\"auto, (max-width: 2600px) 100vw, 2600px\" \/><ls-layer style=\"font-size:14px;text-align:left;font-style:normal;text-decoration:none;text-transform:none;font-weight:700;letter-spacing:0px;background-position:0% 0%;background-repeat:no-repeat;mix-blend-mode:normal;top:231px;left:0px;height:30px;width:600px;line-height:32px;color:#ffffff;border-radius:6px 6px 6px 6px;padding-left:50px;background-color:rgba(0, 0, 0, 0.57);\" class=\"ls-l ls-ib-icon ls-text-layer\" data-ls=\"minfontsize:0;minmobilefontsize:0;\"><i class=\"fa fa-user-circle\" style=\"color:#f2f2f2;margin-right:0.8em;font-size:1em;transform:translateY( -0.125em );\"><\/i>CHOP :   P\u00d4LE CARACTERISATION HYPERFREQUENCE, OPTIQUE ET PHOTONIQUE<\/ls-layer><\/div><div class=\"ls-slide\" data-ls=\"duration:4000;transition2d:5;\"><img loading=\"lazy\" decoding=\"async\" width=\"2600\" height=\"270\" src=\"https:\/\/www.iemn.fr\/wp-content\/uploads\/2018\/09\/sliders_car3.jpg\" class=\"ls-bg\" alt=\"\" srcset=\"https:\/\/www.iemn.fr\/wp-content\/uploads\/2018\/09\/sliders_car3.jpg 2600w, https:\/\/www.iemn.fr\/wp-content\/uploads\/2018\/09\/sliders_car3-300x31.jpg 300w, https:\/\/www.iemn.fr\/wp-content\/uploads\/2018\/09\/sliders_car3-768x80.jpg 768w, https:\/\/www.iemn.fr\/wp-content\/uploads\/2018\/09\/sliders_car3-1030x107.jpg 1030w, https:\/\/www.iemn.fr\/wp-content\/uploads\/2018\/09\/sliders_car3-1500x156.jpg 1500w, https:\/\/www.iemn.fr\/wp-content\/uploads\/2018\/09\/sliders_car3-705x73.jpg 705w\" sizes=\"auto, (max-width: 2600px) 100vw, 2600px\" \/><ls-layer style=\"font-size:14px;text-align:left;font-style:normal;text-decoration:none;text-transform:none;font-weight:700;letter-spacing:0px;background-position:0% 0%;background-repeat:no-repeat;mix-blend-mode:normal;top:231px;left:0px;height:31px;width:600px;line-height:32px;color:#ffffff;border-radius:6px 6px 6px 6px;padding-left:50px;background-color:rgba(0, 0, 0, 0.57);\" class=\"ls-l ls-ib-icon ls-text-layer\" data-ls=\"minfontsize:0;minmobilefontsize:0;\"><i class=\"fa fa-user-circle\" style=\"color:#f2f2f2;margin-right:0.8em;font-size:1em;transform:translateY( -0.125em );\"><\/i>CHOP :   P\u00d4LE CARACTERISATION HYPERFREQUENCE, OPTIQUE ET PHOTONIQUE<\/ls-layer><\/div><\/div><\/div><div id='after_layer_slider_1'  class='main_color av_default_container_wrap container_wrap sidebar_right'  ><div class='container av-section-cont-open' ><div class='template-page content  av-content-small alpha units'><div class='post-entry post-entry-type-page post-entry-18746'><div class='entry-content-wrapper clearfix'>\n\n<style type=\"text\/css\" data-created_by=\"avia_inline_auto\" id=\"style-css-av-lmsylstd-02e8f5ab4b6f59549b3317b204130780\">\n.flex_column.av-lmsylstd-02e8f5ab4b6f59549b3317b204130780{\nborder-radius:20px 20px 20px 20px;\npadding:0px 0px 0px 0px;\nbackground-color:#f7ac7e;\n}\n<\/style>\n<div  class='flex_column av-lmsylstd-02e8f5ab4b6f59549b3317b204130780 av_one_full  avia-builder-el-1  el_after_av_layerslider  el_before_av_one_full  avia-builder-el-first  first flex_column_div av-zero-column-padding'     ><section  class='av_textblock_section av-lmsykxnc-1c0fb29fff88b24024e3830d9e1b906b'   itemscope=\"itemscope\" itemtype=\"https:\/\/schema.org\/CreativeWork\" ><div class='avia_textblock'  itemprop=\"text\" ><h1 style=\"text-align: center;\"><span style=\"color: #ffffff;\">Millimetre and THz<\/span><\/h1>\n<\/div><\/section><\/div>\n\n<style type=\"text\/css\" data-created_by=\"avia_inline_auto\" id=\"style-css-av-w6hncq-1356848199bb3140fe9a6193eefd428d\">\n.flex_column.av-w6hncq-1356848199bb3140fe9a6193eefd428d{\nborder-radius:0px 0px 0px 0px;\npadding:0px 0px 0px 0px;\n}\n<\/style>\n<div  class='flex_column av-w6hncq-1356848199bb3140fe9a6193eefd428d av_one_full  avia-builder-el-3  el_after_av_one_full  avia-builder-el-last  first flex_column_div av-zero-column-padding  column-top-margin'     ><p><section  class='av_textblock_section av-jiocsowf-564089530f7409548b80d2e7366187e8'   itemscope=\"itemscope\" itemtype=\"https:\/\/schema.org\/CreativeWork\" ><div class='avia_textblock'  itemprop=\"text\" ><p><a href=\"https:\/\/www.iemn.fr\/wp-content\/uploads\/2018\/06\/plate_forme_caracterisation_optique.png\"><img loading=\"lazy\" decoding=\"async\" class=\"size-full wp-image-18747 alignright\" src=\"https:\/\/www.iemn.fr\/wp-content\/uploads\/2018\/06\/plate_forme_caracterisation_optique.png\" alt=\"\" width=\"189\" height=\"174\" \/><\/a>Le d\u00e9veloppement des composants pour l\u2019\u00e9lectronique haute fr\u00e9quence passe par un cycle de d\u00e9veloppement technologique, d\u2019\u00e9valuation des performances, \u00e0 la fois en r\u00e9gime petit signal, puissance ou bruit selon les applications vis\u00e9es (g\u00e9n\u00e9ration de puissance en RADAR, r\u00e9ception faible bruit, \u2026). Ce type de mesure est r\u00e9alis\u00e9 au d\u00e9part sur des composants unitaires (transistors), des circuits sur plaquette ou bien enfin dans des composants mis en bo\u00eetier.<\/p>\n<\/div><\/section><br \/>\n<section  class='av_textblock_section av-jioculff-0cfc38c893548040442ec6024094a393'   itemscope=\"itemscope\" itemtype=\"https:\/\/schema.org\/CreativeWork\" ><div class='avia_textblock'  itemprop=\"text\" ><h4><a href=\"https:\/\/www.iemn.fr\/wp-content\/uploads\/2018\/06\/plate_forme_caracterisation_mesure.jpg\"><img loading=\"lazy\" decoding=\"async\" class=\"wp-image-18750 alignright\" src=\"https:\/\/www.iemn.fr\/wp-content\/uploads\/2018\/06\/plate_forme_caracterisation_mesure.jpg\" alt=\"\" width=\"252\" height=\"161\" srcset=\"https:\/\/www.iemn.fr\/wp-content\/uploads\/2018\/06\/plate_forme_caracterisation_mesure.jpg 301w, https:\/\/www.iemn.fr\/wp-content\/uploads\/2018\/06\/plate_forme_caracterisation_mesure-300x191.jpg 300w\" sizes=\"auto, (max-width: 252px) 100vw, 252px\" \/><\/a>Mesures en espace libre<\/h4>\n<p>Mesure Espace Libre: cette ressource vise \u00e0 tester et \u00e9tudier des dispositifs, syst\u00e8mes, sous-syst\u00e8mes ou mat\u00e9riaux \u00e9l\u00e9mentaires dans des gammes de fr\u00e9quence allant de 75 GHz \u00e0 750 GHz. Les applications vis\u00e9es, au del\u00e0 du test d&rsquo;\u00e9l\u00e9ments unitaires, sont les communications sans fils THz, l&rsquo;imagerie champ lointain ou encore la spectroscopie r\u00e9solue tr\u00e8s finement (&lt; 1 MHz).<\/p>\n<\/div><\/section><br \/>\n<section  class='av_textblock_section av-jioo5h00-7b8805a6d8de55b413258505caaffefd'   itemscope=\"itemscope\" itemtype=\"https:\/\/schema.org\/CreativeWork\" ><div class='avia_textblock'  itemprop=\"text\" ><p><strong style=\"font-size: 16px;\">Contact: <\/strong><div  class='avia-button-wrap av-rpqvoq-40479140ef8fbdf10e0b6381b60fc3ab-wrap avia-button-left  avia-builder-el-7  avia-builder-el-no-sibling'><a href='mailto:guillaume.ducournau'  class='avia-button av-rpqvoq-40479140ef8fbdf10e0b6381b60fc3ab av-link-btn avia-icon_select-yes-left-icon avia-size-small avia-position-left avia-color-silver'   aria-label=\"guillaume.ducournau@univ-lille.fr\"><span class='avia_button_icon avia_button_icon_left' aria-hidden='true' data-av_icon='\ue805' data-av_iconfont='entypo-fontello'><\/span><span class='avia_iconbox_title' >guillaume.ducournau@univ-lille.fr<\/span><\/a><\/div><\/p>\n<\/div><\/section><br \/>\n<div  class='hr av-1157z5m-f1b9a10c952b5545511fae327f5f8e85 hr-default  avia-builder-el-8  el_after_av_textblock  el_before_av_textblock'><span class='hr-inner'><span class=\"hr-inner-style\"><\/span><\/span><\/div><br \/>\n<section  class='av_textblock_section av-jiocynxb-22f1e09b843323de56c5684cdbab7838'   itemscope=\"itemscope\" itemtype=\"https:\/\/schema.org\/CreativeWork\" ><div class='avia_textblock'  itemprop=\"text\" ><h4><a href=\"https:\/\/www.iemn.fr\/wp-content\/uploads\/2018\/06\/plate_forme_caracterisation_mesure_pointes.jpg\"><img loading=\"lazy\" decoding=\"async\" class=\"size-full wp-image-18751 alignright\" src=\"https:\/\/www.iemn.fr\/wp-content\/uploads\/2018\/06\/plate_forme_caracterisation_mesure_pointes.jpg\" alt=\"\" width=\"174\" height=\"191\" \/><\/a>Mesures param\u00e8tres-S sous pointes<\/h4>\n<p>L\u2019anticipation et le d\u00e9veloppement des fili\u00e8res technologiques III-V ou silicium, ou les \u00e9tudes amont de nouvelles fili\u00e8res (Graph\u00e8ne, \u2026) passe par le test on-wafer (sous-pointes coplanaires) de dispositifs actifs, passifs afin de d\u00e9velopper des mod\u00e8les de composant et de r\u00e9aliser le retour technologique n\u00e9cessaire \u00e0 l\u2019am\u00e9lioration des performances. Ces mesures sont possibles entre \u00a0140 GHz et 1,1 THz.<\/p>\n<p><strong style=\"font-size: 16px;\">Contact: <\/strong><div  class='avia-button-wrap av-rpqvoq-40479140ef8fbdf10e0b6381b60fc3ab-wrap avia-button-left  avia-builder-el-10  el_before_av_button  avia-builder-el-first'><a href='mailto:guillaume.ducournau'  class='avia-button av-rpqvoq-40479140ef8fbdf10e0b6381b60fc3ab av-link-btn avia-icon_select-yes-left-icon avia-size-small avia-position-left avia-color-silver'   aria-label=\"guillaume.ducournau@univ-lille.fr\"><span class='avia_button_icon avia_button_icon_left' aria-hidden='true' data-av_icon='\ue805' data-av_iconfont='entypo-fontello'><\/span><span class='avia_iconbox_title' >guillaume.ducournau@univ-lille.fr<\/span><\/a><\/div>. <div  class='avia-button-wrap av-rpqvoq-4f81a9991afabd66cdfaec52f78cf708-wrap avia-button-left  avia-builder-el-11  el_after_av_button  avia-builder-el-last'><a href='mailto:sylvie.lepilliet'  class='avia-button av-rpqvoq-4f81a9991afabd66cdfaec52f78cf708 av-link-btn avia-icon_select-yes-left-icon avia-size-small avia-position-left avia-color-silver'   aria-label=\"sylvie.lepilliet@univ-lille.fr\"><span class='avia_button_icon avia_button_icon_left' aria-hidden='true' data-av_icon='\ue805' data-av_iconfont='entypo-fontello'><\/span><span class='avia_iconbox_title' >sylvie.lepilliet@univ-lille.fr<\/span><\/a><\/div><\/p>\n<\/div><\/section><br \/>\n<div  class='hr av-pwjna2-b161e72064e222e29f85d5111ef1a4a1 hr-default  avia-builder-el-12  el_after_av_textblock  el_before_av_textblock'><span class='hr-inner'><span class=\"hr-inner-style\"><\/span><\/span><\/div><br \/>\n<section  class='av_textblock_section av-jiogc4mh-2430479eb81e24aa2513986102b8563a'   itemscope=\"itemscope\" itemtype=\"https:\/\/schema.org\/CreativeWork\" ><div class='avia_textblock'  itemprop=\"text\" ><h4><a href=\"https:\/\/www.iemn.fr\/wp-content\/uploads\/2018\/06\/plate_forme_caracterisation_millimetrique.png\"><img loading=\"lazy\" decoding=\"async\" class=\"size-full wp-image-18761 alignright\" src=\"https:\/\/www.iemn.fr\/wp-content\/uploads\/2018\/06\/plate_forme_caracterisation_millimetrique.png\" alt=\"\" width=\"209\" height=\"209\" srcset=\"https:\/\/www.iemn.fr\/wp-content\/uploads\/2018\/06\/plate_forme_caracterisation_millimetrique.png 209w, https:\/\/www.iemn.fr\/wp-content\/uploads\/2018\/06\/plate_forme_caracterisation_millimetrique-80x80.png 80w, https:\/\/www.iemn.fr\/wp-content\/uploads\/2018\/06\/plate_forme_caracterisation_millimetrique-36x36.png 36w, https:\/\/www.iemn.fr\/wp-content\/uploads\/2018\/06\/plate_forme_caracterisation_millimetrique-180x180.png 180w\" sizes=\"auto, (max-width: 209px) 100vw, 209px\" \/><\/a>Bruit et puissance en domaine millim\u00e9trique<\/h4>\n<p>Au del\u00e0 du test unitaire de composants localis\u00e9s, le test de circuits actifs (multiplieurs, m\u00e9langeurs, amplificateurs de puissance ou faible bruit) passe par la caract\u00e9ristique des performances en bruit et puissance, qui peuvent \u00eatre r\u00e9alis\u00e9es \u00e0 l\u2019IEMN jusque 200 GHz en puissance et 170 GHz-260GHz en mesure de bruit \u00e0 ce jour.<\/p>\n<p><strong style=\"font-size: 16px;\">Contact: <\/strong><div  class='avia-button-wrap av-rpqvoq-4f81a9991afabd66cdfaec52f78cf708-wrap avia-button-left  avia-builder-el-14  avia-builder-el-no-sibling'><a href='mailto:sylvie.lepilliet'  class='avia-button av-rpqvoq-4f81a9991afabd66cdfaec52f78cf708 av-link-btn avia-icon_select-yes-left-icon avia-size-small avia-position-left avia-color-silver'   aria-label=\"sylvie.lepilliet@univ-lille.fr\"><span class='avia_button_icon avia_button_icon_left' aria-hidden='true' data-av_icon='\ue805' data-av_iconfont='entypo-fontello'><\/span><span class='avia_iconbox_title' >sylvie.lepilliet@univ-lille.fr<\/span><\/a><\/div><\/p>\n<p><a href=\"https:\/\/www.iemn.fr\/wp-content\/uploads\/2018\/06\/plate_forme_caracterisation_mesure_iemn.jpg\"><img loading=\"lazy\" decoding=\"async\" class=\"size-full wp-image-18765 aligncenter\" src=\"https:\/\/www.iemn.fr\/wp-content\/uploads\/2018\/06\/plate_forme_caracterisation_mesure_iemn.jpg\" alt=\"\" width=\"660\" height=\"292\" srcset=\"https:\/\/www.iemn.fr\/wp-content\/uploads\/2018\/06\/plate_forme_caracterisation_mesure_iemn.jpg 660w, https:\/\/www.iemn.fr\/wp-content\/uploads\/2018\/06\/plate_forme_caracterisation_mesure_iemn-300x133.jpg 300w\" sizes=\"auto, (max-width: 660px) 100vw, 660px\" \/><\/a><\/p>\n<\/div><\/section><\/p><\/div>","protected":false},"excerpt":{"rendered":"","protected":false},"author":2,"featured_media":0,"parent":14195,"menu_order":35,"comment_status":"closed","ping_status":"closed","template":"","meta":{"footnotes":""},"class_list":["post-18746","page","type-page","status-publish","hentry"],"_links":{"self":[{"href":"https:\/\/www.iemn.fr\/en\/wp-json\/wp\/v2\/pages\/18746","targetHints":{"allow":["GET"]}}],"collection":[{"href":"https:\/\/www.iemn.fr\/en\/wp-json\/wp\/v2\/pages"}],"about":[{"href":"https:\/\/www.iemn.fr\/en\/wp-json\/wp\/v2\/types\/page"}],"author":[{"embeddable":true,"href":"https:\/\/www.iemn.fr\/en\/wp-json\/wp\/v2\/users\/2"}],"replies":[{"embeddable":true,"href":"https:\/\/www.iemn.fr\/en\/wp-json\/wp\/v2\/comments?post=18746"}],"version-history":[{"count":0,"href":"https:\/\/www.iemn.fr\/en\/wp-json\/wp\/v2\/pages\/18746\/revisions"}],"up":[{"embeddable":true,"href":"https:\/\/www.iemn.fr\/en\/wp-json\/wp\/v2\/pages\/14195"}],"wp:attachment":[{"href":"https:\/\/www.iemn.fr\/en\/wp-json\/wp\/v2\/media?parent=18746"}],"curies":[{"name":"wp","href":"https:\/\/api.w.org\/{rel}","templated":true}]}}