{"id":16637,"date":"2018-04-24T15:48:58","date_gmt":"2018-04-24T13:48:58","guid":{"rendered":"https:\/\/www.iemn.fr?page_id=16637"},"modified":"2025-05-22T11:46:01","modified_gmt":"2025-05-22T09:46:01","slug":"mrt","status":"publish","type":"page","link":"https:\/\/www.iemn.fr\/en\/formation\/mrt","title":{"rendered":"Master Networks and Telecommunications"},"content":{"rendered":"<div id='layer_slider_1'  class='avia-layerslider main_color avia-shadow  avia-builder-el-0  el_before_av_heading  avia-builder-el-first  container_wrap sidebar_right'  style='height: 261px;'  ><div id=\"layerslider_36_yp3f6sofiwyn\" data-ls-slug=\"homepageslider\" class=\"ls-wp-container fitvidsignore ls-selectable\" style=\"width:1140px;height:260px;margin:0 auto;margin-bottom: 0px;\"><div class=\"ls-slide\" data-ls=\"duration:6000;transition2d:5;\"><img loading=\"lazy\" decoding=\"async\" width=\"2600\" height=\"270\" src=\"https:\/\/www.iemn.fr\/wp-content\/uploads\/2018\/09\/sliders_form3.jpg\" class=\"ls-bg\" alt=\"\" srcset=\"https:\/\/www.iemn.fr\/wp-content\/uploads\/2018\/09\/sliders_form3.jpg 2600w, https:\/\/www.iemn.fr\/wp-content\/uploads\/2018\/09\/sliders_form3-300x31.jpg 300w, https:\/\/www.iemn.fr\/wp-content\/uploads\/2018\/09\/sliders_form3-768x80.jpg 768w, https:\/\/www.iemn.fr\/wp-content\/uploads\/2018\/09\/sliders_form3-1030x107.jpg 1030w, https:\/\/www.iemn.fr\/wp-content\/uploads\/2018\/09\/sliders_form3-1500x156.jpg 1500w, https:\/\/www.iemn.fr\/wp-content\/uploads\/2018\/09\/sliders_form3-705x73.jpg 705w\" sizes=\"auto, (max-width: 2600px) 100vw, 2600px\" \/><ls-layer style=\"font-size:14px;text-align:left;font-style:normal;text-decoration:none;text-transform:none;font-weight:700;letter-spacing:0px;border-style:solid;border-color:#000;background-position:0% 0%;background-repeat:no-repeat;width:200px;height:30px;top:231px;line-height:32px;color:#ffffff;border-radius:6px 6px 6px 6px;padding-left:50px;background-color:rgba(0, 0, 0, 0.57);\" class=\"ls-l ls-ib-icon ls-text-layer\"><i class=\"fa fa-users\" style=\"color:#ffffff;margin-right:0.8em;font-size:1em;transform:translateY( -0.125em );\"><\/i>LA FORMATION<\/ls-layer><\/div><div class=\"ls-slide\" data-ls=\"duration:4000;transition2d:5;\"><img loading=\"lazy\" decoding=\"async\" width=\"2600\" height=\"270\" src=\"https:\/\/www.iemn.fr\/wp-content\/uploads\/2018\/09\/sliders_.form1_.jpg\" class=\"ls-bg\" alt=\"\" srcset=\"https:\/\/www.iemn.fr\/wp-content\/uploads\/2018\/09\/sliders_.form1_.jpg 2600w, https:\/\/www.iemn.fr\/wp-content\/uploads\/2018\/09\/sliders_.form1_-300x31.jpg 300w, https:\/\/www.iemn.fr\/wp-content\/uploads\/2018\/09\/sliders_.form1_-768x80.jpg 768w, https:\/\/www.iemn.fr\/wp-content\/uploads\/2018\/09\/sliders_.form1_-1030x107.jpg 1030w, https:\/\/www.iemn.fr\/wp-content\/uploads\/2018\/09\/sliders_.form1_-1500x156.jpg 1500w, https:\/\/www.iemn.fr\/wp-content\/uploads\/2018\/09\/sliders_.form1_-705x73.jpg 705w\" sizes=\"auto, (max-width: 2600px) 100vw, 2600px\" \/><ls-layer style=\"font-size:14px;text-align:left;font-style:normal;text-decoration:none;text-transform:none;font-weight:700;letter-spacing:0px;border-style:solid;border-color:#000;background-position:0% 0%;background-repeat:no-repeat;width:200px;height:30px;top:231px;line-height:32px;color:#ffffff;border-radius:6px 6px 6px 6px;padding-left:50px;background-color:rgba(0, 0, 0, 0.57);\" class=\"ls-l ls-ib-icon ls-text-layer\"><i class=\"fa fa-users\" style=\"color:#ffffff;margin-right:0.8em;font-size:1em;transform:translateY( -0.125em );\"><\/i>LA FORMATION<\/ls-layer><\/div><div class=\"ls-slide\" data-ls=\"duration:4000;transition2d:5;\"><img loading=\"lazy\" decoding=\"async\" width=\"2600\" height=\"270\" src=\"https:\/\/www.iemn.fr\/wp-content\/uploads\/2018\/09\/sliders_.form2_.jpg\" class=\"ls-bg\" alt=\"\" srcset=\"https:\/\/www.iemn.fr\/wp-content\/uploads\/2018\/09\/sliders_.form2_.jpg 2600w, https:\/\/www.iemn.fr\/wp-content\/uploads\/2018\/09\/sliders_.form2_-300x31.jpg 300w, https:\/\/www.iemn.fr\/wp-content\/uploads\/2018\/09\/sliders_.form2_-768x80.jpg 768w, https:\/\/www.iemn.fr\/wp-content\/uploads\/2018\/09\/sliders_.form2_-1030x107.jpg 1030w, https:\/\/www.iemn.fr\/wp-content\/uploads\/2018\/09\/sliders_.form2_-1500x156.jpg 1500w, https:\/\/www.iemn.fr\/wp-content\/uploads\/2018\/09\/sliders_.form2_-705x73.jpg 705w\" sizes=\"auto, (max-width: 2600px) 100vw, 2600px\" \/><ls-layer style=\"font-size:14px;text-align:left;font-style:normal;text-decoration:none;text-transform:none;font-weight:700;letter-spacing:0px;border-style:solid;border-color:#000;background-position:0% 0%;background-repeat:no-repeat;width:200px;height:30px;top:231px;line-height:32px;color:#ffffff;border-radius:6px 6px 6px 6px;padding-left:50px;background-color:rgba(0, 0, 0, 0.57);\" class=\"ls-l ls-ib-icon ls-text-layer\"><i class=\"fa fa-users\" style=\"color:#ffffff;margin-right:0.8em;font-size:1em;transform:translateY( -0.125em );\"><\/i>LA FORMATION<\/ls-layer><\/div><\/div><\/div><div id='after_layer_slider_1'  class='main_color av_default_container_wrap container_wrap sidebar_right'  ><div class='container av-section-cont-open' ><div class='template-page content  av-content-small alpha units'><div class='post-entry post-entry-type-page post-entry-16637'><div class='entry-content-wrapper clearfix'>\n\n<style type=\"text\/css\" data-created_by=\"avia_inline_auto\" id=\"style-css-av-vk3pdp-d50a2a250ceb3f2cf4989a0a519be86a\">\n#top .av-special-heading.av-vk3pdp-d50a2a250ceb3f2cf4989a0a519be86a{\npadding-bottom:10px;\n}\nbody .av-special-heading.av-vk3pdp-d50a2a250ceb3f2cf4989a0a519be86a .av-special-heading-tag .heading-char{\nfont-size:25px;\n}\n.av-special-heading.av-vk3pdp-d50a2a250ceb3f2cf4989a0a519be86a .av-subheading{\nfont-size:15px;\n}\n<\/style>\n<div  class='av-special-heading av-vk3pdp-d50a2a250ceb3f2cf4989a0a519be86a av-special-heading-h3  avia-builder-el-1  el_after_av_layerslider  el_before_av_hr  avia-builder-el-first'><h3 class='av-special-heading-tag'  itemprop=\"headline\"  >Master Networks and Telecommunications (MRT)<\/h3><div class=\"special-heading-border\"><div class=\"special-heading-inner-border\"><\/div><\/div><\/div>\n\n<style type=\"text\/css\" data-created_by=\"avia_inline_auto\" id=\"style-css-av-kr64da1d-cf02784c3d3c088dd080625e609da831\">\n#top .hr.hr-invisible.av-kr64da1d-cf02784c3d3c088dd080625e609da831{\nheight:10px;\n}\n<\/style>\n<div  class='hr av-kr64da1d-cf02784c3d3c088dd080625e609da831 hr-invisible  avia-builder-el-2  el_after_av_heading  el_before_av_one_full'><span class='hr-inner'><span class=\"hr-inner-style\"><\/span><\/span><\/div>\n\n<style type=\"text\/css\" data-created_by=\"avia_inline_auto\" id=\"style-css-av-kr63q1mp-a69cb34664a8caef8be956f440847635\">\n.flex_column.av-kr63q1mp-a69cb34664a8caef8be956f440847635{\nborder-width:1px;\nborder-color:#969696;\nborder-style:solid;\nborder-radius:15px 15px 15px 15px;\npadding:1px 5px 5px 20px;\nbackground-color:rgba(255,245,242,0.85);\n}\n<\/style>\n<div  class='flex_column av-kr63q1mp-a69cb34664a8caef8be956f440847635 av_one_full  avia-builder-el-3  el_after_av_hr  el_before_av_hr  first flex_column_div'     ><style type=\"text\/css\" data-created_by=\"avia_inline_auto\" id=\"style-css-av-kr63t3k8-d25c197359a002bc51556ce3deae31f1\">\n#top .av_textblock_section.av-kr63t3k8-d25c197359a002bc51556ce3deae31f1 .avia_textblock{\nfont-size:12px;\n}\n<\/style>\n<section  class='av_textblock_section av-kr63t3k8-d25c197359a002bc51556ce3deae31f1'   itemscope=\"itemscope\" itemtype=\"https:\/\/schema.org\/CreativeWork\" ><div class='avia_textblock'  itemprop=\"text\" ><p class=\"translation-block\">The <a href=\"https:\/\/www.google.com\/url?sa=t&amp;rct=j&amp;q=&amp;esrc=s&amp;source=web&amp;cd=&amp;cad=rja&amp;uact=8&amp;ved=2ahUKEwignaXXm-fxAhWxxIUKHd2VCKcQFnoECAMQAA&amp;url=httpmaster-mrt.univ-lille1.fr&amp;usg=AOvVaw05jZESH9zdIWVB8r234uSp\" target=\"_self\">Master Networks and Telecommunications<\/a>, backed by IEMN, offers <strong>two possible paths<\/strong> to train engineers specializing in communicating electronic systems (<a href=\"http:\/\/master-mrt.univ-lille1.fr\/parcours-systemes-communicants\" target=\"_self\">SYSCOM<\/a>) and telecommunications (<a href=\"http:\/\/master-mrt.univ-lille1.fr\/parcours-telecommunications\" target=\"_self\">TELECOM<\/a>). This qualifying course also develops an <strong>active pedagogy<\/strong> designed around projects, internships and seminars. The courses are structured in <strong>blocks of skills and knowledge<\/strong> defining the core of expertise in the sector of electronic systems of RF communications and fixed and mobile telecommunications.<\/p>\n<\/div><\/section><\/div>\n\n<style type=\"text\/css\" data-created_by=\"avia_inline_auto\" id=\"style-css-av-jidf6l-31c03fd75bc37772ea31d3c26446dc42\">\n#top .hr.hr-invisible.av-jidf6l-31c03fd75bc37772ea31d3c26446dc42{\nheight:20px;\n}\n<\/style>\n<div  class='hr av-jidf6l-31c03fd75bc37772ea31d3c26446dc42 hr-invisible  avia-builder-el-5  el_after_av_one_full  el_before_av_textblock'><span class='hr-inner'><span class=\"hr-inner-style\"><\/span><\/span><\/div>\n<section  class='av_textblock_section av-jilgs3ge-0688c48a70c7adf52101caa0c6148dac'   itemscope=\"itemscope\" itemtype=\"https:\/\/schema.org\/CreativeWork\" ><div class='avia_textblock'  itemprop=\"text\" ><p class=\"translation-block\"><span class=\"av_font_icon avia_animate_when_visible avia-icon-animate av-icon-style- av-no-color avia-icon-pos-left avia_start_animation avia_start_delayed_animation\"><span class=\"av-icon-char\" style=\"font-size:20px;line-height:20px\" aria-hidden=\"true\" data-av_icon=\"\ue832\" data-av_iconfont=\"entypo-fontello\"><\/span><\/span>Engineers <a href=\"http:\/\/master-mrt.univ-lille1.fr\/parcours-systemes-communicants\" target=\"_self\">SYSCOM<\/a> are experts in the <strong>design and<\/strong> <strong>high-frequency electronic characterisation<\/strong> (RF radio frequencies and microwaves) used in all current communication systems: IoT connected objects, bluetooth, WIFI, cellular telephony (4G, 5G), contactless identification (RF tag, RFID, NFC), ... The skills acquired during the course enable them to respond to developments in these applications and adapt to future technologies.<\/p>\n<p><strong>Blocks of skills and knowledge<a href=\"https:\/\/www.iemn.fr\/wp-content\/uploads\/2021\/10\/Sans-titre-2-celleules-associees-derniere-version-Master-RT-corr.png\"><img loading=\"lazy\" decoding=\"async\" class=\"wp-image-48123 alignright\" src=\"https:\/\/www.iemn.fr\/wp-content\/uploads\/2021\/10\/Sans-titre-2-celleules-associees-derniere-version-Master-RT-corr-300x175.png\" alt=\"\" width=\"420\" height=\"245\" srcset=\"https:\/\/www.iemn.fr\/wp-content\/uploads\/2021\/10\/Sans-titre-2-celleules-associees-derniere-version-Master-RT-corr-300x175.png 300w, https:\/\/www.iemn.fr\/wp-content\/uploads\/2021\/10\/Sans-titre-2-celleules-associees-derniere-version-Master-RT-corr-768x448.png 768w, https:\/\/www.iemn.fr\/wp-content\/uploads\/2021\/10\/Sans-titre-2-celleules-associees-derniere-version-Master-RT-corr-18x12.png 18w, https:\/\/www.iemn.fr\/wp-content\/uploads\/2021\/10\/Sans-titre-2-celleules-associees-derniere-version-Master-RT-corr-705x411.png 705w, https:\/\/www.iemn.fr\/wp-content\/uploads\/2021\/10\/Sans-titre-2-celleules-associees-derniere-version-Master-RT-corr.png 960w\" sizes=\"auto, (max-width: 420px) 100vw, 420px\" \/><\/a><\/strong><br \/>\n- Manage your personal, technical and scientific project<br \/>\n- Design communicating electronic circuits and systems<br \/>\n- Mastering CAD and characterization tools<br \/>\n- Mastering digital circuits and information processing<\/p>\n<p class=\"translation-block\"><span class=\"av_font_icon avia_animate_when_visible avia-icon-animate av-icon-style- av-no-color avia-icon-pos-left avia_start_animation avia_start_delayed_animation\"><span class=\"av-icon-char\" style=\"font-size: 20px;line-height:20px\" aria-hidden=\"true\" data-av_icon=\"\" data-av_iconfont=\"entypo-fontello\"><\/span><\/span>The engineers <a href=\"http:\/\/master-mrt. univ-lille1. fr\/parcours-telecommunications\" target=\"_self\">TELECOM<\/a> are experts in <strong>fixed<\/strong> (FTTH fiber optics, for example) and mobile (2G, 3G, 4G, 5G) telecommunication systems that carry both voice and data and enable increasingly varied services such as mobile telephony, high-speed internet connection, digital television or even object-to-object communications. The course trains executives to <strong>respond to the constant evolution of these services and the opening of new markets<\/strong> offering numerous opportunities for equipment manufacturers in the sector, operators as well as application providers.<\/p>\n<p><strong>Blocks of skills and knowledge<\/strong><br \/>\n- Manage your personal, technical and scientific project<br \/>\n- Designing a fixed and mobile operator network<br \/>\n- Analyze the performance of a fixed and mobile operator network<br \/>\n- Manage the roll-out of a fixed and mobile operator network<br \/>\n- Processing digital communications signals<\/p>\n<p class=\"translation-block\">See the <strong>department website<\/strong> for the RT Master's degree: <a href=\"https:\/\/master-electronique.univ-lille.fr\/\" target=\"_self\">here<\/a><\/p>\n<p class=\"translation-block\"><strong>Master's degree requirements<\/strong><br>\nThe training is accessible to any holder of a <a href=\"http:\/\/licence-eeea.univ-lille1.fr\/formation\/l3\" target=\"_blank\" rel=\"noopener\">Licence mention EEEA<\/a> (Electronics, Electrical Energy, Automatism) or a Bachelor's degree in Physics. This mention is attached to the EEA department (Electronics, Electrical Engineering and Automation) of the Faculty of Science and Technology (FST) of the University of Lille.<br>\nThe TELECOM course will be opened in double-diploma with the Polytechnic University of Cartagena (UPCT) in Spain from the start of the 2020 academic year. M1 students will spend their entire second semester abroad.<\/p>\n<p class=\"translation-block\">See <a href=\"https:\/\/www.iemn.fr\/en\/master2\/\" target=\"_self\">internship opportunities<\/a> online.<span style=\"color: #ffffff\">'<\/span><\/p>\n<h4>\n<style type=\"text\/css\" data-created_by=\"avia_inline_auto\" id=\"style-css-av-16z9nr1-8ce2af568b2318aaab1d9869d078ea05\">\n.av_font_icon.av-16z9nr1-8ce2af568b2318aaab1d9869d078ea05{\ncolor:#bbcfe8;\nborder-color:#bbcfe8;\n}\n.av_font_icon.av-16z9nr1-8ce2af568b2318aaab1d9869d078ea05 .av-icon-char{\nfont-size:25px;\nline-height:25px;\n}\n<\/style>\n<span  class='av_font_icon av-16z9nr1-8ce2af568b2318aaab1d9869d078ea05 avia_animate_when_visible av-icon-style- avia-icon-pos-left avia-icon-animate'><span class='av-icon-char' aria-hidden='true' data-av_icon='\ue837' data-av_iconfont='entypo-fontello' ><\/span><\/span>To be noted<a class=\"lightbox-added alignright\" href=\"https:\/\/www.iemn.fr\/wp-content\/uploads\/2018\/04\/master_reseaux_et_telecommunications_mrt.gif\"><img loading=\"lazy\" decoding=\"async\" class=\"wp-image-15772 alignright\" src=\"https:\/\/www.iemn.fr\/wp-content\/uploads\/2018\/04\/master_reseaux_et_telecommunications_mrt.gif\" alt=\"\" width=\"492\" height=\"190\" \/><\/a><\/h4>\n<ul>\n<li>The Master's program is co-accredited with Centrale Lille for the M2 program on both tracks.<\/li>\n<li>It has an agreement with the Institut Sup\u00e9rieur de l'\u00c9lectronique et du Num\u00e9rique (Junia ISEN) to host final year students.<\/li>\n<li>This Master's degree can be prepared in alternating years either under an apprenticeship contract or a professionalization contract from the first year. The alternating rhythm of the student employee is then 1 week of training at the University and 1 week of training in the company.<\/li>\n<li class=\"translation-block\">Finally, the master's degree is labeled by the <a href=\"http:\/\/reseau-figure.fr\/\" target=\"_self\" rel=\"noopener\">FiGuRe network<\/a><strong>*<\/strong> (Engineering Education by Research Universities) and can therefore be carried out as part of the <a href=\"http:\/\/reseau-figure.fr\/quest-ce-que-le-cmi\/\" target=\"_self\" rel=\"noopener\">Cursus Master en Ing\u00e9nierie<\/a> (CMI). The <a href=\"http:\/\/cursus-master-ingenierie.univ-lille.fr\/\" target=\"_self\" rel=\"noopener\">CMI<\/a> is a coherent 5-year university program, backed by an existing Bachelor's and Master's degree, reinforced by additional teaching units. Thus, selected students take additional courses from the first year of the Bachelor's degree. Students enrolled in the CMI since the first year of the Bachelor's degree <a href=\"http:\/\/licence-eeea.univ-lille1.fr\/formation\/l1-sesi\" target=\"_self\">SESI<\/a> (Exact Sciences and Engineering Sciences) follow the RT Master's courses in one of the two tracks.<\/li>\n<\/ul>\n<p><em>*It is a group of universities providing excellent training in the sciences and humanities in bachelor's and master's degrees in engineering, materials science, computer science, EEA, mechanics, biology-health and biotechnologies.<\/em><\/p>\n<p>Responsable du r\u00e9seau FiGuRe : arnaud.gauthier<img loading=\"lazy\" decoding=\"async\" class=\"align=absbottom wp-image-73335 size-full\" src=\"https:\/\/www.iemn.fr\/wp-content\/uploads\/2025\/05\/arobase6.png\" alt=\"\" width=\"16\" height=\"14\" srcset=\"https:\/\/www.iemn.fr\/wp-content\/uploads\/2025\/05\/arobase6.png 16w, https:\/\/www.iemn.fr\/wp-content\/uploads\/2025\/05\/arobase6-14x12.png 14w\" sizes=\"auto, (max-width: 16px) 100vw, 16px\" \/>univ-lille.fr<\/p>\n<h4><\/h4>\n<blockquote>\n<p><strong> Pedagogical Secretariat<\/strong><br \/>\nLisa Poupart +33 (0)3 20 33 60 40 lisa.poupart<img loading=\"lazy\" decoding=\"async\" class=\"align=absbottom wp-image-73335 size-full\" src=\"https:\/\/www.iemn.fr\/wp-content\/uploads\/2025\/05\/arobase6.png\" alt=\"\" width=\"16\" height=\"14\" srcset=\"https:\/\/www.iemn.fr\/wp-content\/uploads\/2025\/05\/arobase6.png 16w, https:\/\/www.iemn.fr\/wp-content\/uploads\/2025\/05\/arobase6-14x12.png 14w\" sizes=\"auto, (max-width: 16px) 100vw, 16px\" \/>univ-lille.fr<\/p>\n<p><strong>Coordinators and Directors<\/strong><br \/>\nResponsable de la mention : Davy Gaillot davy.gaillot<img loading=\"lazy\" decoding=\"async\" class=\"align=absbottom wp-image-73335 size-full\" src=\"https:\/\/www.iemn.fr\/wp-content\/uploads\/2025\/05\/arobase6.png\" alt=\"\" width=\"16\" height=\"14\" srcset=\"https:\/\/www.iemn.fr\/wp-content\/uploads\/2025\/05\/arobase6.png 16w, https:\/\/www.iemn.fr\/wp-content\/uploads\/2025\/05\/arobase6-14x12.png 14w\" sizes=\"auto, (max-width: 16px) 100vw, 16px\" \/>univ-lille.fr<\/p>\n<p>Responsible for the <strong>Master 1 :<\/strong>\u00a0 Laurence Picheta : laurence.picheta<img loading=\"lazy\" decoding=\"async\" class=\"align=absbottom wp-image-73335 size-full\" src=\"https:\/\/www.iemn.fr\/wp-content\/uploads\/2025\/05\/arobase6.png\" alt=\"\" width=\"16\" height=\"14\" srcset=\"https:\/\/www.iemn.fr\/wp-content\/uploads\/2025\/05\/arobase6.png 16w, https:\/\/www.iemn.fr\/wp-content\/uploads\/2025\/05\/arobase6-14x12.png 14w\" sizes=\"auto, (max-width: 16px) 100vw, 16px\" \/>univ-lille.fr<\/p>\n<p>Responsibles for the <strong>Master 2 :<\/strong><\/p>\n<ul>\n<li>Parcours TELECOM : Philippe Mariage philippe.mariage<img loading=\"lazy\" decoding=\"async\" class=\"align=absbottom wp-image-73335 size-full\" src=\"https:\/\/www.iemn.fr\/wp-content\/uploads\/2025\/05\/arobase6.png\" alt=\"\" width=\"16\" height=\"14\" srcset=\"https:\/\/www.iemn.fr\/wp-content\/uploads\/2025\/05\/arobase6.png 16w, https:\/\/www.iemn.fr\/wp-content\/uploads\/2025\/05\/arobase6-14x12.png 14w\" sizes=\"auto, (max-width: 16px) 100vw, 16px\" \/>univ-lille.fr<\/li>\n<li>Parcours SYSCOM : Luc Dubois luc.dubois<img loading=\"lazy\" decoding=\"async\" class=\"align=absbottom wp-image-73335 size-full\" src=\"https:\/\/www.iemn.fr\/wp-content\/uploads\/2025\/05\/arobase6.png\" alt=\"\" width=\"16\" height=\"14\" srcset=\"https:\/\/www.iemn.fr\/wp-content\/uploads\/2025\/05\/arobase6.png 16w, https:\/\/www.iemn.fr\/wp-content\/uploads\/2025\/05\/arobase6-14x12.png 14w\" sizes=\"auto, (max-width: 16px) 100vw, 16px\" \/>univ-lille.fr<\/li>\n<\/ul>\n<\/blockquote>\n<\/div><\/section>\n\n<style type=\"text\/css\" data-created_by=\"avia_inline_auto\" id=\"style-css-av-2172r4t-f00c6343585c0e0c9cb7e37c628c6941\">\n.flex_column.av-2172r4t-f00c6343585c0e0c9cb7e37c628c6941{\nborder-radius:0px 0px 0px 0px;\npadding:0px 0px 0px 0px;\n}\n<\/style>\n<div  class='flex_column av-2172r4t-f00c6343585c0e0c9cb7e37c628c6941 av_one_fourth  avia-builder-el-10  el_after_av_textblock  el_before_av_one_fourth  first flex_column_div av-zero-column-padding  column-top-margin'     ><section  class='av_textblock_section av-k94gxate-0cbf13fa5b1602350262802701522eb6'   itemscope=\"itemscope\" itemtype=\"https:\/\/schema.org\/CreativeWork\" ><div class='avia_textblock'  itemprop=\"text\" ><p><a href=\"https:\/\/www.iemn.fr\/wp-content\/uploads\/2018\/05\/logo_iemn70.png\"><img loading=\"lazy\" decoding=\"async\" class=\"alignnone size-full wp-image-17346\" src=\"https:\/\/www.iemn.fr\/wp-content\/uploads\/2018\/05\/logo_iemn70.png\" alt=\"\" width=\"136\" height=\"70\" \/><\/a><\/p>\n<\/div><\/section><\/div>\n\n<style type=\"text\/css\" data-created_by=\"avia_inline_auto\" id=\"style-css-av-1jzy35p-152c2e17afe0b28b8ca12123ad5b5e51\">\n.flex_column.av-1jzy35p-152c2e17afe0b28b8ca12123ad5b5e51{\nborder-radius:0px 0px 0px 0px;\npadding:0px 0px 0px 0px;\n}\n<\/style>\n<div  class='flex_column av-1jzy35p-152c2e17afe0b28b8ca12123ad5b5e51 av_one_fourth  avia-builder-el-12  el_after_av_one_fourth  el_before_av_one_fourth  flex_column_div av-zero-column-padding  column-top-margin'     ><section  class='av_textblock_section av-k94gxrjp-6d9d310cb87b5b22612570d54f512284'   itemscope=\"itemscope\" itemtype=\"https:\/\/schema.org\/CreativeWork\" ><div class='avia_textblock'  itemprop=\"text\" ><p><a href=\"https:\/\/www.iemn.fr\/wp-content\/uploads\/2018\/05\/logo_univlille_trs150.png\"><img loading=\"lazy\" decoding=\"async\" class=\"alignnone size-full wp-image-17807\" src=\"https:\/\/www.iemn.fr\/wp-content\/uploads\/2018\/05\/logo_univlille_trs150.png\" alt=\"\" width=\"228\" height=\"70\" \/><\/a><\/p>\n<\/div><\/section><\/div>\n\n<style type=\"text\/css\" data-created_by=\"avia_inline_auto\" id=\"style-css-av-10n8n25-35ea3e5b5071843c621f843b4dd68aa7\">\n.flex_column.av-10n8n25-35ea3e5b5071843c621f843b4dd68aa7{\nborder-radius:0px 0px 0px 0px;\npadding:0px 0px 0px 0px;\n}\n<\/style>\n<div  class='flex_column av-10n8n25-35ea3e5b5071843c621f843b4dd68aa7 av_one_fourth  avia-builder-el-14  el_after_av_one_fourth  el_before_av_one_fourth  flex_column_div av-zero-column-padding  column-top-margin'     ><section  class='av_textblock_section av-k94gyp8k-7d4c2d15e265e16290b4952a8ef9cb35'   itemscope=\"itemscope\" itemtype=\"https:\/\/schema.org\/CreativeWork\" ><div class='avia_textblock'  itemprop=\"text\" ><p><a href=\"https:\/\/www.iemn.fr\/wp-content\/uploads\/2018\/05\/logo_centralelille_70.png\"><img loading=\"lazy\" decoding=\"async\" class=\"alignnone size-full wp-image-17322\" src=\"https:\/\/www.iemn.fr\/wp-content\/uploads\/2018\/05\/logo_centralelille_70.png\" alt=\"\" width=\"235\" height=\"70\" \/><\/a><\/p>\n<\/div><\/section><\/div>\n\n<style type=\"text\/css\" data-created_by=\"avia_inline_auto\" id=\"style-css-av-tmsukd-f2974851b928e8e25fd43a3ec288032d\">\n.flex_column.av-tmsukd-f2974851b928e8e25fd43a3ec288032d{\nborder-radius:0px 0px 0px 0px;\npadding:0px 0px 0px 0px;\n}\n<\/style>\n<div  class='flex_column av-tmsukd-f2974851b928e8e25fd43a3ec288032d av_one_fourth  avia-builder-el-16  el_after_av_one_fourth  avia-builder-el-last  flex_column_div av-zero-column-padding  column-top-margin'     ><section  class='av_textblock_section av-k94gz1jg-42246123c68c048b3523d2641d20385c'   itemscope=\"itemscope\" itemtype=\"https:\/\/schema.org\/CreativeWork\" ><div class='avia_textblock'  itemprop=\"text\" ><p><a href=\"https:\/\/www.iemn.fr\/wp-content\/uploads\/2020\/10\/logo_junia.jpg\"><img loading=\"lazy\" decoding=\"async\" class=\"alignnone wp-image-42767 size-full\" src=\"https:\/\/www.iemn.fr\/wp-content\/uploads\/2020\/10\/logo_junia.jpg\" alt=\"\" width=\"200\" height=\"59\" srcset=\"https:\/\/www.iemn.fr\/wp-content\/uploads\/2020\/10\/logo_junia.jpg 200w, https:\/\/www.iemn.fr\/wp-content\/uploads\/2020\/10\/logo_junia-16x5.jpg 16w\" sizes=\"auto, (max-width: 200px) 100vw, 200px\" \/><\/a><\/p>\n<\/div><\/section><\/div>","protected":false},"excerpt":{"rendered":"","protected":false},"author":2,"featured_media":0,"parent":63,"menu_order":5,"comment_status":"closed","ping_status":"closed","template":"","meta":{"footnotes":""},"class_list":["post-16637","page","type-page","status-publish","hentry"],"_links":{"self":[{"href":"https:\/\/www.iemn.fr\/en\/wp-json\/wp\/v2\/pages\/16637","targetHints":{"allow":["GET"]}}],"collection":[{"href":"https:\/\/www.iemn.fr\/en\/wp-json\/wp\/v2\/pages"}],"about":[{"href":"https:\/\/www.iemn.fr\/en\/wp-json\/wp\/v2\/types\/page"}],"author":[{"embeddable":true,"href":"https:\/\/www.iemn.fr\/en\/wp-json\/wp\/v2\/users\/2"}],"replies":[{"embeddable":true,"href":"https:\/\/www.iemn.fr\/en\/wp-json\/wp\/v2\/comments?post=16637"}],"version-history":[{"count":2,"href":"https:\/\/www.iemn.fr\/en\/wp-json\/wp\/v2\/pages\/16637\/revisions"}],"predecessor-version":[{"id":73641,"href":"https:\/\/www.iemn.fr\/en\/wp-json\/wp\/v2\/pages\/16637\/revisions\/73641"}],"up":[{"embeddable":true,"href":"https:\/\/www.iemn.fr\/en\/wp-json\/wp\/v2\/pages\/63"}],"wp:attachment":[{"href":"https:\/\/www.iemn.fr\/en\/wp-json\/wp\/v2\/media?parent=16637"}],"curies":[{"name":"wp","href":"https:\/\/api.w.org\/{rel}","templated":true}]}}