{"id":1477,"date":"2012-07-09T10:48:47","date_gmt":"2012-07-09T08:48:47","guid":{"rendered":"https:\/\/www.iemn.fr\/?page_id=1477"},"modified":"2012-07-09T10:48:47","modified_gmt":"2012-07-09T08:48:47","slug":"limms","status":"publish","type":"page","link":"https:\/\/www.iemn.fr\/en\/international-collaborations\/limms","title":{"rendered":"LIMMS"},"content":{"rendered":"<h2>LIMMS and CIRMM<\/h2>\n<p>Two initiatives for the promotion of International Research on Micro and Nano technologies between France and Japan have been established by the Institute of\u00a0 Industrial Science (IIS) of the University of Tokyo and CNRS. In a first stage, IIS and CNRS have decided to establish a joint laboratory in Tokyo in 1995 : the Laboratory for Integrated\u00a0 MicroMechatronic Systems (LIMMS\/CNRS-IIS). Based on this first successful experience on collaborative research, IIS and CNRS have extended their collaboration by the creation in CIRMM-CNRS in 2000 (Center for International Research on Micromechatronics). In these two collaborations supported by the INSIS institute ST2I department of CNRS, the IEMN has intensive actions and a crucial role.<br \/>\nThe LIMMS, fully operational since January 1995, hosts researchers and post-doc fellows in IIS where they perform highest level research together with their Japanese colleagues by exploring the frontiers of micro and nano systems and their application in biology, communication systems, optics, and instrumentation.<br \/>\nSince 1995, LIMMS has already hosted 2520 permanent researchers and 540 post doc fellows for 2-4 years stay duration, most of these researchers come from CNRS laboratories. As a recognition of this more than 10 years long successful collaboration, the LIMMS has become, in June 2004, the first international research unit of CNRS in Asia. Vincent AGACHE (2004-2005) and Olivier DUCLOUX (2008-2009) have been in LIMMS as postdoctoral fellows. Dominique COLLARD, DR CNRS has joined again LIMMS in August 2005 in order to develop techniques for successful manipulation of maipulating single molecules and nanowires using micro and nano-tweezers produced by etching in silicon micromachining. From Sept 2007, D. Collard is LIMMS director and the laboratory has been renewed for a new 4 years term until March 2012.<br \/>\nThe second collaboration, CIRMM-CNRS has two goals. The first is to host Japanese researchers in CNRS Laboratories in France to perform Research Topics on Micro-Nano Systems. This represents a mirror activity of LIMMS and permits to extend collaborations initiated in Japan. Six Japanese researchers have been hosted in this initiative. The second goal is to maintain\/initiate a networking activity to initialize and organize collaboration with other European countries with a view of establishing European Community Projects.<br \/>\nThis activity led in creating the Group of International Research GDRI-NANO and Microsystems \u201cNAMIS\u201d in November 2005.<br \/>\nThis network groups together the CNRS laboratories with the \u00c9cole Polytechnique F\u00e9d\u00e9rale de Lausanne (Switzerland), the University of Freiburg (IMTEK)\u00a0 (Germany), the University of Tokyo (Japan), the National University of Seoul (South Korea) and VTT (Finland). This GDRI is directed by Alain BOSSEBOEUF (DR CNRS, IEF-Orsay).<\/p>","protected":false},"excerpt":{"rendered":"<p>LIMMS and CIRMM Two initiatives for the promotion of International Research on Micro and Nano technologies between France and Japan have been established by the Institute of\u00a0 Industrial Science (IIS) of the University of Tokyo and CNRS. In a first stage, IIS and CNRS have decided to establish a joint laboratory in Tokyo in 1995 [&hellip;]<\/p>","protected":false},"author":2,"featured_media":0,"parent":832,"menu_order":0,"comment_status":"closed","ping_status":"open","template":"","meta":{"footnotes":""},"class_list":["post-1477","page","type-page","status-publish","hentry"],"_links":{"self":[{"href":"https:\/\/www.iemn.fr\/en\/wp-json\/wp\/v2\/pages\/1477","targetHints":{"allow":["GET"]}}],"collection":[{"href":"https:\/\/www.iemn.fr\/en\/wp-json\/wp\/v2\/pages"}],"about":[{"href":"https:\/\/www.iemn.fr\/en\/wp-json\/wp\/v2\/types\/page"}],"author":[{"embeddable":true,"href":"https:\/\/www.iemn.fr\/en\/wp-json\/wp\/v2\/users\/2"}],"replies":[{"embeddable":true,"href":"https:\/\/www.iemn.fr\/en\/wp-json\/wp\/v2\/comments?post=1477"}],"version-history":[{"count":0,"href":"https:\/\/www.iemn.fr\/en\/wp-json\/wp\/v2\/pages\/1477\/revisions"}],"up":[{"embeddable":true,"href":"https:\/\/www.iemn.fr\/en\/wp-json\/wp\/v2\/pages\/832"}],"wp:attachment":[{"href":"https:\/\/www.iemn.fr\/en\/wp-json\/wp\/v2\/media?parent=1477"}],"curies":[{"name":"wp","href":"https:\/\/api.w.org\/{rel}","templated":true}]}}