{"id":1463,"date":"2012-07-09T10:37:40","date_gmt":"2012-07-09T08:37:40","guid":{"rendered":"https:\/\/www.iemn.fr\/?page_id=1463"},"modified":"2012-07-09T10:37:40","modified_gmt":"2012-07-09T08:37:40","slug":"lia-mateo","status":"publish","type":"page","link":"https:\/\/www.iemn.fr\/en\/international-collaborations\/lia-mateo","title":{"rendered":"LIA MATEO"},"content":{"rendered":"<h2>Franco-American International Associated Laboratory (LIA) \"Materials and Optics\" (MATEO) and the Partner University Fund (PUF)<\/h2>\n<p class=\"translation-block\">The <strong>LIA MATEO<\/strong> \"Materials and Optics\" is a Franco-American International Associated Laboratory funded by the CNRS. Created on 1<sup>er<\/sup> January 2009, this LIA brings together, on the French side, the Glass and Ceramics research team of UMR 6226 (Rennes 1-CNRS) Chemical Sciences of Rennes, members of the Acoustics Axis (Acoustics and AIMAN group) of the Institute of Electronics, Microelectronics and Nanotechnology (IEMN), and the University of Arizona in Tucson, on the American side. Its joint research project focuses on advanced materials for energy, optics and acoustics. The French side is led by Jean-Luc Adam, deputy director of the UMR Sciences Chimiques de Rennes, and the American side is led by Pierre Lucas, associate professor in the Department of Materials Science and Engineering at the University of Arizona. IEMN is represented on the LIA Steering Committee by J\u00e9r\u00f4me Vasseur, member of the IEMN Acoustics group. The joint research activities of the IEMN and the University of Arizona carried out within the LIA are mainly focused on phononic crystals.<\/p>\n<p class=\"translation-block\">Since January 1<sup>er<\/sup>, 2012, the LIA's research activities benefit, for a period of 3 years, from the support of the <strong>PUF \"Partner University Fund\"<\/strong> which aims to promote scientific exchanges between French and American researchers as well as the incoming and outgoing mobility of French and American students. The PUF also aims to develop joint training (joint masters, thesis co-tutelle ...) between French doctoral schools and American Graduate schools. It is in this context that a thesis on magnetoelastic nonlinear phononic crystals (co-direction J. Vasseur and O. Bou-Matar (IEMN), P. Deymier (U. of Arizona)) started in October 2011.<\/p>\n<p class=\"translation-block\">In addition, this close and fruitful scientific collaboration between French and American teams benefits from the <strong>label of excellence<\/strong> for Franco-American university cooperation <strong>Univ-Link<\/strong>, awarded for the first time in 2011, by the French Ministry for Higher Education and Research.<\/p>\n<p>&nbsp;<\/p>\n<blockquote><p><strong>Contact:<\/strong> <a href=\"http:\/\/intranet.iemn.univ-lille1.fr\/AnnuInternet\/;view_item?num=1973\" target=\"_blank\">Dimitris PAVLIDIS<\/a>, <em>Directeur des relations internationales<\/em><\/p><\/blockquote>","protected":false},"excerpt":{"rendered":"<p>Laboratoire International Associ\u00e9 (LIA) franco-am\u00e9ricain \u00ab Materials and Optics \u00bb (MATEO) et le Partner University Fund (PUF) Le LIA\u00a0 MATEO \u00ab\u00a0Materials and Optics\u00a0\u00bb est un Laboratoire International Associ\u00e9 franco-am\u00e9ricain financ\u00e9 par le CNRS. Cr\u00e9\u00e9 le 1er janvier 2009, ce LIA regroupe, c\u00f4t\u00e9 fran\u00e7ais, l&rsquo;\u00e9quipe de recherche Verres et C\u00e9ramiques de l&rsquo;UMR 6226 (Rennes 1-CNRS) Sciences [&hellip;]<\/p>","protected":false},"author":2,"featured_media":0,"parent":832,"menu_order":0,"comment_status":"closed","ping_status":"closed","template":"","meta":{"footnotes":""},"class_list":["post-1463","page","type-page","status-publish","hentry"],"_links":{"self":[{"href":"https:\/\/www.iemn.fr\/en\/wp-json\/wp\/v2\/pages\/1463","targetHints":{"allow":["GET"]}}],"collection":[{"href":"https:\/\/www.iemn.fr\/en\/wp-json\/wp\/v2\/pages"}],"about":[{"href":"https:\/\/www.iemn.fr\/en\/wp-json\/wp\/v2\/types\/page"}],"author":[{"embeddable":true,"href":"https:\/\/www.iemn.fr\/en\/wp-json\/wp\/v2\/users\/2"}],"replies":[{"embeddable":true,"href":"https:\/\/www.iemn.fr\/en\/wp-json\/wp\/v2\/comments?post=1463"}],"version-history":[{"count":0,"href":"https:\/\/www.iemn.fr\/en\/wp-json\/wp\/v2\/pages\/1463\/revisions"}],"up":[{"embeddable":true,"href":"https:\/\/www.iemn.fr\/en\/wp-json\/wp\/v2\/pages\/832"}],"wp:attachment":[{"href":"https:\/\/www.iemn.fr\/en\/wp-json\/wp\/v2\/media?parent=1463"}],"curies":[{"name":"wp","href":"https:\/\/api.w.org\/{rel}","templated":true}]}}