{"id":139,"date":"2012-03-16T16:49:39","date_gmt":"2012-03-16T14:49:39","guid":{"rendered":"https:\/\/www.iemn.fr\/?page_id=139"},"modified":"2019-01-22T12:34:31","modified_gmt":"2019-01-22T10:34:31","slug":"principales-collaborations-internationales","status":"publish","type":"page","link":"https:\/\/www.iemn.fr\/en\/les-collaborations\/principales-collaborations-internationales","title":{"rendered":"Main international collaborations"},"content":{"rendered":"<div id='layer_slider_1'  class='avia-layerslider main_color avia-shadow  avia-builder-el-0  el_before_av_textblock  avia-builder-el-first  container_wrap sidebar_right'  style='height: 261px;'  ><div id=\"layerslider_56_7w6dqqtz44ss\" data-ls-slug=\"homepageslider\" class=\"ls-wp-container fitvidsignore ls-selectable\" style=\"width:1140px;height:260px;margin:0 auto;margin-bottom: 0px;\"><div class=\"ls-slide\" data-ls=\"duration:6000;transition2d:5;\"><img loading=\"lazy\" decoding=\"async\" width=\"2600\" height=\"270\" src=\"https:\/\/www.iemn.fr\/wp-content\/uploads\/2019\/01\/sliders_collab2.jpg\" class=\"ls-bg\" alt=\"\" srcset=\"https:\/\/www.iemn.fr\/wp-content\/uploads\/2019\/01\/sliders_collab2.jpg 2600w, https:\/\/www.iemn.fr\/wp-content\/uploads\/2019\/01\/sliders_collab2-300x31.jpg 300w, https:\/\/www.iemn.fr\/wp-content\/uploads\/2019\/01\/sliders_collab2-768x80.jpg 768w, https:\/\/www.iemn.fr\/wp-content\/uploads\/2019\/01\/sliders_collab2-1030x107.jpg 1030w, https:\/\/www.iemn.fr\/wp-content\/uploads\/2019\/01\/sliders_collab2-1500x156.jpg 1500w, https:\/\/www.iemn.fr\/wp-content\/uploads\/2019\/01\/sliders_collab2-705x73.jpg 705w\" sizes=\"auto, (max-width: 2600px) 100vw, 2600px\" \/><ls-layer style=\"font-size:14px;text-align:left;font-style:normal;text-decoration:none;text-transform:none;font-weight:700;letter-spacing:0px;border-style:solid;border-color:#000;background-position:0% 0%;background-repeat:no-repeat;width:300px;height:30px;left:0px;top:231px;line-height:32px;color:#ffffff;border-radius:6px 6px 6px 6px;padding-left:50px;background-color:rgba(0, 0, 0, 0.57);\" class=\"ls-l ls-ib-icon ls-text-layer\"><i class=\"fa fa-address-book-o\" style=\"color:#ffffff;margin-right:0.8em;font-size:1.45em;transform:translateY( 0.025em );\"><\/i>PARTENARIAT - VALORISATION<\/ls-layer><\/div><div class=\"ls-slide\" data-ls=\"duration:4000;transition2d:5;\"><img loading=\"lazy\" decoding=\"async\" width=\"2600\" height=\"270\" src=\"https:\/\/www.iemn.fr\/wp-content\/uploads\/2019\/01\/sliders_collab1.jpg\" class=\"ls-bg\" alt=\"\" srcset=\"https:\/\/www.iemn.fr\/wp-content\/uploads\/2019\/01\/sliders_collab1.jpg 2600w, https:\/\/www.iemn.fr\/wp-content\/uploads\/2019\/01\/sliders_collab1-300x31.jpg 300w, https:\/\/www.iemn.fr\/wp-content\/uploads\/2019\/01\/sliders_collab1-768x80.jpg 768w, https:\/\/www.iemn.fr\/wp-content\/uploads\/2019\/01\/sliders_collab1-1030x107.jpg 1030w, https:\/\/www.iemn.fr\/wp-content\/uploads\/2019\/01\/sliders_collab1-1500x156.jpg 1500w, https:\/\/www.iemn.fr\/wp-content\/uploads\/2019\/01\/sliders_collab1-705x73.jpg 705w\" sizes=\"auto, (max-width: 2600px) 100vw, 2600px\" \/><ls-layer style=\"font-size:14px;text-align:left;font-style:normal;text-decoration:none;text-transform:none;font-weight:700;letter-spacing:0px;border-style:solid;border-color:#000;background-position:0% 0%;background-repeat:no-repeat;width:300px;height:30px;left:0px;top:231px;line-height:32px;color:#ffffff;border-radius:6px 6px 6px 6px;padding-left:50px;background-color:rgba(0, 0, 0, 0.57);\" class=\"ls-l ls-ib-icon ls-text-layer\"><i class=\"fa fa-address-book-o\" style=\"color:#ffffff;margin-right:0.8em;font-size:1.45em;transform:translateY( 0.025em );\"><\/i>PARTENARIAT - VALORISATION<\/ls-layer><\/div><\/div><\/div><div id='after_layer_slider_1'  class='main_color av_default_container_wrap container_wrap sidebar_right'  ><div class='container av-section-cont-open' ><div class='template-page content  av-content-small alpha units'><div class='post-entry post-entry-type-page post-entry-139'><div class='entry-content-wrapper clearfix'>\n<section  class='av_textblock_section av-av_textblock-445188a952fb265869ea404d0e52fad7'   itemscope=\"itemscope\" itemtype=\"https:\/\/schema.org\/CreativeWork\" ><div class='avia_textblock'  itemprop=\"text\" ><h1>Main international collaborations<\/h1>\n<p>\u00a0<\/p>\n<p><a href=\"https:\/\/www.iemn.fr\/wp-content\/uploads\/2013\/07\/carte_relations_internationales.jpg\"><img loading=\"lazy\" decoding=\"async\" class=\"wp-image-4107 alignnone\" title=\"Print\" src=\"https:\/\/www.iemn.fr\/wp-content\/uploads\/2013\/07\/carte_relations_internationales.jpg\" alt=\"\" width=\"920\" height=\"331\"><\/a><\/p>\n<p>\u00a0\n<\/p>\n<p style=\"padding-left: 30px;\"><span style=\"color: #800000;\"><strong>Africa<\/strong><\/span><br \/>\n- IEMN - Algerian universities (Univ Blida, S\u00e9tif, Tlemcen) and research centres (CDTA, UDES)<\/p>\n<p style=\"padding-left: 30px;\"><span style=\"color: #800000;\"><strong>China<\/strong><\/span><br \/>\n- IEMN\/ CNRS - SICCAS - East China central University (ECNU).<\/p>\n<p style=\"padding-left: 30px;\"><span style=\"color: #800000;\"><strong>Europe<\/strong><\/span><br \/>\n- European Campus Northern France (ECNF) : International research and teaching activities : IEMN\/CNRS, University of Lille1, \u00c9cole Centrale de Lille, Universit\u00e9 of Valenciennes and Hainaut Cambr\u00e9sis (UVHC), and Institut Sup\u00e9rieur d'Electronique du Nord (ISEN)<\/p>\n<p style=\"padding-left: 30px;\"><span style=\"color: #800000;\"><strong>Indonesia<\/strong><\/span><br \/>\n- IEMN- Universitas Indonesia: GaN\/silicon technology<\/p>\n<p style=\"padding-left: 30px;\"><span style=\"color: #800000;\"><strong>Japan<\/strong><\/span><br \/>\n- Institute of Industrial Science (IIS) - University of Tokyo &amp; CNRS: Micro and Nano technologies:<br \/>\n- Laboratory for Integrated MicroMechatronic Systems (LIMMS)<br \/>\n- Center for International Research on Micromechatronics (CIRMM)<br \/>\n- CNRS, IIS - University of Tokyo, Lille I - University and Centre Oscar Lambret: LIMMS mirror structure on Cancer Research<\/p>\n<p style=\"padding-left: 30px;\"><span style=\"color: #800000;\"><strong>Korea<\/strong><\/span><br \/>\n- Korean Advanced Institute of Science and Technology (KAIST) - IEMN: GaN nano-structuring and optical properties.<\/p>\n<p style=\"padding-left: 30px;\"><span style=\"color: #800000;\"><strong>Russia &amp; Ukraine<\/strong><\/span><br \/>\n- International Laboratory on \"Nonlinear Magneto-Acoustics of condensed matter\" (<span style=\"color: #0000ff;\">LIA LEMAC<\/span>)<br \/>\n- International Laboratory on \"Critical and Supercritical phenomena in Functional Electronics, Acoustics and Fluidics\". <a title=\"LICS\" href=\"https:\/\/www.iemn.fr\/en\/les-collaborations\/lics-lemac\/\">(<span style=\"color: #0000ff;\">LIA LICS<\/span>)<\/a>.<\/p>\n<p style=\"padding-left: 30px;\"><span style=\"color: #800000;\"><strong>Saudi Arabia<\/strong><\/span><br \/>\n- IEMN - King Abdullah University of Science and Technology (KAUST): ZnO and Nanowire - based Quantum Dots Solar cells<\/p>\n<p style=\"padding-left: 30px;\"><span style=\"color: #800000;\"><strong>Singapore<\/strong><\/span><br \/>\n- IEMN -THALES - Nanyang University of Technology (NTU): optoelectronics and nanoelectronics.<br \/>\n- CNRS International NTU THALES Research Alliance (UMI 3288 -CINTRA).<br \/>\n- Nanoantennas, carbon nanotubes and nanostructured surfaces, diluted nitrides<br \/>\n- Institute of Materials Research and Engineering (IMRE) - InN and InGaN\/GaN heterostructures and THz<\/p>\n<p style=\"padding-left: 30px;\"><span style=\"color: #800000;\"><strong>USA<\/strong><\/span><br \/>\n- Joint Programs and Partnerships: Georgia Institute of Technology, University of Michigan, University of Illinois in Urbana Champaign, Imperial College, U.K., Technische Universit\u00e4t Darmstadt, Germany and the University of California, Irvine.<br \/>\n- International Associated Laboratory (LIA) MATEO \"Material and Optics\": IEMN- UMR Chemistry Sciences (University of Rennes I) - University of Arizona, Tucson: new materials for optics and acoustics.<br \/>\n- Fund for the Improvement of Postsecondary Education (FIPSE) - US Department of Education and EU Directorate General for Education and Culture (DG EAC)<br \/>\n- Atlantis: \"EC-US Graduate Curriculum on Electronic Devices and Micro-Electro-Mechanical Systems for Biological\/Biomedical Applications\".<br \/>\n- Atlantis: Transatlantic Dual Degree and Research Programs in Micro and Nanotechnologies (DUDECRONO) - University of Lille1, Technische Universit\u00e4t Darmstadt (TUD), Germany and University of California, Irvine (UCI)<br \/>\n- Double Masters degree: University of Lille 1 and Georgia Institute of Technology<br \/>\n- IEMN\/Lille1 - University of Michigan: Web course on Introduction to MEMS<br \/>\n- Partner University Fund (PUF)\/FACE program: Dual Lille1-Georgia Tech Masters degree.<br \/>\n- Partner University Fund (PUF)\/FACE program Lille1 - Department of Electrical Engineering and Computer Science of University of California in Irvine (UCI): micro- and nanotechnology.<br \/>\n- IEMN - CNRS UMI\/ LN2 (Laboratory of Nanocharacterisation and Nanotechnology) in Sherbrook (CA): GaN based devices design, technology and characterization, dedicated to RF applications and power electronics<br \/>\n- IEMN - Ohio State University (Columbus): InGaN solar cells<\/p>\n<p>\u00a0<\/p>\n<h2>The orientations<\/h2>\n<p>International relations continue to be a very important objective of the IEMN. Over the last three years the IEMN has continued its relations with Japan through the LIMMS (Laboratory for Integrated MicroMechatronics Systems), the CIRMM (Center for International Research in MicroMechatronics) as well as the European Laboratory in nonlinear Magneto-Acoustics (LEMAC) shared between the IEMN and the General Physics Institute of Russian Academy of Sciences. The IEMN has continued to enhance its international relations with the US and Asia with several new partnerships having been initiated. Additionally, a strong collaboration has been developed between the IEMN and Nanyang University of Technology (NTU) in Singapore addressing the aspects of RF-nanotechnologies and high frequency optoelectronics.<br \/>\nThe fast development of international projects and the interest for the IEMN to strongly participate in the scientific field at a global level have benefited since 2003 from the contributions of Prof. Dimitris Pavlidis who was appointed as Director of International Relations. His efforts have been strongly assisted through the efforts of Professor Tuami Lasri.<br \/>\nAn important mission of these international relations is the establishment of university and industry partnerships. Contacts were established with European and American universities and various schemes of collaboration in research and teaching were defined. The following summarizes some of the partnerships explored with universities and research centres. These include the University of Michigan: Department of Electrical Engineering and Computer Science and Department of Biomedical Engineering, Georgia Institute of Technology, University of Illinois in Urbana Champaign, the University of California, Irvine, Department of Electrical Engineering and Computer Science, Imperial College, U.K., the Technische Universit\u00e4t Darmstadt, Germany Various forms of partnerships have been explored. A major effort has been placed on the establishment of a European Campus referred to henceforth as the European Campus Northern France (ECNF). The following summarises the main options explored that progressed considerably during the recent years:<br \/>\n\u25a0 Creation of the \"European Campus Northern France\" (ECNF) that groups together the research and teaching activities of several academic and scientific poles, namely IEMN [CNRS-University of Lille\/USTL, \u00c9cole Centrale de Lille, Universit\u00e9 de Valenciennes et du Hainaut Cambr\u00e9sis (UVHC), Institut Sup\u00e9rieur d'Electronique du Nord (ISEN)] and Georgia Institute of Technology.<br \/>\n\u25a0 Evaluation of the possibility of extension of ECNF's activities to include other international partners such as the University of Michigan and other US universities with technical expertise complementary to that of the IEMN, as well as other European Universities i.e. the Technical University of Darmstadt.<br \/>\n\u25a0 Funding of a programme of graduate level fellowships for transatlantic exchanges of students.<br \/>\n\u25a0 Establishment of a double Masters degree (\"Dual Degree Masters in Nanotechnology\") together with the Georgia Institute of Technology.<br \/>\n\u25a0 Funding of a three year programme through the Foundation FACE (French American Cultural Exchange) for putting in place the programme of \"Dual Degree Masters in Nanotechnology\".<br \/>\n\u25a0 Funding in September 2009 of a four year long Atlantis Program through the European Union and the US Department of Education for developing a Dual Masters Degree in Microand Nano-technology with the University of California in Irvine and in cooperation with the Technische Universit\u00e4t Darmstadt. This program was funded at the level of one million US Dollars and is complemented by an equivalent amount of tuition fee waivers.<br \/>\nOne of the major priorities for international partnerships is Micro and Nanotechnologies with emphasis on new materials, as well as secure information and sensors. Another area considered as a prominent theme for our partnerships relates to biomedical technologies.<br \/>\nInternationally recognised experts in their fields have been invited to the IEMN to interact with the IEMN's researchers in support of the establishment of such partnerships.<br \/>\nLong and short term visits were arranged, as, for example, in the cases of Professor Khalil Najafi from the University of Michigan (MEMS and Biomedical applications) which was followed up by reciprocal visits, Prof Yoon Soon Fatt, Nanyang Technological University of Singapore (Dilute nitride compounds) and Professor Yi-Jen Chan of the Industrial Technology Research Institute (ITRI, Taiwn) (Electronics and Optoelectronics Research).<br \/>\nTopics of collaboration are strategically selected to correspond to the thematic research priorities of IEMN. By way of an example, the optoelectronics activity (M. E. Dogheche and M. D. Decoster) has recently benefited from a partnership with the Technische Universit\u00e4t Darmstadt on the study of MOCVD grown novel wide band gap III-Nitride semiconductors with AlN\/GaN heterostructures for optical waveguide applications.Very small waveguide losses corresponding to the best values reported until now for GaN-based waveguides have also been demonstrated.<\/p>\n<p>\u00a0<\/p>\n<p>\u00a0<\/p>\n<\/div><\/section>","protected":false},"excerpt":{"rendered":"","protected":false},"author":2,"featured_media":0,"parent":61,"menu_order":15,"comment_status":"closed","ping_status":"open","template":"","meta":{"footnotes":""},"class_list":["post-139","page","type-page","status-publish","hentry"],"_links":{"self":[{"href":"https:\/\/www.iemn.fr\/en\/wp-json\/wp\/v2\/pages\/139","targetHints":{"allow":["GET"]}}],"collection":[{"href":"https:\/\/www.iemn.fr\/en\/wp-json\/wp\/v2\/pages"}],"about":[{"href":"https:\/\/www.iemn.fr\/en\/wp-json\/wp\/v2\/types\/page"}],"author":[{"embeddable":true,"href":"https:\/\/www.iemn.fr\/en\/wp-json\/wp\/v2\/users\/2"}],"replies":[{"embeddable":true,"href":"https:\/\/www.iemn.fr\/en\/wp-json\/wp\/v2\/comments?post=139"}],"version-history":[{"count":0,"href":"https:\/\/www.iemn.fr\/en\/wp-json\/wp\/v2\/pages\/139\/revisions"}],"up":[{"embeddable":true,"href":"https:\/\/www.iemn.fr\/en\/wp-json\/wp\/v2\/pages\/61"}],"wp:attachment":[{"href":"https:\/\/www.iemn.fr\/en\/wp-json\/wp\/v2\/media?parent=139"}],"curies":[{"name":"wp","href":"https:\/\/api.w.org\/{rel}","templated":true}]}}