{"id":13359,"date":"2012-04-16T15:00:22","date_gmt":"2012-04-16T13:00:22","guid":{"rendered":"https:\/\/www.iemn.fr\/?page_id=13359"},"modified":"2025-05-13T10:57:46","modified_gmt":"2025-05-13T08:57:46","slug":"son-organisation","status":"publish","type":"page","link":"https:\/\/www.iemn.fr\/en\/presentation-de-linstitut-2\/son-organisation","title":{"rendered":"Organization of the institute"},"content":{"rendered":"<div id='layer_slider_1'  class='avia-layerslider main_color avia-shadow  avia-builder-el-0  el_before_av_one_full  avia-builder-el-first  container_wrap sidebar_right'  style='height: 261px;'  ><div id=\"layerslider_29_506afmfesfqw\" data-ls-slug=\"homepageslider\" class=\"ls-wp-container fitvidsignore ls-selectable\" style=\"width:1140px;height:260px;margin:0 auto;margin-bottom: 0px;\"><div class=\"ls-slide\" data-ls=\"duration:4000;transition2d:5;\"><img loading=\"lazy\" decoding=\"async\" width=\"2600\" height=\"270\" src=\"https:\/\/www.iemn.fr\/wp-content\/uploads\/2018\/06\/sliders_linstitut2.jpg\" class=\"ls-bg\" alt=\"\" srcset=\"https:\/\/www.iemn.fr\/wp-content\/uploads\/2018\/06\/sliders_linstitut2.jpg 2600w, https:\/\/www.iemn.fr\/wp-content\/uploads\/2018\/06\/sliders_linstitut2-300x31.jpg 300w, https:\/\/www.iemn.fr\/wp-content\/uploads\/2018\/06\/sliders_linstitut2-768x80.jpg 768w, https:\/\/www.iemn.fr\/wp-content\/uploads\/2018\/06\/sliders_linstitut2-1030x107.jpg 1030w, https:\/\/www.iemn.fr\/wp-content\/uploads\/2018\/06\/sliders_linstitut2-1500x156.jpg 1500w, https:\/\/www.iemn.fr\/wp-content\/uploads\/2018\/06\/sliders_linstitut2-705x73.jpg 705w\" sizes=\"auto, (max-width: 2600px) 100vw, 2600px\" \/><ls-layer style=\"font-size:14px;text-align:left;font-style:normal;text-decoration:none;text-transform:none;font-weight:700;letter-spacing:0px;background-position:0% 0%;background-repeat:no-repeat;width:170px;height:30px;left:0px;top:231px;line-height:32px;color:#ffffff;border-radius:6px 6px 6px 6px;padding-left:50px;background-color:rgba(0, 0, 0, 0.57);\" class=\"ls-l ls-ib-icon ls-text-layer\"><i class=\"fa fa-flag\" style=\"color:#ffffff;margin-right:0.8em;font-size:1.3em;transform:translateY( -0.125em );\"><\/i>L'INSTITUT<\/ls-layer><\/div><div class=\"ls-slide\" data-ls=\"duration:4000;transition2d:5;\"><img loading=\"lazy\" decoding=\"async\" width=\"2600\" height=\"270\" src=\"https:\/\/www.iemn.fr\/wp-content\/uploads\/2018\/06\/sliders_linstitut2.jpg\" class=\"ls-bg\" alt=\"\" srcset=\"https:\/\/www.iemn.fr\/wp-content\/uploads\/2018\/06\/sliders_linstitut2.jpg 2600w, https:\/\/www.iemn.fr\/wp-content\/uploads\/2018\/06\/sliders_linstitut2-300x31.jpg 300w, https:\/\/www.iemn.fr\/wp-content\/uploads\/2018\/06\/sliders_linstitut2-768x80.jpg 768w, https:\/\/www.iemn.fr\/wp-content\/uploads\/2018\/06\/sliders_linstitut2-1030x107.jpg 1030w, https:\/\/www.iemn.fr\/wp-content\/uploads\/2018\/06\/sliders_linstitut2-1500x156.jpg 1500w, https:\/\/www.iemn.fr\/wp-content\/uploads\/2018\/06\/sliders_linstitut2-705x73.jpg 705w\" sizes=\"auto, (max-width: 2600px) 100vw, 2600px\" \/><img loading=\"lazy\" decoding=\"async\" width=\"2560\" height=\"266\" src=\"https:\/\/www.iemn.fr\/wp-content\/uploads\/2022\/01\/sliders_linstitut4-scaled.jpg\" class=\"ls-l ls-img-layer\" alt=\"\" srcset=\"https:\/\/www.iemn.fr\/wp-content\/uploads\/2022\/01\/sliders_linstitut4-scaled.jpg 2560w, https:\/\/www.iemn.fr\/wp-content\/uploads\/2022\/01\/sliders_linstitut4-300x31.jpg 300w, https:\/\/www.iemn.fr\/wp-content\/uploads\/2022\/01\/sliders_linstitut4-1030x107.jpg 1030w, https:\/\/www.iemn.fr\/wp-content\/uploads\/2022\/01\/sliders_linstitut4-768x80.jpg 768w, https:\/\/www.iemn.fr\/wp-content\/uploads\/2022\/01\/sliders_linstitut4-1536x160.jpg 1536w, https:\/\/www.iemn.fr\/wp-content\/uploads\/2022\/01\/sliders_linstitut4-2048x213.jpg 2048w, https:\/\/www.iemn.fr\/wp-content\/uploads\/2022\/01\/sliders_linstitut4-18x2.jpg 18w, https:\/\/www.iemn.fr\/wp-content\/uploads\/2022\/01\/sliders_linstitut4-1500x156.jpg 1500w, https:\/\/www.iemn.fr\/wp-content\/uploads\/2022\/01\/sliders_linstitut4-705x73.jpg 705w\" sizes=\"auto, (max-width: 2560px) 100vw, 2560px\" style=\"font-size:36px;color:#000;text-align:left;font-style:normal;text-decoration:none;text-transform:none;font-weight:400;letter-spacing:0px;background-position:0% 0%;background-repeat:no-repeat;top:0px;left:-750px;\"><ls-layer style=\"font-size:14px;text-align:left;font-style:normal;text-decoration:none;text-transform:none;font-weight:700;letter-spacing:0px;background-position:0% 0%;background-repeat:no-repeat;width:170px;height:30px;left:0px;top:231px;line-height:32px;color:#ffffff;border-radius:6px 6px 6px 6px;padding-left:50px;background-color:rgba(0, 0, 0, 0.57);\" class=\"ls-l ls-ib-icon ls-text-layer\"><i class=\"fa fa-flag\" style=\"color:#ffffff;margin-right:0.8em;font-size:1.3em;transform:translateY( -0.125em );\"><\/i>L'INSTITUT<\/ls-layer><\/div><\/div><\/div><div id='after_layer_slider_1'  class='main_color av_default_container_wrap container_wrap sidebar_right'  ><div class='container av-section-cont-open' ><div class='template-page content  av-content-small alpha units'><div class='post-entry post-entry-type-page post-entry-13359'><div class='entry-content-wrapper clearfix'>\n\n<style type=\"text\/css\" data-created_by=\"avia_inline_auto\" id=\"style-css-av-dnrztlb-0fd100b721d589c79bdc96b55ef89417\">\n.flex_column.av-dnrztlb-0fd100b721d589c79bdc96b55ef89417{\nborder-radius:0px 0px 0px 0px;\npadding:0px 0px 0px 0px;\n}\n<\/style>\n<div  class='flex_column av-dnrztlb-0fd100b721d589c79bdc96b55ef89417 av_one_full  avia-builder-el-1  el_after_av_layerslider  el_before_av_two_fifth  avia-builder-el-first  first flex_column_div av-zero-column-padding'     ><style type=\"text\/css\" data-created_by=\"avia_inline_auto\" id=\"style-css-av-cxkg233-300e242fb4d04e86c2c54eded66607a9\">\n#top .av_textblock_section.av-cxkg233-300e242fb4d04e86c2c54eded66607a9 .avia_textblock{\nfont-size:16px;\n}\n<\/style>\n<section  class='av_textblock_section av-cxkg233-300e242fb4d04e86c2c54eded66607a9'   itemscope=\"itemscope\" itemtype=\"https:\/\/schema.org\/CreativeWork\" ><div class='avia_textblock'  itemprop=\"text\" ><h1>Organization of the Institute<\/h1>\n<\/div><\/section><\/div>\n\n<style type=\"text\/css\" data-created_by=\"avia_inline_auto\" id=\"style-css-av-ci281an-de48598f65969dc9f16533c6c9bdfc8e\">\n.flex_column.av-ci281an-de48598f65969dc9f16533c6c9bdfc8e{\nborder-radius:0px 0px 0px 0px;\npadding:0px 0px 0px 0px;\n}\n<\/style>\n<div  class='flex_column av-ci281an-de48598f65969dc9f16533c6c9bdfc8e av_two_fifth  avia-builder-el-3  el_after_av_one_full  el_before_av_three_fifth  first flex_column_div av-zero-column-padding  column-top-margin'     ><section  class='av_textblock_section av-c72ps4v-cdb21f6464a5f7c3a601d27db024c677'   itemscope=\"itemscope\" itemtype=\"https:\/\/schema.org\/CreativeWork\" ><div class='avia_textblock'  itemprop=\"text\" ><h3>Administrative organization<\/h3>\n<p>The Director, Thierry MELIN, CNRS Research Director, and the Deputy Director, Christophe DELERUE, EPST Research Director, were appointed on 1 January 2020 for a period of 5 years. Jean-Fran\u00e7ois ROBILLARD, Senior Lecturer, was appointed in October 2023.<\/p>\n<\/div><\/section><\/div>\n\n<style type=\"text\/css\" data-created_by=\"avia_inline_auto\" id=\"style-css-av-bsvvv3j-d3f55c1e940ffa47743f72be6cf7dc3e\">\n.flex_column.av-bsvvv3j-d3f55c1e940ffa47743f72be6cf7dc3e{\nborder-radius:0px 0px 0px 0px;\npadding:0px 0px 0px 0px;\n}\n<\/style>\n<div  class='flex_column av-bsvvv3j-d3f55c1e940ffa47743f72be6cf7dc3e av_three_fifth  avia-builder-el-5  el_after_av_two_fifth  el_before_av_hr  flex_column_div av-zero-column-padding  column-top-margin'     ><div  class='avia-icon-list-container av-mam9yj7o-7f84d7f4a08a19e8a09e50c083be2904  avia-builder-el-6  avia-builder-el-no-sibling'><ul class='avia-icon-list avia_animate_when_almost_visible avia-icon-list-left av-iconlist-big av-mam9yj7o-7f84d7f4a08a19e8a09e50c083be2904 avia-iconlist-animate'>\n<li><div class='iconlist_icon av-av_iconlist_item-04e153ef7b767eab5b5feb329e0b66f8 avia-font-entypo-fontello'><span class='iconlist-char' aria-hidden='true' data-av_icon='\ue80a' data-av_iconfont='entypo-fontello'><\/span><\/div><article class=\"article-icon-entry\"  itemscope=\"itemscope\" itemtype=\"https:\/\/schema.org\/CreativeWork\" ><div class=\"iconlist_content_wrap\"><header class=\"entry-content-header\" aria-label=\"Icon: Directeur\"><h4 class='av_iconlist_title iconlist_title'  itemprop=\"headline\" >Director<\/h4><\/header><div class='iconlist_content'  itemprop=\"text\" ><p><strong>THIERRY MELIN<\/strong><br \/>\nthierry.melin<img loading=\"lazy\" decoding=\"async\" class=\"align=absbottom wp-image-73335 size-full\" src=\"https:\/\/www.iemn.fr\/wp-content\/uploads\/2025\/05\/arobase6.png\" alt=\"\" width=\"16\" height=\"14\" srcset=\"https:\/\/www.iemn.fr\/wp-content\/uploads\/2025\/05\/arobase6.png 16w, https:\/\/www.iemn.fr\/wp-content\/uploads\/2025\/05\/arobase6-14x12.png 14w\" sizes=\"auto, (max-width: 16px) 100vw, 16px\" \/>iemn.fr<\/p>\n<\/div><\/div><footer class=\"entry-footer\"><\/footer><\/article><div class=\"iconlist-timeline\"><\/div><\/li>\n<li><div class='iconlist_icon av-mam9ygd0-cd1619181e1ab15e00b4226d8fa989be avia-font-entypo-fontello'><span class='iconlist-char' aria-hidden='true' data-av_icon='\ue80a' data-av_iconfont='entypo-fontello'><\/span><\/div><article class=\"article-icon-entry\"  itemscope=\"itemscope\" itemtype=\"https:\/\/schema.org\/CreativeWork\" ><div class=\"iconlist_content_wrap\"><header class=\"entry-content-header\" aria-label=\"Icon: Directeur Adjoint - Direction Scientifique\"><h4 class='av_iconlist_title iconlist_title'  itemprop=\"headline\" >Deputy Director - Scientific Department<\/h4><\/header><div class='iconlist_content'  itemprop=\"text\" ><p><strong>Christophe DELERUE<\/strong><br \/>\nchristophe.delerue<img loading=\"lazy\" decoding=\"async\" class=\"align=absbottom wp-image-73335 size-full\" src=\"https:\/\/www.iemn.fr\/wp-content\/uploads\/2025\/05\/arobase6.png\" alt=\"\" width=\"16\" height=\"14\" srcset=\"https:\/\/www.iemn.fr\/wp-content\/uploads\/2025\/05\/arobase6.png 16w, https:\/\/www.iemn.fr\/wp-content\/uploads\/2025\/05\/arobase6-14x12.png 14w\" sizes=\"auto, (max-width: 16px) 100vw, 16px\" \/>iemn.fr<\/p>\n<\/div><\/div><footer class=\"entry-footer\"><\/footer><\/article><div class=\"iconlist-timeline\"><\/div><\/li>\n<li><div class='iconlist_icon av-av_iconlist_item-bade19f152f62d428eb0158e77200ec6 avia-font-entypo-fontello'><span class='iconlist-char' aria-hidden='true' data-av_icon='\ue80a' data-av_iconfont='entypo-fontello'><\/span><\/div><article class=\"article-icon-entry\"  itemscope=\"itemscope\" itemtype=\"https:\/\/schema.org\/CreativeWork\" ><div class=\"iconlist_content_wrap\"><header class=\"entry-content-header\" aria-label=\"Icon: Directeur Adjoint - Direction de la Technologie\"><h4 class='av_iconlist_title iconlist_title'  itemprop=\"headline\" >Deputy Director - Technology Division<\/h4><\/header><div class='iconlist_content'  itemprop=\"text\" ><p><strong>Jean-Fran\u00e7ois ROBILLARD<\/strong><br \/>\njean-francois.robillard<img loading=\"lazy\" decoding=\"async\" class=\"align=absbottom wp-image-73335 size-full\" src=\"https:\/\/www.iemn.fr\/wp-content\/uploads\/2025\/05\/arobase6.png\" alt=\"\" width=\"16\" height=\"14\" srcset=\"https:\/\/www.iemn.fr\/wp-content\/uploads\/2025\/05\/arobase6.png 16w, https:\/\/www.iemn.fr\/wp-content\/uploads\/2025\/05\/arobase6-14x12.png 14w\" sizes=\"auto, (max-width: 16px) 100vw, 16px\" \/>iemn.fr<\/p>\n<\/div><\/div><footer class=\"entry-footer\"><\/footer><\/article><div class=\"iconlist-timeline\"><\/div><\/li>\n<li><div class='iconlist_icon av-av_iconlist_item-8ebc5119acb4baeee0edce34e320ecd2 avia-font-entypo-fontello'><span class='iconlist-char' aria-hidden='true' data-av_icon='\ue80a' data-av_iconfont='entypo-fontello'><\/span><\/div><article class=\"article-icon-entry\"  itemscope=\"itemscope\" itemtype=\"https:\/\/schema.org\/CreativeWork\" ><div class=\"iconlist_content_wrap\"><header class=\"entry-content-header\" aria-label=\"Icon: Direction Administrative et Financi\u00e8re\"><h4 class='av_iconlist_title iconlist_title'  itemprop=\"headline\" >Administrative and Financial Department<\/h4><\/header><div class='iconlist_content'  itemprop=\"text\" ><p><strong>Frederic LEFEBVRE<\/strong><br \/>\nfrederic.lefebvre<img loading=\"lazy\" decoding=\"async\" class=\"align=absbottom wp-image-73335 size-full\" src=\"https:\/\/www.iemn.fr\/wp-content\/uploads\/2025\/05\/arobase6.png\" alt=\"\" width=\"16\" height=\"14\" srcset=\"https:\/\/www.iemn.fr\/wp-content\/uploads\/2025\/05\/arobase6.png 16w, https:\/\/www.iemn.fr\/wp-content\/uploads\/2025\/05\/arobase6-14x12.png 14w\" sizes=\"auto, (max-width: 16px) 100vw, 16px\" \/>iemn.fr<\/p>\n<\/div><\/div><footer class=\"entry-footer\"><\/footer><\/article><div class=\"iconlist-timeline\"><\/div><\/li>\n<\/ul><\/div><\/div><div  class='hr av-8p1lvjj-af1c47b2f2bc60d69cfc4aa30142c495 hr-default  avia-builder-el-7  el_after_av_three_fifth  el_before_av_two_fifth'><span class='hr-inner'><span class=\"hr-inner-style\"><\/span><\/span><\/div><\/p>\n\n<style type=\"text\/css\" data-created_by=\"avia_inline_auto\" id=\"style-css-av-84atvgv-fdb8f3539396407156fce025b909f18a\">\n.flex_column.av-84atvgv-fdb8f3539396407156fce025b909f18a{\nborder-radius:0px 0px 0px 0px;\npadding:0px 0px 0px 0px;\n}\n<\/style>\n<div  class='flex_column av-84atvgv-fdb8f3539396407156fce025b909f18a av_two_fifth  avia-builder-el-8  el_after_av_hr  el_before_av_three_fifth  first flex_column_div av-zero-column-padding'     ><section  class='av_textblock_section av-s1aazz-bdeb7f41acd250753a574b54bbd2e183'   itemscope=\"itemscope\" itemtype=\"https:\/\/schema.org\/CreativeWork\" ><div class='avia_textblock'  itemprop=\"text\" ><h3>Scientific organization (Update in progress)<\/h3>\n<p>The IEMN is composed of 22 research groups which are divided into 5 scientific departments:<\/p>\n<ul>\n<li>Nanostructured Materials and Components<\/li>\n<li>Micro\/Nano\/Bio-Systems, waves and Microfluidics<\/li>\n<li>Micro Nano and Optoelectronics<\/li>\n<li>Telecommunications technologies and intelligent systems<\/li>\n<li>Acoustics and integrated systems<\/li>\n<\/ul>\n<\/div><\/section><\/div>\n\n<style type=\"text\/css\" data-created_by=\"avia_inline_auto\" id=\"style-css-av-74ro29b-986e4934b433a88aea4ed8d810e89f4f\">\n.flex_column.av-74ro29b-986e4934b433a88aea4ed8d810e89f4f{\nborder-radius:0px 0px 0px 0px;\npadding:0px 0px 0px 0px;\n}\n<\/style>\n<div  class='flex_column av-74ro29b-986e4934b433a88aea4ed8d810e89f4f av_three_fifth  avia-builder-el-10  el_after_av_two_fifth  el_before_av_hr  flex_column_div av-zero-column-padding'     ><div  class='avia-icon-list-container av-mama3txx-fa53f63f5321a0cbf58ff91883499dc7  avia-builder-el-11  avia-builder-el-no-sibling'><ul class='avia-icon-list avia_animate_when_almost_visible avia-icon-list-left av-iconlist-big av-mama3txx-fa53f63f5321a0cbf58ff91883499dc7 avia-iconlist-animate'>\n<li><div class='iconlist_icon av-mam9zqae-7fa1a80f73a77f35241220e60d315edd avia-font-entypo-fontello'><span class='iconlist-char' aria-hidden='true' data-av_icon='\ue80a' data-av_iconfont='entypo-fontello'><\/span><\/div><article class=\"article-icon-entry\"  itemscope=\"itemscope\" itemtype=\"https:\/\/schema.org\/CreativeWork\" ><div class=\"iconlist_content_wrap\"><header class=\"entry-content-header\" aria-label=\"Icon: Materiaux Nanostructures et Composants\"><h4 class='av_iconlist_title iconlist_title'  itemprop=\"headline\" >Nanostructures and Components<\/h4><\/header><div class='iconlist_content'  itemprop=\"text\" ><p><strong>Ludovic DESPLANQUE<\/strong><em><br \/>\n<\/em>ludovic.desplanque<img loading=\"lazy\" decoding=\"async\" class=\"align=absbottom wp-image-73335 size-full\" src=\"https:\/\/www.iemn.fr\/wp-content\/uploads\/2025\/05\/arobase6.png\" alt=\"\" width=\"16\" height=\"14\" srcset=\"https:\/\/www.iemn.fr\/wp-content\/uploads\/2025\/05\/arobase6.png 16w, https:\/\/www.iemn.fr\/wp-content\/uploads\/2025\/05\/arobase6-14x12.png 14w\" sizes=\"auto, (max-width: 16px) 100vw, 16px\" \/>iemn.fr<\/p>\n<\/div><\/div><footer class=\"entry-footer\"><\/footer><\/article><div class=\"iconlist-timeline\"><\/div><\/li>\n<li><div class='iconlist_icon av-mama03ns-8af380dbca898f5b8b8ee5d367ec78b6 avia-font-entypo-fontello'><span class='iconlist-char' aria-hidden='true' data-av_icon='\ue80a' data-av_iconfont='entypo-fontello'><\/span><\/div><article class=\"article-icon-entry\"  itemscope=\"itemscope\" itemtype=\"https:\/\/schema.org\/CreativeWork\" ><div class=\"iconlist_content_wrap\"><header class=\"entry-content-header\" aria-label=\"Icon: Micro\/nano\/bio-syst\u00e8mes, ondes et microfluidique\"><h4 class='av_iconlist_title iconlist_title'  itemprop=\"headline\" >Micro\/nano\/biosystems, waves and microfluidics<\/h4><\/header><div class='iconlist_content'  itemprop=\"text\" ><p><strong>Nicolas TIERCELIN<\/strong><br \/>\nnicolas.tiercelin<img loading=\"lazy\" decoding=\"async\" class=\"align=absbottom wp-image-73335 size-full\" src=\"https:\/\/www.iemn.fr\/wp-content\/uploads\/2025\/05\/arobase6.png\" alt=\"\" width=\"16\" height=\"14\" srcset=\"https:\/\/www.iemn.fr\/wp-content\/uploads\/2025\/05\/arobase6.png 16w, https:\/\/www.iemn.fr\/wp-content\/uploads\/2025\/05\/arobase6-14x12.png 14w\" sizes=\"auto, (max-width: 16px) 100vw, 16px\" \/>iemn.fr<\/p>\n<\/div><\/div><footer class=\"entry-footer\"><\/footer><\/article><div class=\"iconlist-timeline\"><\/div><\/li>\n<li><div class='iconlist_icon av-mama0gq6-ce00d04cb7f5e33df9b61e3841567700 avia-font-entypo-fontello'><span class='iconlist-char' aria-hidden='true' data-av_icon='\ue80a' data-av_iconfont='entypo-fontello'><\/span><\/div><article class=\"article-icon-entry\"  itemscope=\"itemscope\" itemtype=\"https:\/\/schema.org\/CreativeWork\" ><div class=\"iconlist_content_wrap\"><header class=\"entry-content-header\" aria-label=\"Icon: Micro, Nano et Opto\u00e9lectronique\"><h4 class='av_iconlist_title iconlist_title'  itemprop=\"headline\" >Micro, Nano and Optoelectronics<\/h4><\/header><div class='iconlist_content'  itemprop=\"text\" ><p><strong>Mohammed ZAKNOUNE<\/strong><br \/>\nmohammed.zaknoune<img loading=\"lazy\" decoding=\"async\" class=\"align=absbottom wp-image-73335 size-full\" src=\"https:\/\/www.iemn.fr\/wp-content\/uploads\/2025\/05\/arobase6.png\" alt=\"\" width=\"16\" height=\"14\" srcset=\"https:\/\/www.iemn.fr\/wp-content\/uploads\/2025\/05\/arobase6.png 16w, https:\/\/www.iemn.fr\/wp-content\/uploads\/2025\/05\/arobase6-14x12.png 14w\" sizes=\"auto, (max-width: 16px) 100vw, 16px\" \/>iemn.fr<\/p>\n<\/div><\/div><footer class=\"entry-footer\"><\/footer><\/article><div class=\"iconlist-timeline\"><\/div><\/li>\n<li><div class='iconlist_icon av-mama21kv-fb2c7d9dc41f07047a792da8145e1424 avia-font-entypo-fontello'><span class='iconlist-char' aria-hidden='true' data-av_icon='\ue80a' data-av_iconfont='entypo-fontello'><\/span><\/div><article class=\"article-icon-entry\"  itemscope=\"itemscope\" itemtype=\"https:\/\/schema.org\/CreativeWork\" ><div class=\"iconlist_content_wrap\"><header class=\"entry-content-header\" aria-label=\"Icon: Technologies des t\u00e9l\u00e9communications et syst\u00e8mes intelligents\"><h4 class='av_iconlist_title iconlist_title'  itemprop=\"headline\" >Telecommunications technologies and intelligent systems<\/h4><\/header><div class='iconlist_content'  itemprop=\"text\" ><p><strong>Iyad DAYOUB<\/strong><br \/>\nIyad.Dayoub<img loading=\"lazy\" decoding=\"async\" class=\"align=absbottom wp-image-73335 size-full\" src=\"https:\/\/www.iemn.fr\/wp-content\/uploads\/2025\/05\/arobase6.png\" alt=\"\" width=\"16\" height=\"14\" srcset=\"https:\/\/www.iemn.fr\/wp-content\/uploads\/2025\/05\/arobase6.png 16w, https:\/\/www.iemn.fr\/wp-content\/uploads\/2025\/05\/arobase6-14x12.png 14w\" sizes=\"auto, (max-width: 16px) 100vw, 16px\" \/>uphf.fr<\/p>\n<\/div><\/div><footer class=\"entry-footer\"><\/footer><\/article><div class=\"iconlist-timeline\"><\/div><\/li>\n<li><div class='iconlist_icon av-mama3sds-d850d526c3ea43a22a1216c30c77d061 avia-font-entypo-fontello'><span class='iconlist-char' aria-hidden='true' data-av_icon='\ue80a' data-av_iconfont='entypo-fontello'><\/span><\/div><article class=\"article-icon-entry\"  itemscope=\"itemscope\" itemtype=\"https:\/\/schema.org\/CreativeWork\" ><div class=\"iconlist_content_wrap\"><header class=\"entry-content-header\" aria-label=\"Icon: Acoustique et syst\u00e8mes int\u00e9gr\u00e9s\"><h4 class='av_iconlist_title iconlist_title'  itemprop=\"headline\" >Acoustics and integrated systems<\/h4><\/header><div class='iconlist_content'  itemprop=\"text\" ><p><strong>J\u00e9r\u00f4me VASSEUR<\/strong><br \/>\njerome.vasseur<img loading=\"lazy\" decoding=\"async\" class=\"align=absbottom wp-image-73335 size-full\" src=\"https:\/\/www.iemn.fr\/wp-content\/uploads\/2025\/05\/arobase6.png\" alt=\"\" width=\"16\" height=\"14\" srcset=\"https:\/\/www.iemn.fr\/wp-content\/uploads\/2025\/05\/arobase6.png 16w, https:\/\/www.iemn.fr\/wp-content\/uploads\/2025\/05\/arobase6-14x12.png 14w\" sizes=\"auto, (max-width: 16px) 100vw, 16px\" \/>iemn.fr<\/p>\n<\/div><\/div><footer class=\"entry-footer\"><\/footer><\/article><div class=\"iconlist-timeline\"><\/div><\/li>\n<\/ul><\/div><\/div><div  class='hr av-dwnowf-369ef6a31c525a9f80d9ecd03ec6ac9c hr-default  avia-builder-el-12  el_after_av_three_fifth  avia-builder-el-last'><span class='hr-inner'><span class=\"hr-inner-style\"><\/span><\/span><\/div><\/p>","protected":false},"excerpt":{"rendered":"","protected":false},"author":2,"featured_media":0,"parent":24,"menu_order":5,"comment_status":"closed","ping_status":"closed","template":"","meta":{"footnotes":""},"class_list":["post-13359","page","type-page","status-publish","hentry"],"_links":{"self":[{"href":"https:\/\/www.iemn.fr\/en\/wp-json\/wp\/v2\/pages\/13359","targetHints":{"allow":["GET"]}}],"collection":[{"href":"https:\/\/www.iemn.fr\/en\/wp-json\/wp\/v2\/pages"}],"about":[{"href":"https:\/\/www.iemn.fr\/en\/wp-json\/wp\/v2\/types\/page"}],"author":[{"embeddable":true,"href":"https:\/\/www.iemn.fr\/en\/wp-json\/wp\/v2\/users\/2"}],"replies":[{"embeddable":true,"href":"https:\/\/www.iemn.fr\/en\/wp-json\/wp\/v2\/comments?post=13359"}],"version-history":[{"count":16,"href":"https:\/\/www.iemn.fr\/en\/wp-json\/wp\/v2\/pages\/13359\/revisions"}],"predecessor-version":[{"id":73597,"href":"https:\/\/www.iemn.fr\/en\/wp-json\/wp\/v2\/pages\/13359\/revisions\/73597"}],"up":[{"embeddable":true,"href":"https:\/\/www.iemn.fr\/en\/wp-json\/wp\/v2\/pages\/24"}],"wp:attachment":[{"href":"https:\/\/www.iemn.fr\/en\/wp-json\/wp\/v2\/media?parent=13359"}],"curies":[{"name":"wp","href":"https:\/\/api.w.org\/{rel}","templated":true}]}}