{"id":12454,"date":"2016-12-14T17:07:35","date_gmt":"2016-12-14T15:07:35","guid":{"rendered":"http:\/\/dev-iemn.lan\/?page_id=11058"},"modified":"2024-06-28T16:06:49","modified_gmt":"2024-06-28T14:06:49","slug":"zt","status":"publish","type":"page","link":"https:\/\/www.iemn.fr\/en\/les_plateformes\/plateforme-de-caracterisation-multi-physique-pcmp\/compatibilite-electro-magnetique\/zt","title":{"rendered":"Measurement Zt"},"content":{"rendered":"<div  class='flex_column av-lvzgqu-242aa6036711e153782b3bdcea9f89e2 av_one_full  avia-builder-el-0  el_before_av_one_fifth  avia-builder-el-first  first flex_column_div'     ><p>\n<style type=\"text\/css\" data-created_by=\"avia_inline_auto\" id=\"style-css-av-dqvrmu-dc67b10b2aad2f2783754330910c6ec4\">\n#top .av-special-heading.av-dqvrmu-dc67b10b2aad2f2783754330910c6ec4{\npadding-bottom:20px;\n}\nbody .av-special-heading.av-dqvrmu-dc67b10b2aad2f2783754330910c6ec4 .av-special-heading-tag .heading-char{\nfont-size:25px;\n}\n.av-special-heading.av-dqvrmu-dc67b10b2aad2f2783754330910c6ec4 .av-subheading{\nfont-size:15px;\n}\n<\/style>\n<div  class='av-special-heading av-dqvrmu-dc67b10b2aad2f2783754330910c6ec4 av-special-heading-h3  avia-builder-el-1  el_before_av_textblock  avia-builder-el-first'><h3 class='av-special-heading-tag'  itemprop=\"headline\"  >Mesure d\u2019imp\u00e9dance Zt<\/h3><div class=\"special-heading-border\"><div class=\"special-heading-inner-border\"><\/div><\/div><\/div><br \/>\n<section  class='av_textblock_section av-lxyr1898-8fb37c950f093a2b9c464766ed606dd6'   itemscope=\"itemscope\" itemtype=\"https:\/\/schema.org\/CreativeWork\" ><div class='avia_textblock'  itemprop=\"text\" ><blockquote>\n<p>Contact: Pierre Laly<\/p>\n<\/blockquote>\n<\/div><\/section><\/p><\/div>\n<div class='flex_column_table av-1ho20sm-2fbdafbc1c13214db345b6e8a28cd41d sc-av_one_fifth av-equal-height-column-flextable'>\n<style type=\"text\/css\" data-created_by=\"avia_inline_auto\" id=\"style-css-av-1ho20sm-2fbdafbc1c13214db345b6e8a28cd41d\">\n.flex_column.av-1ho20sm-2fbdafbc1c13214db345b6e8a28cd41d{\nborder-radius:0px 0px 0px 0px;\npadding:0px 0px 0px 0px;\n}\n<\/style>\n<div  class='flex_column av-1ho20sm-2fbdafbc1c13214db345b6e8a28cd41d av_one_fifth  avia-builder-el-3  el_after_av_one_full  el_before_av_one_fourth  first flex_column_table_cell av-equal-height-column av-align-middle av-zero-column-padding  column-top-margin'     ><\/div>\n<div class='av-flex-placeholder'><\/div>\n<style type=\"text\/css\" data-created_by=\"avia_inline_auto\" id=\"style-css-av-63kqb7q-cb90c62a5d44624430f807afcde9dd6b\">\n.flex_column.av-63kqb7q-cb90c62a5d44624430f807afcde9dd6b{\nborder-radius:0px 0px 0px 0px;\npadding:0px 0px 0px 0px;\n}\n<\/style>\n<div  class='flex_column av-63kqb7q-cb90c62a5d44624430f807afcde9dd6b av_one_fourth  avia-builder-el-4  el_after_av_one_fifth  el_before_av_one_third  flex_column_table_cell av-equal-height-column av-align-middle av-zero-column-padding  column-top-margin'     ><style type=\"text\/css\" data-created_by=\"avia_inline_auto\" id=\"style-css-av-5p3d0rq-1011430cab530fbaa4c200b116868201\">\n.avia-image-container.av-5p3d0rq-1011430cab530fbaa4c200b116868201 img.avia_image{\nbox-shadow:none;\n}\n.avia-image-container.av-5p3d0rq-1011430cab530fbaa4c200b116868201 .av-image-caption-overlay-center{\ncolor:#ffffff;\n}\n<\/style>\n<div  class='avia-image-container av-5p3d0rq-1011430cab530fbaa4c200b116868201 av-styling- av-img-linked avia-align-center  avia-builder-el-5  avia-builder-el-no-sibling'   itemprop=\"image\" itemscope=\"itemscope\" itemtype=\"https:\/\/schema.org\/ImageObject\" ><div class=\"avia-image-container-inner\"><div class=\"avia-image-overlay-wrap\"><a href=\"https:\/\/www.iemn.fr\/wp-content\/uploads\/2024\/06\/mesure-ZT-1030x773.jpg\" data-srcset=\"https:\/\/www.iemn.fr\/wp-content\/uploads\/2024\/06\/mesure-ZT-1030x773.jpg 1030w, https:\/\/www.iemn.fr\/wp-content\/uploads\/2024\/06\/mesure-ZT-300x225.jpg 300w, https:\/\/www.iemn.fr\/wp-content\/uploads\/2024\/06\/mesure-ZT-768x576.jpg 768w, https:\/\/www.iemn.fr\/wp-content\/uploads\/2024\/06\/mesure-ZT-1536x1152.jpg 1536w, https:\/\/www.iemn.fr\/wp-content\/uploads\/2024\/06\/mesure-ZT-2048x1536.jpg 2048w, https:\/\/www.iemn.fr\/wp-content\/uploads\/2024\/06\/mesure-ZT-16x12.jpg 16w, https:\/\/www.iemn.fr\/wp-content\/uploads\/2024\/06\/mesure-ZT-1500x1125.jpg 1500w, https:\/\/www.iemn.fr\/wp-content\/uploads\/2024\/06\/mesure-ZT-705x529.jpg 705w\" data-sizes=\"(max-width: 1030px) 100vw, 1030px\" class='avia_image'  aria-label='mesure ZT'><img decoding=\"async\" fetchpriority=\"high\" class='wp-image-66913 avia-img-lazy-loading-not-66913 avia_image' src=\"https:\/\/www.iemn.fr\/wp-content\/uploads\/2024\/06\/mesure-ZT-495x400.jpg\" alt='' title='mesure ZT'  height=\"400\" width=\"495\"  itemprop=\"thumbnailUrl\" srcset=\"https:\/\/www.iemn.fr\/wp-content\/uploads\/2024\/06\/mesure-ZT-495x400.jpg 495w, https:\/\/www.iemn.fr\/wp-content\/uploads\/2024\/06\/mesure-ZT-16x12.jpg 16w, https:\/\/www.iemn.fr\/wp-content\/uploads\/2024\/06\/mesure-ZT-845x684.jpg 845w\" sizes=\"(max-width: 495px) 100vw, 495px\" \/><\/a><\/div><\/div><\/div><\/div>\n<div class='av-flex-placeholder'><\/div>\n<style type=\"text\/css\" data-created_by=\"avia_inline_auto\" id=\"style-css-av-4o2oc9y-27806ee644e28b6769d18b860abd8ad6\">\n.flex_column.av-4o2oc9y-27806ee644e28b6769d18b860abd8ad6{\nborder-radius:0px 0px 0px 0px;\npadding:0px 0px 0px 0px;\n}\n<\/style>\n<div  class='flex_column av-4o2oc9y-27806ee644e28b6769d18b860abd8ad6 av_one_third  avia-builder-el-6  el_after_av_one_fourth  el_before_av_one_fifth  flex_column_table_cell av-equal-height-column av-align-middle av-zero-column-padding  column-top-margin'     ><section  class='av_textblock_section av-4byqr52-e86baa480d7c78e2c123d2f3b92c90fa'   itemscope=\"itemscope\" itemtype=\"https:\/\/schema.org\/CreativeWork\" ><div class='avia_textblock'  itemprop=\"text\" ><p>L\u2019imp\u00e9dance de transfert Zt d\u2019un c\u00e2ble blind\u00e9 est un param\u00e8tre qui caract\u00e9rise l\u2019efficacit\u00e9 du blindage. Parmi les m\u00e9thodes de mesure de Zt, les m\u00e9thodes dites \u00abtriaxiales\u00bb sont les plus r\u00e9pandues. Leur fr\u00e9quence maximale est limit\u00e9e \u00e0 quelques centaines de MHz. La m\u00e9thode triaxiale mise au point par le groupe TELICE est unique et permet des mesures de Zt jusqu\u2019\u00e0 2 GHz.<\/p>\n<p><strong>Principales caract\u00e9ristiques\u00a0:<\/strong><\/p>\n<p style=\"padding-left: 30px;\">\u2013 Longueurs : 0.4 m, 0.7 m et 1.2 m<\/p>\n<p style=\"padding-left: 30px;\">-Fr\u00e9quence : 10 kHz \u2013 2 GHz<\/p>\n<p style=\"padding-left: 30px;\">-Diam\u00e8tre max des c\u00e2bles : 25 mm<\/p>\n<p style=\"padding-left: 30px;\">-Sensibilit\u00e9\u00a0: 1\u00b5W\/m<\/p>\n<\/div><\/section><\/div>\n<div class='av-flex-placeholder'><\/div>\n<style type=\"text\/css\" data-created_by=\"avia_inline_auto\" id=\"style-css-av-12dt7ie-9dba4c6ecf602689a98b2e58ed49dc3e\">\n.flex_column.av-12dt7ie-9dba4c6ecf602689a98b2e58ed49dc3e{\nborder-radius:0px 0px 0px 0px;\npadding:0px 0px 0px 0px;\n}\n<\/style>\n<div  class='flex_column av-12dt7ie-9dba4c6ecf602689a98b2e58ed49dc3e av_one_fifth  avia-builder-el-8  el_after_av_one_third  el_before_av_one_fifth  flex_column_table_cell av-equal-height-column av-align-middle av-zero-column-padding  column-top-margin'     ><\/div><\/div><!--close column table wrapper. Autoclose: 1 -->\n\n<style type=\"text\/css\" data-created_by=\"avia_inline_auto\" id=\"style-css-av-1dgamp2-483750033bac79ff9344c90d69351e89\">\n.flex_column.av-1dgamp2-483750033bac79ff9344c90d69351e89{\nborder-radius:0px 0px 0px 0px;\npadding:0px 0px 0px 0px;\n}\n<\/style>\n<div  class='flex_column av-1dgamp2-483750033bac79ff9344c90d69351e89 av_one_fifth  avia-builder-el-9  el_after_av_one_fifth  el_before_av_three_fifth  first flex_column_div av-zero-column-padding  column-top-margin'     ><\/div>\n\n<style type=\"text\/css\" data-created_by=\"avia_inline_auto\" id=\"style-css-av-rk502u-d336c9aa141969ec170489e2e673b01d\">\n.flex_column.av-rk502u-d336c9aa141969ec170489e2e673b01d{\nborder-radius:0px 0px 0px 0px;\npadding:0px 0px 0px 0px;\n}\n<\/style>\n<div  class='flex_column av-rk502u-d336c9aa141969ec170489e2e673b01d av_three_fifth  avia-builder-el-10  el_after_av_one_fifth  el_before_av_one_fifth  flex_column_div av-zero-column-padding  column-top-margin'     ><div  class='hr av-10xh7fq-aed7db5766cd1a29bd72be57ebe46123 hr-default  avia-builder-el-11  avia-builder-el-no-sibling'><span class='hr-inner'><span class=\"hr-inner-style\"><\/span><\/span><\/div><\/div>\n\n<style type=\"text\/css\" data-created_by=\"avia_inline_auto\" id=\"style-css-av-kit26e-334803eb07998855801e773bc01a1e89\">\n.flex_column.av-kit26e-334803eb07998855801e773bc01a1e89{\nborder-radius:0px 0px 0px 0px;\npadding:0px 0px 0px 0px;\n}\n<\/style>\n<div  class='flex_column av-kit26e-334803eb07998855801e773bc01a1e89 av_one_fifth  avia-builder-el-12  el_after_av_three_fifth  el_before_av_one_fifth  flex_column_div av-zero-column-padding  column-top-margin'     ><\/div>\n<div class='flex_column_table av-lxyr2zp8-3ab9dc5fb17d87ec425fe2d3a42ff03f sc-av_one_fifth av-equal-height-column-flextable'>\n<style type=\"text\/css\" data-created_by=\"avia_inline_auto\" id=\"style-css-av-lxyr2zp8-3ab9dc5fb17d87ec425fe2d3a42ff03f\">\n.flex_column.av-lxyr2zp8-3ab9dc5fb17d87ec425fe2d3a42ff03f{\nborder-radius:0px 0px 0px 0px;\npadding:0px 0px 0px 0px;\n}\n<\/style>\n<div  class='flex_column av-lxyr2zp8-3ab9dc5fb17d87ec425fe2d3a42ff03f av_one_fifth  avia-builder-el-13  el_after_av_one_fifth  el_before_av_one_fifth  first no_margin flex_column_table_cell av-equal-height-column av-align-middle av-zero-column-padding  column-top-margin'     ><\/div>\n\n<style type=\"text\/css\" data-created_by=\"avia_inline_auto\" id=\"style-css-av-lxyf5m8v-8ce62e41c182156a19676cb0bcb09bb9\">\n.flex_column.av-lxyf5m8v-8ce62e41c182156a19676cb0bcb09bb9{\nborder-radius:0px 0px 0px 0px;\npadding:0px 0px 0px 0px;\n}\n<\/style>\n<div  class='flex_column av-lxyf5m8v-8ce62e41c182156a19676cb0bcb09bb9 av_one_fifth  avia-builder-el-14  el_after_av_one_fifth  el_before_av_one_fifth  no_margin flex_column_table_cell av-equal-height-column av-align-middle av-zero-column-padding  column-top-margin'     ><p>\n<style type=\"text\/css\" data-created_by=\"avia_inline_auto\" id=\"style-css-av-lxyfavi1-14df8f7b82e105edcbf4201217f17e5f\">\n#top .av-special-heading.av-lxyfavi1-14df8f7b82e105edcbf4201217f17e5f{\npadding-bottom:20px;\n}\nbody .av-special-heading.av-lxyfavi1-14df8f7b82e105edcbf4201217f17e5f .av-special-heading-tag .heading-char{\nfont-size:25px;\n}\n.av-special-heading.av-lxyfavi1-14df8f7b82e105edcbf4201217f17e5f .av-subheading{\nfont-size:15px;\n}\n<\/style>\n<div  class='av-special-heading av-lxyfavi1-14df8f7b82e105edcbf4201217f17e5f av-special-heading-h6  avia-builder-el-15  el_before_av_textblock  avia-builder-el-first'><h6 class='av-special-heading-tag'  itemprop=\"headline\"  >Exemple de mise en oeuvre<\/h6><div class=\"special-heading-border\"><div class=\"special-heading-inner-border\"><\/div><\/div><\/div><br \/>\n<section  class='av_textblock_section av-28qn8m-d22321c6b41b255f3aaf0b4291c33366'   itemscope=\"itemscope\" itemtype=\"https:\/\/schema.org\/CreativeWork\" ><div class='avia_textblock'  itemprop=\"text\" ><p>\u2013 Mesure de Zt jusqu\u2019\u00e0 2 GHz gr\u00e2ce \u00e0 une technique de discontinuit\u00e9 de blindage<\/p>\n<\/div><\/section><br \/>\n<section  class='av_textblock_section av-5heigh2-c4e8395c2e6cb8e3e8d16e25654515a7'   itemscope=\"itemscope\" itemtype=\"https:\/\/schema.org\/CreativeWork\" ><div class='avia_textblock'  itemprop=\"text\" ><p style=\"text-align: justify;\"><em>Une portion de quelques cm (discontinuit\u00e9) du c\u00e2ble est soumise au courant inject\u00e9<\/em><\/p>\n<\/div><\/section><\/p><\/div>\n<style type=\"text\/css\" data-created_by=\"avia_inline_auto\" id=\"style-css-av-2ipta6e-2e506e86192cff0b16196690828a1510\">\n.flex_column.av-2ipta6e-2e506e86192cff0b16196690828a1510{\nborder-radius:0px 0px 0px 0px;\npadding:0px 0px 0px 0px;\n}\n<\/style>\n<div  class='flex_column av-2ipta6e-2e506e86192cff0b16196690828a1510 av_one_fifth  avia-builder-el-18  el_after_av_one_fifth  el_before_av_one_fifth  no_margin flex_column_table_cell av-equal-height-column av-align-middle av-zero-column-padding  column-top-margin'     ><style type=\"text\/css\" data-created_by=\"avia_inline_auto\" id=\"style-css-av-lxyf52g0-6dce534dabf27b432a2bf00ff3685cd8\">\n.avia-image-container.av-lxyf52g0-6dce534dabf27b432a2bf00ff3685cd8 img.avia_image{\nbox-shadow:none;\n}\n.avia-image-container.av-lxyf52g0-6dce534dabf27b432a2bf00ff3685cd8 .av-image-caption-overlay-center{\ncolor:#ffffff;\n}\n<\/style>\n<div  class='avia-image-container av-lxyf52g0-6dce534dabf27b432a2bf00ff3685cd8 av-styling- avia-align-center  avia-builder-el-19  avia-builder-el-no-sibling'   itemprop=\"image\" itemscope=\"itemscope\" itemtype=\"https:\/\/schema.org\/ImageObject\" ><div class=\"avia-image-container-inner\"><div class=\"avia-image-overlay-wrap\"><img decoding=\"async\" fetchpriority=\"high\" class='wp-image-66829 avia-img-lazy-loading-not-66829 avia_image' src=\"https:\/\/www.iemn.fr\/wp-content\/uploads\/2024\/06\/TZ-image-300x232.png\" alt='' title='C2EM_TZ'  height=\"232\" width=\"300\"  itemprop=\"thumbnailUrl\" srcset=\"https:\/\/www.iemn.fr\/wp-content\/uploads\/2024\/06\/TZ-image-300x232.png 300w, https:\/\/www.iemn.fr\/wp-content\/uploads\/2024\/06\/TZ-image-16x12.png 16w, https:\/\/www.iemn.fr\/wp-content\/uploads\/2024\/06\/TZ-image.png 338w\" sizes=\"(max-width: 300px) 100vw, 300px\" \/><\/div><\/div><\/div><\/div><\/p>\n\n<style type=\"text\/css\" data-created_by=\"avia_inline_auto\" id=\"style-css-av-28xaiw6-60520f1a0662b563f5e9f7ddf8691e5e\">\n.flex_column.av-28xaiw6-60520f1a0662b563f5e9f7ddf8691e5e{\nborder-radius:0px 0px 0px 0px;\npadding:0px 0px 0px 0px;\n}\n<\/style>\n<div  class='flex_column av-28xaiw6-60520f1a0662b563f5e9f7ddf8691e5e av_one_fifth  avia-builder-el-20  el_after_av_one_fifth  avia-builder-el-last  no_margin flex_column_table_cell av-equal-height-column av-align-middle av-zero-column-padding  column-top-margin'     ><\/div><\/div><!--close column table wrapper. Autoclose: 1 -->","protected":false},"excerpt":{"rendered":"","protected":false},"author":12,"featured_media":0,"parent":19447,"menu_order":5,"comment_status":"closed","ping_status":"closed","template":"","meta":{"footnotes":""},"class_list":["post-12454","page","type-page","status-publish","hentry"],"_links":{"self":[{"href":"https:\/\/www.iemn.fr\/en\/wp-json\/wp\/v2\/pages\/12454","targetHints":{"allow":["GET"]}}],"collection":[{"href":"https:\/\/www.iemn.fr\/en\/wp-json\/wp\/v2\/pages"}],"about":[{"href":"https:\/\/www.iemn.fr\/en\/wp-json\/wp\/v2\/types\/page"}],"author":[{"embeddable":true,"href":"https:\/\/www.iemn.fr\/en\/wp-json\/wp\/v2\/users\/12"}],"replies":[{"embeddable":true,"href":"https:\/\/www.iemn.fr\/en\/wp-json\/wp\/v2\/comments?post=12454"}],"version-history":[{"count":0,"href":"https:\/\/www.iemn.fr\/en\/wp-json\/wp\/v2\/pages\/12454\/revisions"}],"up":[{"embeddable":true,"href":"https:\/\/www.iemn.fr\/en\/wp-json\/wp\/v2\/pages\/19447"}],"wp:attachment":[{"href":"https:\/\/www.iemn.fr\/en\/wp-json\/wp\/v2\/media?parent=12454"}],"curies":[{"name":"wp","href":"https:\/\/api.w.org\/{rel}","templated":true}]}}