{"id":12414,"date":"2016-11-07T15:56:57","date_gmt":"2016-11-07T13:56:57","guid":{"rendered":"http:\/\/dev-iemn.lan\/?page_id=9944"},"modified":"2024-07-04T16:27:03","modified_gmt":"2024-07-04T14:27:03","slug":"domaine-air-3","status":"publish","type":"page","link":"https:\/\/www.iemn.fr\/en\/les_plateformes\/plateforme-de-caracterisation-multi-physique-pcmp\/microscopie-champ-proche\/domaine-air-3","title":{"rendered":"Air Domain"},"content":{"rendered":"<div id='layer_slider_1'  class='avia-layerslider main_color avia-shadow  avia-builder-el-0  el_before_av_heading  avia-builder-el-first  container_wrap sidebar_right'  style='height: 261px;'  ><div id=\"layerslider_25_8ob7y9fpw661\" data-ls-slug=\"homepageslider\" class=\"ls-wp-container fitvidsignore ls-selectable\" style=\"width:1140px;height:260px;margin:0 auto;margin-bottom: 0px;\"><div class=\"ls-slide\" data-ls=\"duration:6000;transition2d:5;\"><img loading=\"lazy\" decoding=\"async\" width=\"2600\" height=\"270\" src=\"https:\/\/www.iemn.fr\/wp-content\/uploads\/2018\/09\/sliders_champ_proche1b.jpg\" class=\"ls-bg\" alt=\"\" srcset=\"https:\/\/www.iemn.fr\/wp-content\/uploads\/2018\/09\/sliders_champ_proche1b.jpg 2600w, https:\/\/www.iemn.fr\/wp-content\/uploads\/2018\/09\/sliders_champ_proche1b-300x31.jpg 300w, https:\/\/www.iemn.fr\/wp-content\/uploads\/2018\/09\/sliders_champ_proche1b-768x80.jpg 768w, https:\/\/www.iemn.fr\/wp-content\/uploads\/2018\/09\/sliders_champ_proche1b-1030x107.jpg 1030w, https:\/\/www.iemn.fr\/wp-content\/uploads\/2018\/09\/sliders_champ_proche1b-1500x156.jpg 1500w, https:\/\/www.iemn.fr\/wp-content\/uploads\/2018\/09\/sliders_champ_proche1b-705x73.jpg 705w\" sizes=\"auto, (max-width: 2600px) 100vw, 2600px\" \/><ls-layer style=\"font-size:14px;text-align:left;font-style:normal;text-decoration:none;text-transform:none;font-weight:700;letter-spacing:0px;background-position:0% 0%;background-repeat:no-repeat;mix-blend-mode:normal;top:231px;left:0px;height:30px;line-height:32px;color:#ffffff;border-radius:6px 6px 6px 6px;padding-left:50px;background-color:rgba(0, 0, 0, 0.57);width:300px;\" class=\"ls-l ls-ib-icon ls-text-layer\" data-ls=\"minfontsize:0;minmobilefontsize:0;\"><i class=\"fa fa-user-circle\" style=\"color:#f2f2f2;margin-right:0.8em;font-size:1em;transform:translateY( -0.125em );\"><\/i>PCP :  P\u00d4LE CHAMP PROCHE<\/ls-layer><\/div><div class=\"ls-slide\" data-ls=\"duration:6000;transition2d:5;\"><img loading=\"lazy\" decoding=\"async\" width=\"2600\" height=\"270\" src=\"https:\/\/www.iemn.fr\/wp-content\/uploads\/2018\/06\/slider_champ_proche1.jpg\" class=\"ls-bg\" alt=\"\" srcset=\"https:\/\/www.iemn.fr\/wp-content\/uploads\/2018\/06\/slider_champ_proche1.jpg 2600w, https:\/\/www.iemn.fr\/wp-content\/uploads\/2018\/06\/slider_champ_proche1-300x31.jpg 300w, https:\/\/www.iemn.fr\/wp-content\/uploads\/2018\/06\/slider_champ_proche1-768x80.jpg 768w, https:\/\/www.iemn.fr\/wp-content\/uploads\/2018\/06\/slider_champ_proche1-1030x107.jpg 1030w, https:\/\/www.iemn.fr\/wp-content\/uploads\/2018\/06\/slider_champ_proche1-1500x156.jpg 1500w, https:\/\/www.iemn.fr\/wp-content\/uploads\/2018\/06\/slider_champ_proche1-705x73.jpg 705w\" sizes=\"auto, (max-width: 2600px) 100vw, 2600px\" \/><ls-layer style=\"font-size:14px;text-align:left;font-style:normal;text-decoration:none;text-transform:none;font-weight:700;letter-spacing:0px;background-position:0% 0%;background-repeat:no-repeat;mix-blend-mode:normal;top:231px;left:0px;height:30px;line-height:32px;color:#ffffff;border-radius:6px 6px 6px 6px;padding-left:50px;background-color:rgba(0, 0, 0, 0.57);width:300px;\" class=\"ls-l ls-ib-icon ls-text-layer\" data-ls=\"minfontsize:0;minmobilefontsize:0;\"><i class=\"fa fa-user-circle\" style=\"color:#f2f2f2;margin-right:0.8em;font-size:1em;transform:translateY( -0.125em );\"><\/i>PCP :  P\u00d4LE CHAMP PROCHE<\/ls-layer><\/div><div class=\"ls-slide\" data-ls=\"duration:4000;transition2d:5;\"><img loading=\"lazy\" decoding=\"async\" width=\"2600\" height=\"270\" src=\"https:\/\/www.iemn.fr\/wp-content\/uploads\/2018\/06\/slider_champ_proche2.jpg\" class=\"ls-bg\" alt=\"\" srcset=\"https:\/\/www.iemn.fr\/wp-content\/uploads\/2018\/06\/slider_champ_proche2.jpg 2600w, https:\/\/www.iemn.fr\/wp-content\/uploads\/2018\/06\/slider_champ_proche2-300x31.jpg 300w, https:\/\/www.iemn.fr\/wp-content\/uploads\/2018\/06\/slider_champ_proche2-768x80.jpg 768w, https:\/\/www.iemn.fr\/wp-content\/uploads\/2018\/06\/slider_champ_proche2-1030x107.jpg 1030w, https:\/\/www.iemn.fr\/wp-content\/uploads\/2018\/06\/slider_champ_proche2-1500x156.jpg 1500w, https:\/\/www.iemn.fr\/wp-content\/uploads\/2018\/06\/slider_champ_proche2-705x73.jpg 705w\" sizes=\"auto, (max-width: 2600px) 100vw, 2600px\" \/><ls-layer style=\"font-size:14px;text-align:left;font-style:normal;text-decoration:none;text-transform:none;font-weight:700;letter-spacing:0px;background-position:0% 0%;background-repeat:no-repeat;mix-blend-mode:normal;top:231px;left:0px;height:30px;line-height:32px;color:#ffffff;border-radius:6px 6px 6px 6px;padding-left:50px;background-color:rgba(0, 0, 0, 0.57);width:300px;\" class=\"ls-l ls-ib-icon ls-text-layer\" data-ls=\"minfontsize:0;minmobilefontsize:0;\"><i class=\"fa fa-user-circle\" style=\"color:#f2f2f2;margin-right:0.8em;font-size:1em;transform:translateY( -0.125em );\"><\/i>PCP :  P\u00d4LE CHAMP PROCHE<\/ls-layer><\/div><\/div><\/div><div id='after_layer_slider_1'  class='main_color av_default_container_wrap container_wrap sidebar_right'  ><div class='container av-section-cont-open' ><div class='template-page content  av-content-small alpha units'><div class='post-entry post-entry-type-page post-entry-12414'><div class='entry-content-wrapper clearfix'>\n\n<style type=\"text\/css\" data-created_by=\"avia_inline_auto\" id=\"style-css-av-im1hry-db1ab8e27fa4e8796dd00e9cc74c2542\">\n#top .av-special-heading.av-im1hry-db1ab8e27fa4e8796dd00e9cc74c2542{\npadding-bottom:20px;\n}\nbody .av-special-heading.av-im1hry-db1ab8e27fa4e8796dd00e9cc74c2542 .av-special-heading-tag .heading-char{\nfont-size:25px;\n}\n.av-special-heading.av-im1hry-db1ab8e27fa4e8796dd00e9cc74c2542 .av-subheading{\nfont-size:15px;\n}\n<\/style>\n<div  class='av-special-heading av-im1hry-db1ab8e27fa4e8796dd00e9cc74c2542 av-special-heading-h3  avia-builder-el-1  el_after_av_layerslider  el_before_av_one_full  avia-builder-el-first'><h3 class='av-special-heading-tag'  itemprop=\"headline\"  >Air Domain<\/h3><div class=\"special-heading-border\"><div class=\"special-heading-inner-border\"><\/div><\/div><\/div>\n\n<style type=\"text\/css\" data-created_by=\"avia_inline_auto\" id=\"style-css-av-oylswu-10845431d3d4c6fb5e0347b8f2388065\">\n.flex_column.av-oylswu-10845431d3d4c6fb5e0347b8f2388065{\nborder-radius:0px 0px 0px 0px;\npadding:0px 0px 0px 0px;\n}\n<\/style>\n<div  class='flex_column av-oylswu-10845431d3d4c6fb5e0347b8f2388065 av_one_full  avia-builder-el-2  el_after_av_heading  el_before_av_one_full  first flex_column_div av-zero-column-padding'     ><section  class='av_textblock_section av-jiabq3ty-4adf100cabee0e84965ec7f4ee7c374d'   itemscope=\"itemscope\" itemtype=\"https:\/\/schema.org\/CreativeWork\" ><div class='avia_textblock'  itemprop=\"text\" ><p><a href=\"https:\/\/www.iemn.fr\/wp-content\/uploads\/2018\/08\/champ_proche_domaine_air.jpg\"><img loading=\"lazy\" decoding=\"async\" class=\"alignright wp-image-19973 size-full\" src=\"https:\/\/www.iemn.fr\/wp-content\/uploads\/2018\/08\/champ_proche_domaine_air.jpg\" alt=\"\" width=\"188\" height=\"250\" \/><\/a>The 6 atomic force microscopes (AFM) of the pole allow to measure the topography of a surface at the nanometer scale and to extract various properties in a non-destructive way: electrical and electro-magnetic conductivity and properties, piezo effects, thermal properties, mechanical properties.<\/p>\n<p class=\"translation-block\">The complementary nature of the instruments allows for the study of a wide variety of <strong>materials or components<\/strong><\/p>\n<ul>\n<li>Can reach 20cm in diameter or smaller than 1cm;<\/li>\n<li>In the open air, in a controlled atmosphere, in a liquid medium;<\/li>\n<li>Depending on the temperature ;<\/li>\n<li>In operation (polarization, external stimuli, etc.);<\/li>\n<li>Can be studied simultaneously by other experimental means (optical for example).<\/li>\n<\/ul>\n<p>Equipements exemples : Bruker Icon, Multimode, Bioscope, Dimension, Nanonis by Specs.<\/p>\n<\/div><\/section><\/div>\n\n<style type=\"text\/css\" data-created_by=\"avia_inline_auto\" id=\"style-css-av-r0deri-e6230e890fb1e33a6abe69b713170e10\">\n.flex_column.av-r0deri-e6230e890fb1e33a6abe69b713170e10{\nborder-radius:0px 0px 0px 0px;\npadding:0px 0px 0px 0px;\n}\n<\/style>\n<div  class='flex_column av-r0deri-e6230e890fb1e33a6abe69b713170e10 av_one_full  avia-builder-el-4  el_after_av_one_full  el_before_av_one_full  first flex_column_div av-zero-column-padding  column-top-margin'     ><section  class='av_textblock_section av-jiabrj9g-b66c8d05960a5eb60f6c273145f60ce1'   itemscope=\"itemscope\" itemtype=\"https:\/\/schema.org\/CreativeWork\" ><div class='avia_textblock'  itemprop=\"text\" ><h4>Deposits of organic thin films under vacuum are also proposed (parylene, pentacene,...).<\/h4>\n<div id=\"attachment_18118\" style=\"width: 410px\" class=\"wp-caption alignright\"><a href=\"https:\/\/www.iemn.fr\/wp-content\/uploads\/2018\/06\/champ_proche_1_rugosite_hauteur.png\"><img loading=\"lazy\" decoding=\"async\" aria-describedby=\"caption-attachment-18118\" class=\"wp-image-18118\" src=\"https:\/\/www.iemn.fr\/wp-content\/uploads\/2018\/06\/champ_proche_1_rugosite_hauteur.png\" alt=\"\" width=\"400\" height=\"192\" srcset=\"https:\/\/www.iemn.fr\/wp-content\/uploads\/2018\/06\/champ_proche_1_rugosite_hauteur.png 638w, https:\/\/www.iemn.fr\/wp-content\/uploads\/2018\/06\/champ_proche_1_rugosite_hauteur-300x144.png 300w\" sizes=\"auto, (max-width: 400px) 100vw, 400px\" \/><\/a><p id=\"caption-attachment-18118\" class=\"wp-caption-text\">Measurement of roughness and etch height of transistor gate recess. Observation of the growth of GaSb\/GaAs islands<\/p><\/div>\n<ul>\n<li class=\"translation-block\"><strong>Topographic monitoring of technological process and material growth. <\/strong>The achievements of the nanofabrication plant are thus analyzed with the best resolution.<\/li>\n<\/ul>\n<\/div><\/section><br \/>\n<section  class='av_textblock_section av-jiabx0am-ba1ecc6ec6c9748b24909b85e6bdc511'   itemscope=\"itemscope\" itemtype=\"https:\/\/schema.org\/CreativeWork\" ><div class='avia_textblock'  itemprop=\"text\" ><div id=\"attachment_18249\" style=\"width: 410px\" class=\"wp-caption alignright\"><a href=\"https:\/\/www.iemn.fr\/wp-content\/uploads\/2018\/06\/champ_proche_2-1.png\"><img loading=\"lazy\" decoding=\"async\" aria-describedby=\"caption-attachment-18249\" class=\"wp-image-18249 size-full\" src=\"https:\/\/www.iemn.fr\/wp-content\/uploads\/2018\/06\/champ_proche_2-1.png\" alt=\"\" width=\"400\" height=\"192\" srcset=\"https:\/\/www.iemn.fr\/wp-content\/uploads\/2018\/06\/champ_proche_2-1.png 400w, https:\/\/www.iemn.fr\/wp-content\/uploads\/2018\/06\/champ_proche_2-1-300x144.png 300w\" sizes=\"auto, (max-width: 400px) 100vw, 400px\" \/><\/a><p id=\"caption-attachment-18249\" class=\"wp-caption-text\">CAFM of molecular junctions: Current image of a gold nanocrystal array functionalized with thiols.<\/p><\/div>\n<ul>\n<li><strong>Caract\u00e9risation locale sans contact des propri\u00e9t\u00e9s physiques du mat\u00e9riau. <\/strong>Conductivit\u00e9 \u00e9lectrique par CAFM ou thermique par SthM, R\u00e9ponse pi\u00e9zo\u00e9lectrique par PFM, Mesure de force d\u2019adh\u00e9sion et de propri\u00e9t\u00e9 m\u00e9canique par spectroscopie de force.<\/li>\n<\/ul>\n<\/div><\/section><br \/>\n<section  class='av_textblock_section av-jiabxjn2-4aae7af62d34e6a4adb44ae055746e9f'   itemscope=\"itemscope\" itemtype=\"https:\/\/schema.org\/CreativeWork\" ><div class='avia_textblock'  itemprop=\"text\" ><div id=\"attachment_18121\" style=\"width: 410px\" class=\"wp-caption alignright\"><a href=\"https:\/\/www.iemn.fr\/wp-content\/uploads\/2018\/06\/champ_proche_3_capteur_gaz.png\"><img loading=\"lazy\" decoding=\"async\" aria-describedby=\"caption-attachment-18121\" class=\"wp-image-18121\" src=\"https:\/\/www.iemn.fr\/wp-content\/uploads\/2018\/06\/champ_proche_3_capteur_gaz.png\" alt=\"\" width=\"400\" height=\"198\" srcset=\"https:\/\/www.iemn.fr\/wp-content\/uploads\/2018\/06\/champ_proche_3_capteur_gaz.png 631w, https:\/\/www.iemn.fr\/wp-content\/uploads\/2018\/06\/champ_proche_3_capteur_gaz-300x148.png 300w\" sizes=\"auto, (max-width: 400px) 100vw, 400px\" \/><\/a><p id=\"caption-attachment-18121\" class=\"wp-caption-text\">Topography and KPFM image of a silicon nanoribbon-based gas sensor.<\/p><\/div>\n<ul>\n<li class=\"translation-block\"><strong>Local Non-contact characterization of physical properties of the surface. <\/strong>Measurement of electrostatic and magnetic forces (EFM MFM), measurement of surface charges or stored in nanocrystals, measurement of surface potential (KPFM)<\/li>\n<\/ul>\n<\/div><\/section><br \/>\n<section  class='av_textblock_section av-jiac9p1a-82f12ee0f62c1591b0c237dfe8997630'   itemscope=\"itemscope\" itemtype=\"https:\/\/schema.org\/CreativeWork\" ><div class='avia_textblock'  itemprop=\"text\" ><h4>Others<\/h4>\n<ul>\n<li class=\"translation-block\"><strong>External work:<\/strong> Observation of protein fouling of stainless steel and glass, inactivated nano Viruses, grafted polymers, anti-fog glasses ...<\/li>\n<\/ul>\n<\/div><\/section><\/p><\/div>\n<style type=\"text\/css\" data-created_by=\"avia_inline_auto\" id=\"style-css-av-iiy1fi-26d7c038052911ed2169a278337fdda0\">\n.flex_column.av-iiy1fi-26d7c038052911ed2169a278337fdda0{\nborder-radius:0px 0px 0px 0px;\npadding:0px 0px 0px 0px;\n}\n<\/style>\n<div  class='flex_column av-iiy1fi-26d7c038052911ed2169a278337fdda0 av_one_full  avia-builder-el-9  el_after_av_one_full  avia-builder-el-last  first flex_column_div av-zero-column-padding  column-top-margin'     ><section  class='av_textblock_section av-jiac8xu8-11e9dea000e988ec527d0ea0cef725bc'   itemscope=\"itemscope\" itemtype=\"https:\/\/schema.org\/CreativeWork\" ><div class='avia_textblock'  itemprop=\"text\" ><blockquote>\n<p><strong>Contact:<\/strong> Louis THOMAS<br \/>\n<a href=\"mailto:louis.thomas@univ-lille.fr\">louis.thomas@<span id=\"OBJ_PREFIX_DWT48_ZmEmailObjectHandler\" class=\"Object\" role=\"link\"><span id=\"OBJ_PREFIX_DWT57_ZmEmailObjectHandler\" class=\"Object-hover\" role=\"link\">univ-lille.fr<\/span><\/span><\/a> 03 20 19 78 63<\/p>\n<\/blockquote>\n<p class=\"translation-block\"><strong>Application areas:<\/strong> Topography, Physical Nanocaracterization<\/p>\n<\/div><\/section><\/div><\/p>","protected":false},"excerpt":{"rendered":"<p> AFM, CAFM, PFM, SthM, EFM\/KPFM, Nanomechanique<\/p>","protected":false},"author":12,"featured_media":0,"parent":18085,"menu_order":10,"comment_status":"closed","ping_status":"closed","template":"","meta":{"footnotes":""},"class_list":["post-12414","page","type-page","status-publish","hentry"],"_links":{"self":[{"href":"https:\/\/www.iemn.fr\/en\/wp-json\/wp\/v2\/pages\/12414","targetHints":{"allow":["GET"]}}],"collection":[{"href":"https:\/\/www.iemn.fr\/en\/wp-json\/wp\/v2\/pages"}],"about":[{"href":"https:\/\/www.iemn.fr\/en\/wp-json\/wp\/v2\/types\/page"}],"author":[{"embeddable":true,"href":"https:\/\/www.iemn.fr\/en\/wp-json\/wp\/v2\/users\/12"}],"replies":[{"embeddable":true,"href":"https:\/\/www.iemn.fr\/en\/wp-json\/wp\/v2\/comments?post=12414"}],"version-history":[{"count":0,"href":"https:\/\/www.iemn.fr\/en\/wp-json\/wp\/v2\/pages\/12414\/revisions"}],"up":[{"embeddable":true,"href":"https:\/\/www.iemn.fr\/en\/wp-json\/wp\/v2\/pages\/18085"}],"wp:attachment":[{"href":"https:\/\/www.iemn.fr\/en\/wp-json\/wp\/v2\/media?parent=12414"}],"curies":[{"name":"wp","href":"https:\/\/api.w.org\/{rel}","templated":true}]}}