{"id":12410,"date":"2016-11-07T15:41:30","date_gmt":"2016-11-07T13:41:30","guid":{"rendered":"http:\/\/dev-iemn.lan\/?page_id=9956"},"modified":"2025-05-19T16:04:33","modified_gmt":"2025-05-19T14:04:33","slug":"uhv","status":"publish","type":"page","link":"https:\/\/www.iemn.fr\/en\/les_plateformes\/plateforme-de-caracterisation-multi-physique-pcmp\/microscopie-champ-proche\/uhv","title":{"rendered":"UHV domain"},"content":{"rendered":"<div id='layer_slider_1'  class='avia-layerslider main_color avia-shadow  avia-builder-el-0  el_before_av_heading  avia-builder-el-first  container_wrap sidebar_right'  style='height: 261px;'  ><div id=\"layerslider_25_n8q27p2dxper\" data-ls-slug=\"homepageslider\" class=\"ls-wp-container fitvidsignore ls-selectable\" style=\"width:1140px;height:260px;margin:0 auto;margin-bottom: 0px;\"><div class=\"ls-slide\" data-ls=\"duration:6000;transition2d:5;\"><img loading=\"lazy\" decoding=\"async\" width=\"2600\" height=\"270\" src=\"https:\/\/www.iemn.fr\/wp-content\/uploads\/2018\/09\/sliders_champ_proche1b.jpg\" class=\"ls-bg\" alt=\"\" srcset=\"https:\/\/www.iemn.fr\/wp-content\/uploads\/2018\/09\/sliders_champ_proche1b.jpg 2600w, https:\/\/www.iemn.fr\/wp-content\/uploads\/2018\/09\/sliders_champ_proche1b-300x31.jpg 300w, https:\/\/www.iemn.fr\/wp-content\/uploads\/2018\/09\/sliders_champ_proche1b-768x80.jpg 768w, https:\/\/www.iemn.fr\/wp-content\/uploads\/2018\/09\/sliders_champ_proche1b-1030x107.jpg 1030w, https:\/\/www.iemn.fr\/wp-content\/uploads\/2018\/09\/sliders_champ_proche1b-1500x156.jpg 1500w, https:\/\/www.iemn.fr\/wp-content\/uploads\/2018\/09\/sliders_champ_proche1b-705x73.jpg 705w\" sizes=\"auto, (max-width: 2600px) 100vw, 2600px\" \/><ls-layer style=\"font-size:14px;text-align:left;font-style:normal;text-decoration:none;text-transform:none;font-weight:700;letter-spacing:0px;background-position:0% 0%;background-repeat:no-repeat;mix-blend-mode:normal;top:231px;left:0px;height:30px;line-height:32px;color:#ffffff;border-radius:6px 6px 6px 6px;padding-left:50px;background-color:rgba(0, 0, 0, 0.57);width:300px;\" class=\"ls-l ls-ib-icon ls-text-layer\" data-ls=\"minfontsize:0;minmobilefontsize:0;\"><i class=\"fa fa-user-circle\" style=\"color:#f2f2f2;margin-right:0.8em;font-size:1em;transform:translateY( -0.125em );\"><\/i>PCP :  P\u00d4LE CHAMP PROCHE<\/ls-layer><\/div><div class=\"ls-slide\" data-ls=\"duration:6000;transition2d:5;\"><img loading=\"lazy\" decoding=\"async\" width=\"2600\" height=\"270\" src=\"https:\/\/www.iemn.fr\/wp-content\/uploads\/2018\/06\/slider_champ_proche1.jpg\" class=\"ls-bg\" alt=\"\" srcset=\"https:\/\/www.iemn.fr\/wp-content\/uploads\/2018\/06\/slider_champ_proche1.jpg 2600w, https:\/\/www.iemn.fr\/wp-content\/uploads\/2018\/06\/slider_champ_proche1-300x31.jpg 300w, https:\/\/www.iemn.fr\/wp-content\/uploads\/2018\/06\/slider_champ_proche1-768x80.jpg 768w, https:\/\/www.iemn.fr\/wp-content\/uploads\/2018\/06\/slider_champ_proche1-1030x107.jpg 1030w, https:\/\/www.iemn.fr\/wp-content\/uploads\/2018\/06\/slider_champ_proche1-1500x156.jpg 1500w, https:\/\/www.iemn.fr\/wp-content\/uploads\/2018\/06\/slider_champ_proche1-705x73.jpg 705w\" sizes=\"auto, (max-width: 2600px) 100vw, 2600px\" \/><ls-layer style=\"font-size:14px;text-align:left;font-style:normal;text-decoration:none;text-transform:none;font-weight:700;letter-spacing:0px;background-position:0% 0%;background-repeat:no-repeat;mix-blend-mode:normal;top:231px;left:0px;height:30px;line-height:32px;color:#ffffff;border-radius:6px 6px 6px 6px;padding-left:50px;background-color:rgba(0, 0, 0, 0.57);width:300px;\" class=\"ls-l ls-ib-icon ls-text-layer\" data-ls=\"minfontsize:0;minmobilefontsize:0;\"><i class=\"fa fa-user-circle\" style=\"color:#f2f2f2;margin-right:0.8em;font-size:1em;transform:translateY( -0.125em );\"><\/i>PCP :  P\u00d4LE CHAMP PROCHE<\/ls-layer><\/div><div class=\"ls-slide\" data-ls=\"duration:4000;transition2d:5;\"><img loading=\"lazy\" decoding=\"async\" width=\"2600\" height=\"270\" src=\"https:\/\/www.iemn.fr\/wp-content\/uploads\/2018\/06\/slider_champ_proche2.jpg\" class=\"ls-bg\" alt=\"\" srcset=\"https:\/\/www.iemn.fr\/wp-content\/uploads\/2018\/06\/slider_champ_proche2.jpg 2600w, https:\/\/www.iemn.fr\/wp-content\/uploads\/2018\/06\/slider_champ_proche2-300x31.jpg 300w, https:\/\/www.iemn.fr\/wp-content\/uploads\/2018\/06\/slider_champ_proche2-768x80.jpg 768w, https:\/\/www.iemn.fr\/wp-content\/uploads\/2018\/06\/slider_champ_proche2-1030x107.jpg 1030w, https:\/\/www.iemn.fr\/wp-content\/uploads\/2018\/06\/slider_champ_proche2-1500x156.jpg 1500w, https:\/\/www.iemn.fr\/wp-content\/uploads\/2018\/06\/slider_champ_proche2-705x73.jpg 705w\" sizes=\"auto, (max-width: 2600px) 100vw, 2600px\" \/><ls-layer style=\"font-size:14px;text-align:left;font-style:normal;text-decoration:none;text-transform:none;font-weight:700;letter-spacing:0px;background-position:0% 0%;background-repeat:no-repeat;mix-blend-mode:normal;top:231px;left:0px;height:30px;line-height:32px;color:#ffffff;border-radius:6px 6px 6px 6px;padding-left:50px;background-color:rgba(0, 0, 0, 0.57);width:300px;\" class=\"ls-l ls-ib-icon ls-text-layer\" data-ls=\"minfontsize:0;minmobilefontsize:0;\"><i class=\"fa fa-user-circle\" style=\"color:#f2f2f2;margin-right:0.8em;font-size:1em;transform:translateY( -0.125em );\"><\/i>PCP :  P\u00d4LE CHAMP PROCHE<\/ls-layer><\/div><\/div><\/div><div id='after_layer_slider_1'  class='main_color av_default_container_wrap container_wrap sidebar_right'  ><div class='container av-section-cont-open' ><div class='template-page content  av-content-small alpha units'><div class='post-entry post-entry-type-page post-entry-12410'><div class='entry-content-wrapper clearfix'>\n\n<style type=\"text\/css\" data-created_by=\"avia_inline_auto\" id=\"style-css-av-luhvp6-0e4f51865d85f629d253ede6096ff214\">\n#top .av-special-heading.av-luhvp6-0e4f51865d85f629d253ede6096ff214{\npadding-bottom:20px;\n}\nbody .av-special-heading.av-luhvp6-0e4f51865d85f629d253ede6096ff214 .av-special-heading-tag .heading-char{\nfont-size:25px;\n}\n.av-special-heading.av-luhvp6-0e4f51865d85f629d253ede6096ff214 .av-subheading{\nfont-size:15px;\n}\n<\/style>\n<div  class='av-special-heading av-luhvp6-0e4f51865d85f629d253ede6096ff214 av-special-heading-h3  avia-builder-el-1  el_after_av_layerslider  el_before_av_one_full  avia-builder-el-first'><h3 class='av-special-heading-tag'  itemprop=\"headline\"  >UHV domain<\/h3><div class=\"special-heading-border\"><div class=\"special-heading-inner-border\"><\/div><\/div><\/div>\n\n<style type=\"text\/css\" data-created_by=\"avia_inline_auto\" id=\"style-css-av-uef9ru-29df9f66df4c817184db02d8f3f0a4c1\">\n.flex_column.av-uef9ru-29df9f66df4c817184db02d8f3f0a4c1{\nborder-radius:0px 0px 0px 0px;\npadding:0px 0px 0px 0px;\n}\n<\/style>\n<div  class='flex_column av-uef9ru-29df9f66df4c817184db02d8f3f0a4c1 av_one_full  avia-builder-el-2  el_after_av_heading  el_before_av_one_full  first flex_column_div av-zero-column-padding'     ><section  class='av_textblock_section av-jibgtlvs-b064501955520d22080ec27e3e4b2f33'   itemscope=\"itemscope\" itemtype=\"https:\/\/schema.org\/CreativeWork\" ><div class='avia_textblock'  itemprop=\"text\" ><p><a href=\"https:\/\/www.iemn.fr\/wp-content\/uploads\/2018\/06\/champ_proche_uhv.png\"><img loading=\"lazy\" decoding=\"async\" class=\"wp-image-18221 alignleft\" src=\"https:\/\/www.iemn.fr\/wp-content\/uploads\/2018\/06\/champ_proche_uhv.png\" alt=\"\" width=\"191\" height=\"255\" \/><\/a>Les 5 instruments Ultra-vide (UHV) de l\u2019IEMN couvrent une large gamme de caract\u00e9ristiques permettant de r\u00e9pondre aux demandes les plus pointues des scientifiques dans les domaines des <strong>nanosciences, de l\u2019\u00e9lectronique ou des technologies de rupture.<\/strong><\/p>\n<p>Capables d\u2019imager et d\u2019analyser les propri\u00e9t\u00e9s de toute surface \u00e0 l\u2019<strong>the atomic scale.<\/strong>, ces microscopes sont install\u00e9s dans des b\u00e2tis UHV dot\u00e9s de <strong>moyens de pr\u00e9paration et d\u2019analyse<\/strong> annexes. Ces dispositifs permettent de mener une \u00e9tude compl\u00e8te <strong>in-situ<\/strong>, de l\u2019\u00e9laboration \u00e0 la caract\u00e9risation d\u2019un mat\u00e9riau.<\/p>\n<p>Exemples d\u2019\u00e9quipements : Omicron RT-STM, VT-AFM\/STM, LT-STM, Nanoprobe. SPECS JT-AFM\/STM. Laser Ti:Sapphire Spectra-Physics Mai-Tai HP.<\/p>\n<\/div><\/section><\/div>\n\n<style type=\"text\/css\" data-created_by=\"avia_inline_auto\" id=\"style-css-av-1bqm4e2-82cc53ffbe8acb768582b26e466fa61d\">\n.flex_column.av-1bqm4e2-82cc53ffbe8acb768582b26e466fa61d{\nborder-radius:0px 0px 0px 0px;\npadding:0px 0px 0px 0px;\n}\n<\/style>\n<div  class='flex_column av-1bqm4e2-82cc53ffbe8acb768582b26e466fa61d av_one_full  avia-builder-el-4  el_after_av_one_full  el_before_av_one_full  first flex_column_div av-zero-column-padding  column-top-margin'     ><section  class='av_textblock_section av-t817i2-f987f5c84f074a76010147c739e288ab'   itemscope=\"itemscope\" itemtype=\"https:\/\/schema.org\/CreativeWork\" ><div class='avia_textblock'  itemprop=\"text\" ><h4 style=\"text-align: left;\">Deposits of organic thin films under vacuum are also proposed (parylene, pentacene,...).<\/h4>\n<ul>\n<li>\n<div id=\"attachment_18205\" style=\"width: 410px\" class=\"wp-caption alignright\"><a href=\"https:\/\/www.iemn.fr\/wp-content\/uploads\/2018\/06\/champ_proche_1_monocouche_silicene.png\"><img loading=\"lazy\" decoding=\"async\" aria-describedby=\"caption-attachment-18205\" class=\"wp-image-18205\" src=\"https:\/\/www.iemn.fr\/wp-content\/uploads\/2018\/06\/champ_proche_1_monocouche_silicene.png\" alt=\"\" width=\"400\" height=\"164\" srcset=\"https:\/\/www.iemn.fr\/wp-content\/uploads\/2018\/06\/champ_proche_1_monocouche_silicene.png 667w, https:\/\/www.iemn.fr\/wp-content\/uploads\/2018\/06\/champ_proche_1_monocouche_silicene-300x123.png 300w\" sizes=\"auto, (max-width: 400px) 100vw, 400px\" \/><\/a><p id=\"caption-attachment-18205\" class=\"wp-caption-text\">Croissance d\u2019une monocouche de silicene sur Ag(111) et \u00e9tude combin\u00e9e STM, STS (T=77K), LEED et Raman.<\/p><\/div><\/p>\n<p>Pr\u00e9paration in-situ d\u2019\u00e9chantillons, d\u00e9p\u00f4t et croissance de nanostructures, analyse combin\u00e9e de surfaces par spectroscopie AUGER, diffraction d\u2019\u00e9lectrons lents (LEED) et STM<\/li>\n<\/ul>\n<\/div><\/section><br \/>\n<section  class='av_textblock_section av-jibi24x9-c32d54f0cf048cb30920897629ca2d44'   itemscope=\"itemscope\" itemtype=\"https:\/\/schema.org\/CreativeWork\" ><div class='avia_textblock'  itemprop=\"text\" ><ul>\n<li>\n<div id=\"attachment_18207\" style=\"width: 410px\" class=\"wp-caption alignright\"><a href=\"https:\/\/www.iemn.fr\/wp-content\/uploads\/2018\/06\/champ_proche_2_nanocristaux.png\"><img loading=\"lazy\" decoding=\"async\" aria-describedby=\"caption-attachment-18207\" class=\"wp-image-18207\" src=\"https:\/\/www.iemn.fr\/wp-content\/uploads\/2018\/06\/champ_proche_2_nanocristaux.png\" alt=\"\" width=\"400\" height=\"223\" srcset=\"https:\/\/www.iemn.fr\/wp-content\/uploads\/2018\/06\/champ_proche_2_nanocristaux.png 541w, https:\/\/www.iemn.fr\/wp-content\/uploads\/2018\/06\/champ_proche_2_nanocristaux-300x167.png 300w\" sizes=\"auto, (max-width: 400px) 100vw, 400px\" \/><\/a><p id=\"caption-attachment-18207\" class=\"wp-caption-text\">Mesure des transferts de charge entre nanocristaux dop\u00e9s et leur environnement par KPFM<\/p><\/div><\/p>\n<p>Analyse topographique et spectroscopique sur tous types de mat\u00e9riaux, \u00e0 l\u2019\u00e9chelle atomique, sur une large gamme de temp\u00e9ratures (1 \u00e0 500K), sous champ magn\u00e9tique (3 Teslas) par microscopie AFM, STM, EFM, KPFM<\/li>\n<\/ul>\n<\/div><\/section><br \/>\n<section  class='av_textblock_section av-jibi2nax-5cedf3924247d5c808b3747520689ae9'   itemscope=\"itemscope\" itemtype=\"https:\/\/schema.org\/CreativeWork\" ><div class='avia_textblock'  itemprop=\"text\" ><ul>\n<li>\n<div id=\"attachment_18222\" style=\"width: 410px\" class=\"wp-caption alignright\"><a href=\"https:\/\/www.iemn.fr\/wp-content\/uploads\/2018\/06\/champ_proche_3_mesure_STM_STS.png\"><img loading=\"lazy\" decoding=\"async\" aria-describedby=\"caption-attachment-18222\" class=\"wp-image-18222\" src=\"https:\/\/www.iemn.fr\/wp-content\/uploads\/2018\/06\/champ_proche_3_mesure_STM_STS.png\" alt=\"\" width=\"400\" height=\"258\" srcset=\"https:\/\/www.iemn.fr\/wp-content\/uploads\/2018\/06\/champ_proche_3_mesure_STM_STS.png 1030w, https:\/\/www.iemn.fr\/wp-content\/uploads\/2018\/06\/champ_proche_3_mesure_STM_STS-300x194.png 300w, https:\/\/www.iemn.fr\/wp-content\/uploads\/2018\/06\/champ_proche_3_mesure_STM_STS-768x496.png 768w, https:\/\/www.iemn.fr\/wp-content\/uploads\/2018\/06\/champ_proche_3_mesure_STM_STS-705x455.png 705w\" sizes=\"auto, (max-width: 400px) 100vw, 400px\" \/><\/a><p id=\"caption-attachment-18222\" class=\"wp-caption-text\">Mesure STM et STS (T=4K) du coefficient de capture d\u2019un \u00e9tat quantique isol\u00e9 (liaison pendante sur une reconstruction de la surface (111) de silicium dop\u00e9 bore)<\/p><\/div><\/p>\n<p>Nanomanipulation, transport \u00e9lectronique multi-\u00e9chelles, analyse coupl\u00e9e MEB\/STM multipointes sur des syst\u00e8mes complexes (h\u00e9t\u00e9rostructures, composants) et mat\u00e9riaux de faible dimensionnalit\u00e9 individuels (mat\u00e9riaux 1D\u00a0: nanofils, nano-poutres, nano-ressorts\u00a0; mat\u00e9riaux 2D\u00a0: graph\u00e8ne, silic\u00e8ne, etc.)<\/li>\n<\/ul>\n<\/div><\/section><br \/>\n<section  class='av_textblock_section av-jibi322p-be579251f8904872c5df7d4db81f5446'   itemscope=\"itemscope\" itemtype=\"https:\/\/schema.org\/CreativeWork\" ><div class='avia_textblock'  itemprop=\"text\" ><ul>\n<li>\n<div id=\"attachment_18223\" style=\"width: 410px\" class=\"wp-caption alignright\"><a href=\"https:\/\/www.iemn.fr\/wp-content\/uploads\/2018\/06\/champ_proche_4_-transport_electronique.png\"><img loading=\"lazy\" decoding=\"async\" aria-describedby=\"caption-attachment-18223\" class=\"wp-image-18223\" src=\"https:\/\/www.iemn.fr\/wp-content\/uploads\/2018\/06\/champ_proche_4_-transport_electronique.png\" alt=\"\" width=\"400\" height=\"136\" srcset=\"https:\/\/www.iemn.fr\/wp-content\/uploads\/2018\/06\/champ_proche_4_-transport_electronique.png 332w, https:\/\/www.iemn.fr\/wp-content\/uploads\/2018\/06\/champ_proche_4_-transport_electronique-300x102.png 300w\" sizes=\"auto, (max-width: 400px) 100vw, 400px\" \/><\/a><p id=\"caption-attachment-18223\" class=\"wp-caption-text\">\u00c9tude combin\u00e9e: mesure 4 pointes du transport \u00e9lectronique \u00e0 l\u2019\u00e9chelle nm dans des nanofils InAs isol\u00e9s + d\u00e9p\u00f4t et imagerie STM \u00e0 l\u2019\u00e9chelle atomique de nanofils InAs<\/p><\/div><\/p>\n<p>D\u00e9p\u00f4t de nanofils et de mol\u00e9cules organiques<\/li>\n<\/ul>\n<\/div><\/section><br \/>\n<section  class='av_textblock_section av-jibgzphh-2a4f3ba6cd384f983b31f5a8eaab50f5'   itemscope=\"itemscope\" itemtype=\"https:\/\/schema.org\/CreativeWork\" ><div class='avia_textblock'  itemprop=\"text\" ><h4>Autres expertises<\/h4>\n<ul>\n<li>Cryo-magn\u00e9to-transport (9 Tesla, 1.7K)<\/li>\n<li>D\u00e9veloppement instrumental, couplage de techniques : AFM\/MEB, Laser femto-seconde\/STM\/MEB, Raman\/STM en UHV<\/li>\n<li>Croissance de mat\u00e9riaux 2D et de nanostructures sur demande<\/li>\n<li>Analyse chimique des surfaces par Auger et LEED<\/li>\n<li>Raman sous ultra Vide<\/li>\n<\/ul>\n<\/div><\/section><\/p><\/div>\n\n<style type=\"text\/css\" data-created_by=\"avia_inline_auto\" id=\"style-css-av-p3ypcq-768787e6addb8c24acb595ce2309e44b\">\n.flex_column.av-p3ypcq-768787e6addb8c24acb595ce2309e44b{\nborder-radius:0px 0px 0px 0px;\npadding:0px 0px 0px 0px;\n}\n<\/style>\n<div  class='flex_column av-p3ypcq-768787e6addb8c24acb595ce2309e44b av_one_full  avia-builder-el-10  el_after_av_one_full  avia-builder-el-last  first flex_column_div av-zero-column-padding  column-top-margin'     ><section  class='av_textblock_section av-jibh6p75-84f8cd788a429ceab95bbf431aa0f77f'   itemscope=\"itemscope\" itemtype=\"https:\/\/schema.org\/CreativeWork\" ><div class='avia_textblock'  itemprop=\"text\" ><blockquote>\n<p><strong>Contact:<\/strong><\/p>\n<p>Maxime BERTHE (STM, STS, Nanoprobe\/4 pointes)<br \/>\nmaxime.berthe<img loading=\"lazy\" decoding=\"async\" class=\"align=absbottom wp-image-73335 size-full\" src=\"https:\/\/www.iemn.fr\/wp-content\/uploads\/2025\/05\/arobase6.png\" alt=\"\" width=\"16\" height=\"14\" srcset=\"https:\/\/www.iemn.fr\/wp-content\/uploads\/2025\/05\/arobase6.png 16w, https:\/\/www.iemn.fr\/wp-content\/uploads\/2025\/05\/arobase6-14x12.png 14w\" sizes=\"auto, (max-width: 16px) 100vw, 16px\" \/>iemn.fr 03 20 19 79 79<\/p>\n<p>Sylvie GODEY (STM\/AFM, KPFM)<br \/>\nsylvie.godey<img loading=\"lazy\" decoding=\"async\" class=\"align=absbottom wp-image-73335 size-full\" src=\"https:\/\/www.iemn.fr\/wp-content\/uploads\/2025\/05\/arobase6.png\" alt=\"\" width=\"16\" height=\"14\" srcset=\"https:\/\/www.iemn.fr\/wp-content\/uploads\/2025\/05\/arobase6.png 16w, https:\/\/www.iemn.fr\/wp-content\/uploads\/2025\/05\/arobase6-14x12.png 14w\" sizes=\"auto, (max-width: 16px) 100vw, 16px\" \/><span id=\"OBJ_PREFIX_DWT48_ZmEmailObjectHandler\" class=\"Object\" role=\"link\"><span id=\"OBJ_PREFIX_DWT57_ZmEmailObjectHandler\" class=\"Object-hover\" role=\"link\">univ-lille.fr<\/span><\/span> 03 20 19 79 79<\/p>\n<\/blockquote>\n<p class=\"translation-block\"><strong>Application areas:<\/strong> Topography, Physical Nanocaracterization<\/p>\n<p><strong>Key words :<\/strong> AFM, CAFM, PFM, SthM, EFM\/KPFM, Nanomechanique<\/p>\n<\/div><\/section><\/div>","protected":false},"excerpt":{"rendered":"","protected":false},"author":12,"featured_media":0,"parent":18085,"menu_order":20,"comment_status":"open","ping_status":"closed","template":"","meta":{"footnotes":""},"class_list":["post-12410","page","type-page","status-publish","hentry"],"_links":{"self":[{"href":"https:\/\/www.iemn.fr\/en\/wp-json\/wp\/v2\/pages\/12410","targetHints":{"allow":["GET"]}}],"collection":[{"href":"https:\/\/www.iemn.fr\/en\/wp-json\/wp\/v2\/pages"}],"about":[{"href":"https:\/\/www.iemn.fr\/en\/wp-json\/wp\/v2\/types\/page"}],"author":[{"embeddable":true,"href":"https:\/\/www.iemn.fr\/en\/wp-json\/wp\/v2\/users\/12"}],"replies":[{"embeddable":true,"href":"https:\/\/www.iemn.fr\/en\/wp-json\/wp\/v2\/comments?post=12410"}],"version-history":[{"count":2,"href":"https:\/\/www.iemn.fr\/en\/wp-json\/wp\/v2\/pages\/12410\/revisions"}],"predecessor-version":[{"id":73611,"href":"https:\/\/www.iemn.fr\/en\/wp-json\/wp\/v2\/pages\/12410\/revisions\/73611"}],"up":[{"embeddable":true,"href":"https:\/\/www.iemn.fr\/en\/wp-json\/wp\/v2\/pages\/18085"}],"wp:attachment":[{"href":"https:\/\/www.iemn.fr\/en\/wp-json\/wp\/v2\/media?parent=12410"}],"curies":[{"name":"wp","href":"https:\/\/api.w.org\/{rel}","templated":true}]}}