{"id":124,"date":"2012-03-16T16:29:10","date_gmt":"2012-03-16T14:29:10","guid":{"rendered":"https:\/\/www.iemn.fr\/?page_id=124"},"modified":"2025-09-18T13:41:52","modified_gmt":"2025-09-18T11:41:52","slug":"cellule-projets","status":"publish","type":"page","link":"https:\/\/www.iemn.fr\/en\/les_plateformes\/prestations\/cellule-projets","title":{"rendered":"Cellule d&rsquo;accueil projets Renatech"},"content":{"rendered":"<div id='layer_slider_1'  class='avia-layerslider main_color avia-shadow  avia-builder-el-0  el_before_av_one_full  avia-builder-el-first  container_wrap sidebar_right'  style='height: 261px;'  ><div id=\"layerslider_5_4sk97mmrzdfk\" data-ls-slug=\"homepageslider\" class=\"ls-wp-container fitvidsignore ls-selectable\" style=\"width:1140px;height:260px;margin:0 auto;margin-bottom: 0px;\"><div class=\"ls-slide\" data-ls=\"duration:6000;transition2d:5;\"><img loading=\"lazy\" decoding=\"async\" width=\"2560\" height=\"266\" src=\"https:\/\/www.iemn.fr\/wp-content\/uploads\/2020\/03\/future2-scaled.jpg\" class=\"ls-bg\" alt=\"\" srcset=\"https:\/\/www.iemn.fr\/wp-content\/uploads\/2020\/03\/future2-scaled.jpg 2560w, https:\/\/www.iemn.fr\/wp-content\/uploads\/2020\/03\/future2-300x31.jpg 300w, https:\/\/www.iemn.fr\/wp-content\/uploads\/2020\/03\/future2-1030x107.jpg 1030w, https:\/\/www.iemn.fr\/wp-content\/uploads\/2020\/03\/future2-768x80.jpg 768w, https:\/\/www.iemn.fr\/wp-content\/uploads\/2020\/03\/future2-1536x160.jpg 1536w, https:\/\/www.iemn.fr\/wp-content\/uploads\/2020\/03\/future2-2048x213.jpg 2048w, https:\/\/www.iemn.fr\/wp-content\/uploads\/2020\/03\/future2-1500x156.jpg 1500w, https:\/\/www.iemn.fr\/wp-content\/uploads\/2020\/03\/future2-705x73.jpg 705w\" sizes=\"auto, (max-width: 2560px) 100vw, 2560px\" \/><img loading=\"lazy\" decoding=\"async\" width=\"238\" height=\"247\" src=\"https:\/\/www.iemn.fr\/wp-content\/uploads\/2017\/04\/iemn_rond_trans.gif\" class=\"ls-l ls-img-layer\" alt=\"\" style=\"font-size:110px;top:115px;left:195px;width:136px;height:140px;\" data-ls=\"durationin:4000;easingin:easeInOutQuad;fadein:false;rotatein:180;scalexin:0;scaleyin:0;transformoriginin:100% 100% 0;durationout:0;easingout:easeInCirc;scalexout:0;scaleyout:0;parallaxlevel:0;\"><p style=\"font-size:75px;color:#ffffff;top:400px;left:500px;line-height:83px;font-style:normal;font-weight:600;filter:grayscale(50%);\" class=\"ls-l ls-text-layer\" data-ls=\"durationin:3000;easingin:easeInQuint;scalexin:4;scaleyin:4;parallaxlevel:0;\">iemn<\/p><p style=\"top:194px;left:481px;font-weight:600;font-style:italic;background-size:inherit;background-position:inherit;font-size:40px;filter:grayscale(50%);line-height:38px;color:#ffffff;\" class=\"ls-l ls-text-layer\" data-ls=\"durationin:5000;easingin:easeInQuint;position:relative;\">Welcome to the Future<\/p><p style=\"top:190px;left:320px;font-weight:600;font-style:normal;background-size:inherit;background-position:inherit;font-size:48px;filter:grayscale(50%);line-height:38px;color:#ffffff;\" class=\"ls-l ls-text-layer\" data-ls=\"durationin:2000;delayin:1000;easingin:easeInQuint;position:relative;\">IEMN<\/p><\/div><div class=\"ls-slide\" data-ls=\"duration:4000;transition2d:5;\"><img loading=\"lazy\" decoding=\"async\" width=\"2600\" height=\"270\" src=\"https:\/\/www.iemn.fr\/wp-content\/uploads\/2018\/09\/sliders_epiphy5.jpg\" class=\"ls-bg\" alt=\"\" srcset=\"https:\/\/www.iemn.fr\/wp-content\/uploads\/2018\/09\/sliders_epiphy5.jpg 2600w, https:\/\/www.iemn.fr\/wp-content\/uploads\/2018\/09\/sliders_epiphy5-300x31.jpg 300w, https:\/\/www.iemn.fr\/wp-content\/uploads\/2018\/09\/sliders_epiphy5-768x80.jpg 768w, https:\/\/www.iemn.fr\/wp-content\/uploads\/2018\/09\/sliders_epiphy5-1030x107.jpg 1030w, https:\/\/www.iemn.fr\/wp-content\/uploads\/2018\/09\/sliders_epiphy5-1500x156.jpg 1500w, https:\/\/www.iemn.fr\/wp-content\/uploads\/2018\/09\/sliders_epiphy5-705x73.jpg 705w\" sizes=\"auto, (max-width: 2600px) 100vw, 2600px\" \/><\/div><div class=\"ls-slide\" data-ls=\"duration:4000;transition2d:5;\"><img loading=\"lazy\" decoding=\"async\" width=\"2600\" height=\"270\" src=\"https:\/\/www.iemn.fr\/wp-content\/uploads\/2018\/09\/sliders_carc2.jpg\" class=\"ls-bg\" alt=\"\" srcset=\"https:\/\/www.iemn.fr\/wp-content\/uploads\/2018\/09\/sliders_carc2.jpg 2600w, https:\/\/www.iemn.fr\/wp-content\/uploads\/2018\/09\/sliders_carc2-300x31.jpg 300w, https:\/\/www.iemn.fr\/wp-content\/uploads\/2018\/09\/sliders_carc2-768x80.jpg 768w, https:\/\/www.iemn.fr\/wp-content\/uploads\/2018\/09\/sliders_carc2-1030x107.jpg 1030w, https:\/\/www.iemn.fr\/wp-content\/uploads\/2018\/09\/sliders_carc2-1500x156.jpg 1500w, https:\/\/www.iemn.fr\/wp-content\/uploads\/2018\/09\/sliders_carc2-705x73.jpg 705w\" sizes=\"auto, (max-width: 2600px) 100vw, 2600px\" \/><div style=\"top:0px;left:0px;\" class=\"ls-l ls-post-layer\" data-ls=\"offsetxin:80;easingin:linear;offsetxout:-80;durationout:400;easingout:linear;parallaxlevel:0;\"><\/div><\/div><div class=\"ls-slide\" data-ls=\"duration:4000;transition2d:5;\"><img loading=\"lazy\" decoding=\"async\" width=\"2600\" height=\"270\" src=\"https:\/\/www.iemn.fr\/wp-content\/uploads\/2018\/11\/sliders_groupe_acoustique.jpg\" class=\"ls-bg\" alt=\"\" srcset=\"https:\/\/www.iemn.fr\/wp-content\/uploads\/2018\/11\/sliders_groupe_acoustique.jpg 2600w, https:\/\/www.iemn.fr\/wp-content\/uploads\/2018\/11\/sliders_groupe_acoustique-300x31.jpg 300w, https:\/\/www.iemn.fr\/wp-content\/uploads\/2018\/11\/sliders_groupe_acoustique-768x80.jpg 768w, https:\/\/www.iemn.fr\/wp-content\/uploads\/2018\/11\/sliders_groupe_acoustique-1030x107.jpg 1030w, https:\/\/www.iemn.fr\/wp-content\/uploads\/2018\/11\/sliders_groupe_acoustique-1500x156.jpg 1500w, https:\/\/www.iemn.fr\/wp-content\/uploads\/2018\/11\/sliders_groupe_acoustique-705x73.jpg 705w\" sizes=\"auto, (max-width: 2600px) 100vw, 2600px\" \/><\/div><\/div><\/div><div id='after_layer_slider_1'  class='main_color av_default_container_wrap container_wrap sidebar_right'  ><div class='container av-section-cont-open' ><div class='template-page content  av-content-small alpha units'><div class='post-entry post-entry-type-page post-entry-124'><div class='entry-content-wrapper clearfix'>\n\n<style type=\"text\/css\" data-created_by=\"avia_inline_auto\" id=\"style-css-av-ferjo-9576e90731f10fcca670fb533b1bbcde\">\n.flex_column.av-ferjo-9576e90731f10fcca670fb533b1bbcde{\nborder-radius:0px 0px 0px 0px;\npadding:0px 0px 0px 0px;\n}\n<\/style>\n<div  class='flex_column av-ferjo-9576e90731f10fcca670fb533b1bbcde av_one_full  avia-builder-el-1  el_after_av_layerslider  avia-builder-el-no-sibling  first flex_column_div av-zero-column-padding'     ><p>\n<style type=\"text\/css\" data-created_by=\"avia_inline_auto\" id=\"style-css-av-8t8mc-41d960fc92d41ebd7e5c5517019d86e4\">\n#top .av-special-heading.av-8t8mc-41d960fc92d41ebd7e5c5517019d86e4{\npadding-bottom:10px;\n}\nbody .av-special-heading.av-8t8mc-41d960fc92d41ebd7e5c5517019d86e4 .av-special-heading-tag .heading-char{\nfont-size:25px;\n}\n.av-special-heading.av-8t8mc-41d960fc92d41ebd7e5c5517019d86e4 .av-subheading{\nfont-size:15px;\n}\n<\/style>\n<div  class='av-special-heading av-8t8mc-41d960fc92d41ebd7e5c5517019d86e4 av-special-heading-h1  avia-builder-el-2  el_before_av_textblock  avia-builder-el-first  av-linked-heading'><h1 class='av-special-heading-tag'  itemprop=\"headline\"  >Cellule d\u2019accueil projets Renatech<\/h1><div class=\"special-heading-border\"><div class=\"special-heading-inner-border\"><\/div><\/div><\/div><br \/>\n<section  class='av_textblock_section av-1rtckk-421359d15e3e73c393adf3bb308e52c7'   itemscope=\"itemscope\" itemtype=\"https:\/\/schema.org\/CreativeWork\" ><div class='avia_textblock'  itemprop=\"text\" ><p style=\"text-align: justify;\">L\u2019IEMN peut prendre en charge la r\u00e9alisation de vos projets externes, gr\u00e2ce \u00e0 sa participation active dans le r\u00e9seau Renatech (voir description ci-dessous). Une cellule d\u2019accueil projets \u00ab\u00a0iemn-renatech\u00a0\u00bb a \u00e9t\u00e9 sp\u00e9cialement constitu\u00e9e en interne pour ces prestations. Dans ce contexte, environ 200 projets externes innovants (environ 15% du temps d\u2019utilisation des \u00e9quipements) b\u00e9n\u00e9ficient chaque ann\u00e9e de notre infrastructure, de notre expertise ainsi que de l\u2019accompagnement des plus avanc\u00e9s dans le domaine des micro-nanotechnologies.<\/p>\n<p style=\"text-align: justify;\">Pour toute demande de r\u00e9alisation technologique ou de caract\u00e9risation, merci de contacter la cellule projets ou de consulter la\u00a0prod\u00e9cure.<\/p>\n<\/div><\/section><br \/>\n<section  class='av_textblock_section av-mfpc7ri7-2261b8397b6dda15970f083fa07b82af'   itemscope=\"itemscope\" itemtype=\"https:\/\/schema.org\/CreativeWork\" ><div class='avia_textblock'  itemprop=\"text\" ><blockquote>\n<p>La cellule \u00ab\u00a0accueil projets\u00a0\u00bb est constitu\u00e9e de deux ing\u00e9nieurs de recherche.\u00a0C\u2019est une v\u00e9ritable interface entre les demandeurs et l\u2019IEMN. La cellule se charge d\u2019\u00e9valuer la faisabilit\u00e9 du projet, d\u2019\u00e9tablir une \u00e9valuation des co\u00fbts et des d\u00e9lais de r\u00e9alisation le cas \u00e9ch\u00e9ant.\u00a0Des it\u00e9rations entre le demandeur et les ing\u00e9nieurs de la cellule peuvent \u00eatre n\u00e9cessaires pour pr\u00e9ciser les aspects technologiques. L\u2019\u00e9quipe est en charge ensuite de la r\u00e9alisation ou du\u00a0suivi de ces\u00a0projets.<\/p>\n<\/blockquote>\n<h3>La r\u00e9alisation<\/h3>\n<p>Pour toute demande de r\u00e9alisation de projet ou de prestation, la cellule accueil projets vous dirigera vers le site de <a href=\"https:\/\/www.renatech.org\/projet\/\">Renatech<\/a> dans l\u2019espace projets. Dans le cas o\u00f9 l\u2019IEMN\u00a0ne pourrait accueillir\u00a0une demande, celle-ci sera transf\u00e9r\u00e9e aux autres centrales du r\u00e9seau.<\/p>\n<p>La totalit\u00e9 ou une partie d\u2019une r\u00e9alisation technologique ou caract\u00e9risation peuvent \u00eatre faites dans nos plateformes via cette cellule. Les projets et prestations r\u00e9alis\u00e9s sont soumis \u00e0 facturation pour couvrir les frais de proc\u00e9d\u00e9s. D\u2019une fa\u00e7on g\u00e9n\u00e9rale, les prestations sont r\u00e9alis\u00e9es par des ing\u00e9nieurs et techniciens des plateformes. Toutefois, les demandeurs peuvent s\u2019impliquer dans les r\u00e9alisations technologiques lorsque l\u2019envergure du projet le n\u00e9cessite. Le r\u00f4le de la cellule est dans ce cas de former puis d\u2019encadrer\u00a0les personnes accueillies.<\/p>\n<p><strong>En cas de publication de r\u00e9sultats obtenus gr\u00e2ce aux moyens technologiques mis \u00e0 disposition par l\u2019IEMN via Renatech, la publication devra mentionner Renatech ainsi que la contribution de l\u2019IEMN, Cit\u00e9 Scientifique \u2013\u00a0Avenue Poincar\u00e9 BP 60069, 59652 Villeneuve d\u2019Ascq Cedex. Si un membre de l\u2019IEMN figure en tant que co-auteur, son appartenance devra appara\u00eetre, avec l\u2019adresse indiqu\u00e9e.<\/strong><\/p>\n<blockquote>\n<p><strong>Contact: <\/strong><em>accueil-projets@iemn.fr<\/em><\/p>\n<\/blockquote>\n<\/div><\/section><br \/>\n<section  class='av_textblock_section av-gwa8s-a11386178f9ff76455701d0cb9c332f1'   itemscope=\"itemscope\" itemtype=\"https:\/\/schema.org\/CreativeWork\" ><div class='avia_textblock'  itemprop=\"text\" ><h4><span style=\"text-align: justify;\"><a href=\"https:\/\/www.iemn.fr\/wp-content\/uploads\/2018\/07\/logo_renatech.png\"><img loading=\"lazy\" decoding=\"async\" class=\"wp-image-19539 alignright\" src=\"https:\/\/www.iemn.fr\/wp-content\/uploads\/2018\/07\/logo_renatech.png\" alt=\"\" width=\"224\" height=\"77\" \/><\/a>Zoom sur le r\u00e9seau Renatech<\/span><\/h4>\n<p><span style=\"text-align: justify;\">L\u2019IEMN fait partie depuis 2003 du R\u00e9seau <\/span><a style=\"text-align: justify;\" href=\"https:\/\/www.renatech.org\/accueil.php3\">RENATECH network.<\/a><span style=\"text-align: justify;\">, <\/span><span style=\"text-align: justify;\">r<\/span><span id=\"txtQuiSommesNous00\" style=\"text-align: justify;\">\u00e9seau acad\u00e9mique fran\u00e7ais des \u00e9quipements de pointe dans le domaine des micro et nanotechnologies<\/span><span style=\"text-align: justify;\">. Ce r\u00e9seau, mis sur pied par le minist\u00e8re de la Recherche, le CNRS et le CEA, regroupe 5 grandes centrales de micro et nanotechnologies: le <\/span><a style=\"text-align: justify;\" href=\"http:\/\/www.c2n.universite-paris-saclay.fr\/fr\/\">C2N<\/a><span style=\"text-align: justify;\"> (Orsay-Marcoussis), l<\/span><a style=\"text-align: justify;\" href=\"https:\/\/www.iemn.fr\/en\/\">\u2018IEMN<\/a><span style=\"text-align: justify;\"> (Lille), le <\/span><a style=\"text-align: justify;\" href=\"http:\/\/www2.laas.fr\/\" target=\"_blank\" rel=\"noopener\">LAAS<\/a><span style=\"text-align: justify;\"> (Toulouse), <\/span><a style=\"text-align: justify;\" href=\"http:\/\/www.femto-st.fr\/\" target=\"_blank\" rel=\"noopener\">FEMTO-ST<\/a><span style=\"text-align: justify;\"> (Besan\u00e7on), la PTA associ\u00e9e au <\/span><a style=\"text-align: justify;\" href=\"http:\/\/www-leti.cea.fr\/\" target=\"_blank\" rel=\"noopener\">CEA-LETI<\/a><span style=\"text-align: justify;\">.<\/span><\/p>\n<p style=\"text-align: justify;\">Un des objectifs du r\u00e9seau est de soutenir l\u2019ensemble des acteurs de la recherche du domaine (entreprises, laboratoires acad\u00e9miques\u2026) en mettant \u00e0 disposition, pour leurs projets de recherche innovants, ses \u00e9quipements et comp\u00e9tences en micro et nanotechnologies.<\/p>\n<p style=\"text-align: justify;\">Ainsi, si la mission principale des plates-formes de l\u2019IEMN est d\u2019\u00eatre le support des \u00e9quipes de recherche de l\u2019institut (dans le cadre d\u2019un programmes de recherche partenarial ou non), les projets de r\u00e9alisation- caract\u00e9risation ext\u00e9rieurs au laboratoire, qu\u2019ils soient acad\u00e9miques ou industriels, peuvent \u00e9galement \u00eatre pris en charge via une \u00ab <a href=\"https:\/\/www.iemn.fr\/en\/cellule-projets\/\">cellule d\u2019accueil projets <\/a>\u00bb relai interne de Renatech.<\/p>\n<\/div><\/section><br \/>\n<section  class='av_textblock_section av-1gswys-c0b0821a50b546643732cd6f09e80ddd'   itemscope=\"itemscope\" itemtype=\"https:\/\/schema.org\/CreativeWork\" ><div class='avia_textblock'  itemprop=\"text\" ><blockquote>\n<p style=\"padding-left: 30px; text-align: left;\">Contact: <em>accueil-projets@iemn.fr <\/em><\/p>\n<\/blockquote>\n<\/div><\/section><\/p><\/div>","protected":false},"excerpt":{"rendered":"","protected":false},"author":2,"featured_media":0,"parent":19536,"menu_order":14,"comment_status":"closed","ping_status":"open","template":"","meta":{"footnotes":""},"class_list":["post-124","page","type-page","status-publish","hentry"],"_links":{"self":[{"href":"https:\/\/www.iemn.fr\/en\/wp-json\/wp\/v2\/pages\/124","targetHints":{"allow":["GET"]}}],"collection":[{"href":"https:\/\/www.iemn.fr\/en\/wp-json\/wp\/v2\/pages"}],"about":[{"href":"https:\/\/www.iemn.fr\/en\/wp-json\/wp\/v2\/types\/page"}],"author":[{"embeddable":true,"href":"https:\/\/www.iemn.fr\/en\/wp-json\/wp\/v2\/users\/2"}],"replies":[{"embeddable":true,"href":"https:\/\/www.iemn.fr\/en\/wp-json\/wp\/v2\/comments?post=124"}],"version-history":[{"count":3,"href":"https:\/\/www.iemn.fr\/en\/wp-json\/wp\/v2\/pages\/124\/revisions"}],"predecessor-version":[{"id":75191,"href":"https:\/\/www.iemn.fr\/en\/wp-json\/wp\/v2\/pages\/124\/revisions\/75191"}],"up":[{"embeddable":true,"href":"https:\/\/www.iemn.fr\/en\/wp-json\/wp\/v2\/pages\/19536"}],"wp:attachment":[{"href":"https:\/\/www.iemn.fr\/en\/wp-json\/wp\/v2\/media?parent=124"}],"curies":[{"name":"wp","href":"https:\/\/api.w.org\/{rel}","templated":true}]}}