{"id":11794,"date":"2012-05-10T12:09:25","date_gmt":"2012-05-10T10:09:25","guid":{"rendered":"https:\/\/www.iemn.fr\/les-moyens\/plateformes\/\/competences\/caracterisation\/caracterisations-structurales"},"modified":"2024-06-04T10:51:54","modified_gmt":"2024-06-04T08:51:54","slug":"caracterisations-structurales","status":"publish","type":"page","link":"https:\/\/www.iemn.fr\/en\/les_plateformes\/cmnf\/caracterisation\/caracterisations-structurales","title":{"rendered":"Structural characterizations"},"content":{"rendered":"<div id='layer_slider_1'  class='avia-layerslider main_color avia-shadow  avia-builder-el-0  el_before_av_one_full  avia-builder-el-first  container_wrap sidebar_right'  style='height: 261px;'  ><div id=\"layerslider_26_smg8345nk3el\" data-ls-slug=\"homepageslider\" class=\"ls-wp-container fitvidsignore ls-selectable\" style=\"width:1140px;height:260px;margin:0 auto;margin-bottom: 0px;\"><div class=\"ls-slide\" data-ls=\"duration:6000;transition2d:5;\"><img loading=\"lazy\" decoding=\"async\" width=\"2600\" height=\"270\" src=\"https:\/\/www.iemn.fr\/wp-content\/uploads\/2018\/06\/Slider_CMNF1.jpg\" class=\"ls-bg\" alt=\"\" srcset=\"https:\/\/www.iemn.fr\/wp-content\/uploads\/2018\/06\/Slider_CMNF1.jpg 2600w, https:\/\/www.iemn.fr\/wp-content\/uploads\/2018\/06\/Slider_CMNF1-300x31.jpg 300w, https:\/\/www.iemn.fr\/wp-content\/uploads\/2018\/06\/Slider_CMNF1-768x80.jpg 768w, https:\/\/www.iemn.fr\/wp-content\/uploads\/2018\/06\/Slider_CMNF1-1030x107.jpg 1030w, https:\/\/www.iemn.fr\/wp-content\/uploads\/2018\/06\/Slider_CMNF1-1500x156.jpg 1500w, https:\/\/www.iemn.fr\/wp-content\/uploads\/2018\/06\/Slider_CMNF1-705x73.jpg 705w\" sizes=\"auto, (max-width: 2600px) 100vw, 2600px\" \/><ls-layer style=\"font-size:14px;text-align:left;font-style:normal;text-decoration:none;text-transform:none;font-weight:700;letter-spacing:0px;background-position:0% 0%;background-repeat:no-repeat;mix-blend-mode:normal;top:231px;left:0px;height:30px;width:500px;line-height:32px;color:#ffffff;border-radius:6px 6px 6px 6px;padding-left:50px;background-color:rgba(0, 0, 0, 0.57);\" class=\"ls-l ls-ib-icon ls-text-layer\" data-ls=\"minfontsize:0;minmobilefontsize:0;\"><i class=\"fa fa-user-circle\" style=\"color:#f2f2f2;margin-right:0.8em;font-size:1em;transform:translateY( -0.125em );\"><\/i>PLATEFORME : CENTRALE DE MICRO NANO FABRICATION<\/ls-layer><\/div><div class=\"ls-slide\" data-ls=\"duration:4000;transition2d:5;\"><img loading=\"lazy\" decoding=\"async\" width=\"2600\" height=\"270\" src=\"https:\/\/www.iemn.fr\/wp-content\/uploads\/2018\/06\/Slider_CMNF2.jpg\" class=\"ls-bg\" alt=\"\" srcset=\"https:\/\/www.iemn.fr\/wp-content\/uploads\/2018\/06\/Slider_CMNF2.jpg 2600w, https:\/\/www.iemn.fr\/wp-content\/uploads\/2018\/06\/Slider_CMNF2-300x31.jpg 300w, https:\/\/www.iemn.fr\/wp-content\/uploads\/2018\/06\/Slider_CMNF2-768x80.jpg 768w, https:\/\/www.iemn.fr\/wp-content\/uploads\/2018\/06\/Slider_CMNF2-1030x107.jpg 1030w, https:\/\/www.iemn.fr\/wp-content\/uploads\/2018\/06\/Slider_CMNF2-1500x156.jpg 1500w, https:\/\/www.iemn.fr\/wp-content\/uploads\/2018\/06\/Slider_CMNF2-705x73.jpg 705w\" sizes=\"auto, (max-width: 2600px) 100vw, 2600px\" \/><ls-layer style=\"font-size:14px;text-align:left;font-style:normal;text-decoration:none;text-transform:none;font-weight:700;letter-spacing:0px;background-position:0% 0%;background-repeat:no-repeat;mix-blend-mode:normal;top:231px;left:0px;height:30px;width:500px;line-height:32px;color:#ffffff;border-radius:6px 6px 6px 6px;padding-left:50px;background-color:rgba(0, 0, 0, 0.57);\" class=\"ls-l ls-ib-icon ls-text-layer\" data-ls=\"minfontsize:0;minmobilefontsize:0;\"><i class=\"fa fa-user-circle\" style=\"color:#f2f2f2;margin-right:0.8em;font-size:1em;transform:translateY( -0.125em );\"><\/i>PLATEFORME : CENTRALE DE MICRO NANO FABRICATION<\/ls-layer><\/div><div class=\"ls-slide\" data-ls=\"duration:4000;transition2d:5;\"><img loading=\"lazy\" decoding=\"async\" width=\"2600\" height=\"270\" src=\"https:\/\/www.iemn.fr\/wp-content\/uploads\/2018\/06\/Slider_CMNF3-1.jpg\" class=\"ls-bg\" alt=\"\" srcset=\"https:\/\/www.iemn.fr\/wp-content\/uploads\/2018\/06\/Slider_CMNF3-1.jpg 2600w, https:\/\/www.iemn.fr\/wp-content\/uploads\/2018\/06\/Slider_CMNF3-1-300x31.jpg 300w, https:\/\/www.iemn.fr\/wp-content\/uploads\/2018\/06\/Slider_CMNF3-1-768x80.jpg 768w, https:\/\/www.iemn.fr\/wp-content\/uploads\/2018\/06\/Slider_CMNF3-1-1030x107.jpg 1030w, https:\/\/www.iemn.fr\/wp-content\/uploads\/2018\/06\/Slider_CMNF3-1-1500x156.jpg 1500w, https:\/\/www.iemn.fr\/wp-content\/uploads\/2018\/06\/Slider_CMNF3-1-705x73.jpg 705w\" sizes=\"auto, (max-width: 2600px) 100vw, 2600px\" \/><ls-layer style=\"font-size:14px;text-align:left;font-style:normal;text-decoration:none;text-transform:none;font-weight:700;letter-spacing:0px;background-position:0% 0%;background-repeat:no-repeat;mix-blend-mode:normal;top:231px;left:0px;height:30px;width:500px;line-height:32px;color:#ffffff;border-radius:6px 6px 6px 6px;padding-left:50px;background-color:rgba(0, 0, 0, 0.57);\" class=\"ls-l ls-ib-icon ls-text-layer\" data-ls=\"minfontsize:0;minmobilefontsize:0;\"><i class=\"fa fa-user-circle\" style=\"color:#f2f2f2;margin-right:0.8em;font-size:1em;transform:translateY( -0.125em );\"><\/i>PLATEFORME : CENTRALE DE MICRO NANO FABRICATION<\/ls-layer><\/div><div class=\"ls-slide\" data-ls=\"duration:4000;transition2d:5;\"><img loading=\"lazy\" decoding=\"async\" width=\"2600\" height=\"270\" src=\"https:\/\/www.iemn.fr\/wp-content\/uploads\/2018\/06\/Slider_CMNF4.jpg\" class=\"ls-bg\" alt=\"\" srcset=\"https:\/\/www.iemn.fr\/wp-content\/uploads\/2018\/06\/Slider_CMNF4.jpg 2600w, https:\/\/www.iemn.fr\/wp-content\/uploads\/2018\/06\/Slider_CMNF4-300x31.jpg 300w, https:\/\/www.iemn.fr\/wp-content\/uploads\/2018\/06\/Slider_CMNF4-768x80.jpg 768w, https:\/\/www.iemn.fr\/wp-content\/uploads\/2018\/06\/Slider_CMNF4-1030x107.jpg 1030w, https:\/\/www.iemn.fr\/wp-content\/uploads\/2018\/06\/Slider_CMNF4-1500x156.jpg 1500w, https:\/\/www.iemn.fr\/wp-content\/uploads\/2018\/06\/Slider_CMNF4-705x73.jpg 705w\" sizes=\"auto, (max-width: 2600px) 100vw, 2600px\" \/><ls-layer style=\"font-size:14px;text-align:left;font-style:normal;text-decoration:none;text-transform:none;font-weight:700;letter-spacing:0px;background-position:0% 0%;background-repeat:no-repeat;mix-blend-mode:normal;top:231px;left:0px;height:30px;width:500px;line-height:32px;color:#ffffff;border-radius:6px 6px 6px 6px;padding-left:50px;background-color:rgba(0, 0, 0, 0.57);\" class=\"ls-l ls-ib-icon ls-text-layer\" data-ls=\"minfontsize:0;minmobilefontsize:0;\"><i class=\"fa fa-user-circle\" style=\"color:#f2f2f2;margin-right:0.8em;font-size:1em;transform:translateY( -0.125em );\"><\/i>PLATEFORME : CENTRALE DE MICRO NANO FABRICATION<\/ls-layer><\/div><\/div><\/div><div id='after_layer_slider_1'  class='main_color av_default_container_wrap container_wrap sidebar_right'  ><div class='container av-section-cont-open' ><div class='template-page content  av-content-small alpha units'><div class='post-entry post-entry-type-page post-entry-11794'><div class='entry-content-wrapper clearfix'>\n\n<style type=\"text\/css\" data-created_by=\"avia_inline_auto\" id=\"style-css-av-o33yj6-9adcb5b4c0d38750ecca83e60a0708c7\">\n.flex_column.av-o33yj6-9adcb5b4c0d38750ecca83e60a0708c7{\nborder-radius:0px 0px 0px 0px;\npadding:0px 0px 0px 0px;\n}\n<\/style>\n<div  class='flex_column av-o33yj6-9adcb5b4c0d38750ecca83e60a0708c7 av_one_full  avia-builder-el-1  el_after_av_layerslider  el_before_av_one_fourth  avia-builder-el-first  first flex_column_div av-zero-column-padding'     ><p>\n<style type=\"text\/css\" data-created_by=\"avia_inline_auto\" id=\"style-css-av-watype-8c1c1af3c88415b1b5f376a5b654ab3e\">\n#top .av-special-heading.av-watype-8c1c1af3c88415b1b5f376a5b654ab3e{\npadding-bottom:10px;\n}\nbody .av-special-heading.av-watype-8c1c1af3c88415b1b5f376a5b654ab3e .av-special-heading-tag .heading-char{\nfont-size:25px;\n}\n.av-special-heading.av-watype-8c1c1af3c88415b1b5f376a5b654ab3e .av-subheading{\nfont-size:15px;\n}\n<\/style>\n<div  class='av-special-heading av-watype-8c1c1af3c88415b1b5f376a5b654ab3e av-special-heading-h3  avia-builder-el-2  el_before_av_textblock  avia-builder-el-first'><h3 class='av-special-heading-tag'  itemprop=\"headline\"  >Structural characterizations<\/h3><div class=\"special-heading-border\"><div class=\"special-heading-inner-border\"><\/div><\/div><\/div><br \/>\n<section  class='av_textblock_section av-12egrrm-66054087a5565b06919f89ccdb82e49e'   itemscope=\"itemscope\" itemtype=\"https:\/\/schema.org\/CreativeWork\" ><div class='avia_textblock'  itemprop=\"text\" ><p style=\"text-align: justify;\">La diffraction d\u2019un faisceau de photons X\u00a0 par un cristal permet d\u2019analyser finement la structure de celui-ci. L\u2019IEMN est \u00e9quip\u00e9 pour l\u2019analyse de la structure physique de mat\u00e9riaux semi-conducteurs monocristallins. Un goniom\u00e8tre X\u2019Pert Pro \u00e0 double diffraction de rayons X (<strong>DRX<\/strong>) nous permet de mesurer les param\u00e8tres importants dans le domaine de la croissance \u00e9pitaxiale comme le param\u00e8tre de maille, la composition des alliages ou encore le taux de relaxation d\u2019un cristal contraint.<\/p>\n<p>This system allows non-destructive testing of samples mounted on an x-y table accepting substrates up to 100 mm in diameter. Main applications:<\/p>\n<ul>\n<li>\u00a0measurements of alloy compositions and layer thicknesses<\/li>\n<li>\u00a0control of the adaptation in mesh parameter with the substrate<\/li>\n<li>\u00a0quality of interfaces in super networks<\/li>\n<li>\u00a0constrained thin films<\/li>\n<li>\u00a0relaxation rate and tilt of mismatched thick layers<\/li>\n<\/ul>\n<p>L\u2019IEMN est \u00e9galement \u00e9quip\u00e9 sur un de ses microsopes \u00e9lectroniques \u00e0 balayage d\u2019un d\u00e9tecteur type <strong>EBSD (diffraction des \u00e9lectrons r\u00e9trodiffus\u00e9s)<\/strong> pour la d\u00e9termination de l\u2019orientation locale sur mat\u00e9riau cristallin. Nous pouvons ainsi r\u00e9aliser des analyses quantitatives par cartographies de microstructures, \u00e9valuer les orientations de films cristallis\u00e9s, cartographier des d\u00e9sorientations,\u2026<\/p>\n<p><div id=\"attachment_20000\" style=\"width: 310px\" class=\"wp-caption aligncenter\"><a href=\"https:\/\/www.iemn.fr\/wp-content\/uploads\/2018\/08\/cmnf_caract\u00e9risations_structurales_ebsd.jpg\"><img loading=\"lazy\" decoding=\"async\" aria-describedby=\"caption-attachment-20000\" class=\"wp-image-20000 size-full\" src=\"https:\/\/www.iemn.fr\/wp-content\/uploads\/2018\/08\/cmnf_caract\u00e9risations_structurales_ebsd.jpg\" alt=\"\" width=\"300\" height=\"225\" \/><\/a><p id=\"caption-attachment-20000\" class=\"wp-caption-text\">EBSD<\/p><\/div><br \/>\n<div id=\"attachment_20002\" style=\"width: 310px\" class=\"wp-caption aligncenter\"><a href=\"https:\/\/www.iemn.fr\/wp-content\/uploads\/2018\/08\/cmnf_caract\u00e9risations_structurales_xpert.jpg\"><img loading=\"lazy\" decoding=\"async\" aria-describedby=\"caption-attachment-20002\" class=\"size-full wp-image-20002\" src=\"https:\/\/www.iemn.fr\/wp-content\/uploads\/2018\/08\/cmnf_caract\u00e9risations_structurales_xpert.jpg\" alt=\"\" width=\"300\" height=\"227\" \/><\/a><p id=\"caption-attachment-20002\" class=\"wp-caption-text\">PANalytical X\u2019Pert Pro MRD \u2013 DRX<\/p><\/div><\/p>\n<\/div><\/section><\/p><\/div>\n<div  class='flex_column av-12tnboy-38d8d0b35609edea159e9943cea7e4fc av_one_fourth  avia-builder-el-4  el_after_av_one_full  el_before_av_one_half  first flex_column_div  column-top-margin'     ><\/div>\n<div  class='flex_column av-n9tfki-582e177e6436d3a49ce60e77d228f870 av_one_half  avia-builder-el-5  el_after_av_one_fourth  el_before_av_one_fourth  flex_column_div  column-top-margin'     ><style type=\"text\/css\" data-created_by=\"avia_inline_auto\" id=\"style-css-av-ogdxbm-dba5d8746c414a1cca95bfd53749849e\">\n#top .avia-gallery.av-ogdxbm-dba5d8746c414a1cca95bfd53749849e .avia-gallery-thumb a{\nwidth:33.3333%;\n}\n<\/style>\n<div  class='avia-gallery av-ogdxbm-dba5d8746c414a1cca95bfd53749849e avia_animate_when_visible  avia-builder-el-6  avia-builder-el-no-sibling  avia_lazyload avia-gallery-animate avia-gallery-1'  itemprop=\"image\" itemscope=\"itemscope\" itemtype=\"https:\/\/schema.org\/ImageObject\" ><meta itemprop=\"contentURL\" content=\"https:\/\/www.iemn.fr\/en\/les_plateformes\/cmnf\/caracterisation\/caracterisations-structurales\"><div class='avia-gallery-thumb'><a href=\"https:\/\/www.iemn.fr\/wp-content\/uploads\/2018\/08\/cmnf_caract\u00e9risations_structurales_diffraction_rayons_x.png\" data-srcset=\"https:\/\/www.iemn.fr\/wp-content\/uploads\/2018\/08\/cmnf_caract\u00e9risations_structurales_diffraction_rayons_x.png 120w, https:\/\/www.iemn.fr\/wp-content\/uploads\/2018\/08\/cmnf_caract\u00e9risations_structurales_diffraction_rayons_x-80x80.png 80w, https:\/\/www.iemn.fr\/wp-content\/uploads\/2018\/08\/cmnf_caract\u00e9risations_structurales_diffraction_rayons_x-36x36.png 36w\" data-sizes=\"(max-width: 120px) 100vw, 120px\" data-rel='gallery-1' data-prev-img='https:\/\/www.iemn.fr\/wp-content\/uploads\/2018\/08\/cmnf_caract\u00e9risations_structurales_diffraction_rayons_x.png' class='first_thumb avianolink noLightbox' data-onclick='1' title='Diffractogramme r\u00e9alis\u00e9 sur l\u2019XPert'  itemprop=\"thumbnailUrl\"  ><img decoding=\"async\" fetchpriority=\"high\" class=\"wp-image-20004 avia-img-lazy-loading-not-20004\"  data-avia-tooltip='Diffractogramme r\u00e9alis\u00e9 sur l&rsquo;XPert' src=\"https:\/\/www.iemn.fr\/wp-content\/uploads\/2018\/08\/cmnf_caract\u00e9risations_structurales_diffraction_rayons_x.png\" width=\"120\" height=\"120\"  title='cmnf_caract\u00e9risations_structurales_diffraction_rayons_x' alt='' srcset=\"https:\/\/www.iemn.fr\/wp-content\/uploads\/2018\/08\/cmnf_caract\u00e9risations_structurales_diffraction_rayons_x.png 120w, https:\/\/www.iemn.fr\/wp-content\/uploads\/2018\/08\/cmnf_caract\u00e9risations_structurales_diffraction_rayons_x-80x80.png 80w, https:\/\/www.iemn.fr\/wp-content\/uploads\/2018\/08\/cmnf_caract\u00e9risations_structurales_diffraction_rayons_x-36x36.png 36w\" sizes=\"(max-width: 120px) 100vw, 120px\" \/><div class='big-prev-fake'><img decoding=\"async\" loading=\"lazy\" class=\"wp-image-20004 avia-img-lazy-loading-20004\"  width=\"120\" height=\"120\" src=\"https:\/\/www.iemn.fr\/wp-content\/uploads\/2018\/08\/cmnf_caract\u00e9risations_structurales_diffraction_rayons_x.png\" title='cmnf_caract\u00e9risations_structurales_diffraction_rayons_x' alt='' srcset=\"https:\/\/www.iemn.fr\/wp-content\/uploads\/2018\/08\/cmnf_caract\u00e9risations_structurales_diffraction_rayons_x.png 120w, https:\/\/www.iemn.fr\/wp-content\/uploads\/2018\/08\/cmnf_caract\u00e9risations_structurales_diffraction_rayons_x-80x80.png 80w, https:\/\/www.iemn.fr\/wp-content\/uploads\/2018\/08\/cmnf_caract\u00e9risations_structurales_diffraction_rayons_x-36x36.png 36w\" sizes=\"auto, (max-width: 120px) 100vw, 120px\" \/><\/div><\/a><a href=\"https:\/\/www.iemn.fr\/wp-content\/uploads\/2018\/08\/cmnf_caract\u00e9risations_structurales_cristallisation_al.png\" data-srcset=\"https:\/\/www.iemn.fr\/wp-content\/uploads\/2018\/08\/cmnf_caract\u00e9risations_structurales_cristallisation_al.png 517w, https:\/\/www.iemn.fr\/wp-content\/uploads\/2018\/08\/cmnf_caract\u00e9risations_structurales_cristallisation_al-80x80.png 80w, https:\/\/www.iemn.fr\/wp-content\/uploads\/2018\/08\/cmnf_caract\u00e9risations_structurales_cristallisation_al-298x300.png 298w, https:\/\/www.iemn.fr\/wp-content\/uploads\/2018\/08\/cmnf_caract\u00e9risations_structurales_cristallisation_al-36x36.png 36w, https:\/\/www.iemn.fr\/wp-content\/uploads\/2018\/08\/cmnf_caract\u00e9risations_structurales_cristallisation_al-180x180.png 180w\" data-sizes=\"(max-width: 517px) 100vw, 517px\" data-rel='gallery-1' data-prev-img='https:\/\/www.iemn.fr\/wp-content\/uploads\/2018\/08\/cmnf_caract\u00e9risations_structurales_cristallisation_al-495x400.png' class='avianolink noLightbox' data-onclick='2' title='Cartographie de la cristallisation d\u2019une feuille d\u2019Al '  itemprop=\"thumbnailUrl\"  ><img decoding=\"async\" fetchpriority=\"high\" class=\"wp-image-20006 avia-img-lazy-loading-not-20006\"  data-avia-tooltip='Cartographie de la cristallisation d&rsquo;une feuille d&rsquo;Al ' src=\"https:\/\/www.iemn.fr\/wp-content\/uploads\/2018\/08\/cmnf_caract\u00e9risations_structurales_cristallisation_al-180x180.png\" width=\"180\" height=\"180\"  title='cmnf_caract\u00e9risations_structurales_cristallisation_al' alt='' srcset=\"https:\/\/www.iemn.fr\/wp-content\/uploads\/2018\/08\/cmnf_caract\u00e9risations_structurales_cristallisation_al-180x180.png 180w, https:\/\/www.iemn.fr\/wp-content\/uploads\/2018\/08\/cmnf_caract\u00e9risations_structurales_cristallisation_al-80x80.png 80w, https:\/\/www.iemn.fr\/wp-content\/uploads\/2018\/08\/cmnf_caract\u00e9risations_structurales_cristallisation_al-298x300.png 298w, https:\/\/www.iemn.fr\/wp-content\/uploads\/2018\/08\/cmnf_caract\u00e9risations_structurales_cristallisation_al-36x36.png 36w, https:\/\/www.iemn.fr\/wp-content\/uploads\/2018\/08\/cmnf_caract\u00e9risations_structurales_cristallisation_al.png 517w\" sizes=\"(max-width: 180px) 100vw, 180px\" \/><div class='big-prev-fake'><img decoding=\"async\" loading=\"lazy\" class=\"wp-image-20006 avia-img-lazy-loading-20006\"  width=\"495\" height=\"400\" src=\"https:\/\/www.iemn.fr\/wp-content\/uploads\/2018\/08\/cmnf_caract\u00e9risations_structurales_cristallisation_al-495x400.png\" title='cmnf_caract\u00e9risations_structurales_cristallisation_al' alt='' \/><\/div><\/a><a href=\"https:\/\/www.iemn.fr\/wp-content\/uploads\/2018\/08\/cmnf_caract\u00e9risations_structurales_cristallisation_cu.png\" data-srcset=\"https:\/\/www.iemn.fr\/wp-content\/uploads\/2018\/08\/cmnf_caract\u00e9risations_structurales_cristallisation_cu.png 120w, https:\/\/www.iemn.fr\/wp-content\/uploads\/2018\/08\/cmnf_caract\u00e9risations_structurales_cristallisation_cu-80x80.png 80w, https:\/\/www.iemn.fr\/wp-content\/uploads\/2018\/08\/cmnf_caract\u00e9risations_structurales_cristallisation_cu-36x36.png 36w\" data-sizes=\"(max-width: 120px) 100vw, 120px\" data-rel='gallery-1' data-prev-img='https:\/\/www.iemn.fr\/wp-content\/uploads\/2018\/08\/cmnf_caract\u00e9risations_structurales_cristallisation_cu.png' class='avianolink noLightbox' data-onclick='3' title='Cartographie de la cristallisation d\u2019une feuille de Cu pour la croissance de graph\u00e8ne CVD'  itemprop=\"thumbnailUrl\"  ><img decoding=\"async\" fetchpriority=\"high\" class=\"wp-image-20008 avia-img-lazy-loading-not-20008\"  data-avia-tooltip='Cartographie de la cristallisation d&rsquo;une feuille de Cu pour la croissance de graph\u00e8ne CVD' src=\"https:\/\/www.iemn.fr\/wp-content\/uploads\/2018\/08\/cmnf_caract\u00e9risations_structurales_cristallisation_cu.png\" width=\"120\" height=\"120\"  title='cmnf_caract\u00e9risations_structurales_cristallisation_cu' alt='' srcset=\"https:\/\/www.iemn.fr\/wp-content\/uploads\/2018\/08\/cmnf_caract\u00e9risations_structurales_cristallisation_cu.png 120w, https:\/\/www.iemn.fr\/wp-content\/uploads\/2018\/08\/cmnf_caract\u00e9risations_structurales_cristallisation_cu-80x80.png 80w, https:\/\/www.iemn.fr\/wp-content\/uploads\/2018\/08\/cmnf_caract\u00e9risations_structurales_cristallisation_cu-36x36.png 36w\" sizes=\"(max-width: 120px) 100vw, 120px\" \/><div class='big-prev-fake'><img decoding=\"async\" loading=\"lazy\" class=\"wp-image-20008 avia-img-lazy-loading-20008\"  width=\"120\" height=\"120\" src=\"https:\/\/www.iemn.fr\/wp-content\/uploads\/2018\/08\/cmnf_caract\u00e9risations_structurales_cristallisation_cu.png\" title='cmnf_caract\u00e9risations_structurales_cristallisation_cu' alt='' srcset=\"https:\/\/www.iemn.fr\/wp-content\/uploads\/2018\/08\/cmnf_caract\u00e9risations_structurales_cristallisation_cu.png 120w, https:\/\/www.iemn.fr\/wp-content\/uploads\/2018\/08\/cmnf_caract\u00e9risations_structurales_cristallisation_cu-80x80.png 80w, https:\/\/www.iemn.fr\/wp-content\/uploads\/2018\/08\/cmnf_caract\u00e9risations_structurales_cristallisation_cu-36x36.png 36w\" sizes=\"auto, (max-width: 120px) 100vw, 120px\" \/><\/div><\/a><\/div><\/div><\/div>\n<div  class='flex_column av-wkh6pe-55b18f3a8b53b59fd4803c29d2acb05b av_one_fourth  avia-builder-el-7  el_after_av_one_half  avia-builder-el-last  flex_column_div  column-top-margin'     ><\/div>","protected":false},"excerpt":{"rendered":"","protected":false},"author":12,"featured_media":0,"parent":18668,"menu_order":5,"comment_status":"closed","ping_status":"closed","template":"","meta":{"footnotes":""},"class_list":["post-11794","page","type-page","status-publish","hentry"],"_links":{"self":[{"href":"https:\/\/www.iemn.fr\/en\/wp-json\/wp\/v2\/pages\/11794","targetHints":{"allow":["GET"]}}],"collection":[{"href":"https:\/\/www.iemn.fr\/en\/wp-json\/wp\/v2\/pages"}],"about":[{"href":"https:\/\/www.iemn.fr\/en\/wp-json\/wp\/v2\/types\/page"}],"author":[{"embeddable":true,"href":"https:\/\/www.iemn.fr\/en\/wp-json\/wp\/v2\/users\/12"}],"replies":[{"embeddable":true,"href":"https:\/\/www.iemn.fr\/en\/wp-json\/wp\/v2\/comments?post=11794"}],"version-history":[{"count":0,"href":"https:\/\/www.iemn.fr\/en\/wp-json\/wp\/v2\/pages\/11794\/revisions"}],"up":[{"embeddable":true,"href":"https:\/\/www.iemn.fr\/en\/wp-json\/wp\/v2\/pages\/18668"}],"wp:attachment":[{"href":"https:\/\/www.iemn.fr\/en\/wp-json\/wp\/v2\/media?parent=11794"}],"curies":[{"name":"wp","href":"https:\/\/api.w.org\/{rel}","templated":true}]}}