{"id":11475,"date":"2012-05-10T12:40:00","date_gmt":"2012-05-10T10:40:00","guid":{"rendered":"https:\/\/www.iemn.fr\/les-moyens\/plateformes\/\/competences\/caracterisation\/proprietes-electriques"},"modified":"2024-07-02T15:35:03","modified_gmt":"2024-07-02T13:35:03","slug":"proprietes-electriques","status":"publish","type":"page","link":"https:\/\/www.iemn.fr\/en\/les_plateformes\/cmnf\/caracterisation\/proprietes-electriques","title":{"rendered":"Electrical properties"},"content":{"rendered":"<div id='layer_slider_1'  class='avia-layerslider main_color avia-shadow  avia-builder-el-0  el_before_av_one_full  avia-builder-el-first  container_wrap sidebar_right'  style='height: 261px;'  ><div id=\"layerslider_26_1atoiy4byplh1\" data-ls-slug=\"homepageslider\" class=\"ls-wp-container fitvidsignore ls-selectable\" style=\"width:1140px;height:260px;margin:0 auto;margin-bottom: 0px;\"><div class=\"ls-slide\" data-ls=\"duration:6000;transition2d:5;\"><img loading=\"lazy\" decoding=\"async\" width=\"2600\" height=\"270\" src=\"https:\/\/www.iemn.fr\/wp-content\/uploads\/2018\/06\/Slider_CMNF1.jpg\" class=\"ls-bg\" alt=\"\" srcset=\"https:\/\/www.iemn.fr\/wp-content\/uploads\/2018\/06\/Slider_CMNF1.jpg 2600w, https:\/\/www.iemn.fr\/wp-content\/uploads\/2018\/06\/Slider_CMNF1-300x31.jpg 300w, https:\/\/www.iemn.fr\/wp-content\/uploads\/2018\/06\/Slider_CMNF1-768x80.jpg 768w, https:\/\/www.iemn.fr\/wp-content\/uploads\/2018\/06\/Slider_CMNF1-1030x107.jpg 1030w, https:\/\/www.iemn.fr\/wp-content\/uploads\/2018\/06\/Slider_CMNF1-1500x156.jpg 1500w, https:\/\/www.iemn.fr\/wp-content\/uploads\/2018\/06\/Slider_CMNF1-705x73.jpg 705w\" sizes=\"auto, (max-width: 2600px) 100vw, 2600px\" \/><ls-layer style=\"font-size:14px;text-align:left;font-style:normal;text-decoration:none;text-transform:none;font-weight:700;letter-spacing:0px;background-position:0% 0%;background-repeat:no-repeat;mix-blend-mode:normal;top:231px;left:0px;height:30px;width:500px;line-height:32px;color:#ffffff;border-radius:6px 6px 6px 6px;padding-left:50px;background-color:rgba(0, 0, 0, 0.57);\" class=\"ls-l ls-ib-icon ls-text-layer\" data-ls=\"minfontsize:0;minmobilefontsize:0;\"><i class=\"fa fa-user-circle\" style=\"color:#f2f2f2;margin-right:0.8em;font-size:1em;transform:translateY( -0.125em );\"><\/i>PLATEFORME : CENTRALE DE MICRO NANO FABRICATION<\/ls-layer><\/div><div class=\"ls-slide\" data-ls=\"duration:4000;transition2d:5;\"><img loading=\"lazy\" decoding=\"async\" width=\"2600\" height=\"270\" src=\"https:\/\/www.iemn.fr\/wp-content\/uploads\/2018\/06\/Slider_CMNF2.jpg\" class=\"ls-bg\" alt=\"\" srcset=\"https:\/\/www.iemn.fr\/wp-content\/uploads\/2018\/06\/Slider_CMNF2.jpg 2600w, https:\/\/www.iemn.fr\/wp-content\/uploads\/2018\/06\/Slider_CMNF2-300x31.jpg 300w, https:\/\/www.iemn.fr\/wp-content\/uploads\/2018\/06\/Slider_CMNF2-768x80.jpg 768w, https:\/\/www.iemn.fr\/wp-content\/uploads\/2018\/06\/Slider_CMNF2-1030x107.jpg 1030w, https:\/\/www.iemn.fr\/wp-content\/uploads\/2018\/06\/Slider_CMNF2-1500x156.jpg 1500w, https:\/\/www.iemn.fr\/wp-content\/uploads\/2018\/06\/Slider_CMNF2-705x73.jpg 705w\" sizes=\"auto, (max-width: 2600px) 100vw, 2600px\" \/><ls-layer style=\"font-size:14px;text-align:left;font-style:normal;text-decoration:none;text-transform:none;font-weight:700;letter-spacing:0px;background-position:0% 0%;background-repeat:no-repeat;mix-blend-mode:normal;top:231px;left:0px;height:30px;width:500px;line-height:32px;color:#ffffff;border-radius:6px 6px 6px 6px;padding-left:50px;background-color:rgba(0, 0, 0, 0.57);\" class=\"ls-l ls-ib-icon ls-text-layer\" data-ls=\"minfontsize:0;minmobilefontsize:0;\"><i class=\"fa fa-user-circle\" style=\"color:#f2f2f2;margin-right:0.8em;font-size:1em;transform:translateY( -0.125em );\"><\/i>PLATEFORME : CENTRALE DE MICRO NANO FABRICATION<\/ls-layer><\/div><div class=\"ls-slide\" data-ls=\"duration:4000;transition2d:5;\"><img loading=\"lazy\" decoding=\"async\" width=\"2600\" height=\"270\" src=\"https:\/\/www.iemn.fr\/wp-content\/uploads\/2018\/06\/Slider_CMNF3-1.jpg\" class=\"ls-bg\" alt=\"\" srcset=\"https:\/\/www.iemn.fr\/wp-content\/uploads\/2018\/06\/Slider_CMNF3-1.jpg 2600w, https:\/\/www.iemn.fr\/wp-content\/uploads\/2018\/06\/Slider_CMNF3-1-300x31.jpg 300w, https:\/\/www.iemn.fr\/wp-content\/uploads\/2018\/06\/Slider_CMNF3-1-768x80.jpg 768w, https:\/\/www.iemn.fr\/wp-content\/uploads\/2018\/06\/Slider_CMNF3-1-1030x107.jpg 1030w, https:\/\/www.iemn.fr\/wp-content\/uploads\/2018\/06\/Slider_CMNF3-1-1500x156.jpg 1500w, https:\/\/www.iemn.fr\/wp-content\/uploads\/2018\/06\/Slider_CMNF3-1-705x73.jpg 705w\" sizes=\"auto, (max-width: 2600px) 100vw, 2600px\" \/><ls-layer style=\"font-size:14px;text-align:left;font-style:normal;text-decoration:none;text-transform:none;font-weight:700;letter-spacing:0px;background-position:0% 0%;background-repeat:no-repeat;mix-blend-mode:normal;top:231px;left:0px;height:30px;width:500px;line-height:32px;color:#ffffff;border-radius:6px 6px 6px 6px;padding-left:50px;background-color:rgba(0, 0, 0, 0.57);\" class=\"ls-l ls-ib-icon ls-text-layer\" data-ls=\"minfontsize:0;minmobilefontsize:0;\"><i class=\"fa fa-user-circle\" style=\"color:#f2f2f2;margin-right:0.8em;font-size:1em;transform:translateY( -0.125em );\"><\/i>PLATEFORME : CENTRALE DE MICRO NANO FABRICATION<\/ls-layer><\/div><div class=\"ls-slide\" data-ls=\"duration:4000;transition2d:5;\"><img loading=\"lazy\" decoding=\"async\" width=\"2600\" height=\"270\" src=\"https:\/\/www.iemn.fr\/wp-content\/uploads\/2018\/06\/Slider_CMNF4.jpg\" class=\"ls-bg\" alt=\"\" srcset=\"https:\/\/www.iemn.fr\/wp-content\/uploads\/2018\/06\/Slider_CMNF4.jpg 2600w, https:\/\/www.iemn.fr\/wp-content\/uploads\/2018\/06\/Slider_CMNF4-300x31.jpg 300w, https:\/\/www.iemn.fr\/wp-content\/uploads\/2018\/06\/Slider_CMNF4-768x80.jpg 768w, https:\/\/www.iemn.fr\/wp-content\/uploads\/2018\/06\/Slider_CMNF4-1030x107.jpg 1030w, https:\/\/www.iemn.fr\/wp-content\/uploads\/2018\/06\/Slider_CMNF4-1500x156.jpg 1500w, https:\/\/www.iemn.fr\/wp-content\/uploads\/2018\/06\/Slider_CMNF4-705x73.jpg 705w\" sizes=\"auto, (max-width: 2600px) 100vw, 2600px\" \/><ls-layer style=\"font-size:14px;text-align:left;font-style:normal;text-decoration:none;text-transform:none;font-weight:700;letter-spacing:0px;background-position:0% 0%;background-repeat:no-repeat;mix-blend-mode:normal;top:231px;left:0px;height:30px;width:500px;line-height:32px;color:#ffffff;border-radius:6px 6px 6px 6px;padding-left:50px;background-color:rgba(0, 0, 0, 0.57);\" class=\"ls-l ls-ib-icon ls-text-layer\" data-ls=\"minfontsize:0;minmobilefontsize:0;\"><i class=\"fa fa-user-circle\" style=\"color:#f2f2f2;margin-right:0.8em;font-size:1em;transform:translateY( -0.125em );\"><\/i>PLATEFORME : CENTRALE DE MICRO NANO FABRICATION<\/ls-layer><\/div><\/div><\/div><div id='after_layer_slider_1'  class='main_color av_default_container_wrap container_wrap sidebar_right'  ><div class='container av-section-cont-open' ><div class='template-page content  av-content-small alpha units'><div class='post-entry post-entry-type-page post-entry-11475'><div class='entry-content-wrapper clearfix'>\n\n<style type=\"text\/css\" data-created_by=\"avia_inline_auto\" id=\"style-css-av-3k8289f-deaa6529496b1347021a5ec0398519e1\">\n.flex_column.av-3k8289f-deaa6529496b1347021a5ec0398519e1{\nborder-radius:0px 0px 0px 0px;\npadding:0px 0px 0px 0px;\n}\n<\/style>\n<div  class='flex_column av-3k8289f-deaa6529496b1347021a5ec0398519e1 av_one_full  avia-builder-el-1  el_after_av_layerslider  el_before_av_one_full  avia-builder-el-first  first flex_column_div av-zero-column-padding'     ><p>\n<style type=\"text\/css\" data-created_by=\"avia_inline_auto\" id=\"style-css-av-jjoakgfb-20a0cbc7c1c4982de3eaa00a6beab62b\">\n#top .av-special-heading.av-jjoakgfb-20a0cbc7c1c4982de3eaa00a6beab62b{\npadding-bottom:10px;\n}\nbody .av-special-heading.av-jjoakgfb-20a0cbc7c1c4982de3eaa00a6beab62b .av-special-heading-tag .heading-char{\nfont-size:25px;\n}\n.av-special-heading.av-jjoakgfb-20a0cbc7c1c4982de3eaa00a6beab62b .av-subheading{\nfont-size:15px;\n}\n<\/style>\n<div  class='av-special-heading av-jjoakgfb-20a0cbc7c1c4982de3eaa00a6beab62b av-special-heading-h3  avia-builder-el-2  el_before_av_textblock  avia-builder-el-first'><h3 class='av-special-heading-tag'  itemprop=\"headline\"  >Electrical properties<\/h3><div class=\"special-heading-border\"><div class=\"special-heading-inner-border\"><\/div><\/div><\/div><br \/>\n<section  class='av_textblock_section av-ahrs6r-b5e2aa4c5fcfe0611beffa0468ff7083'   itemscope=\"itemscope\" itemtype=\"https:\/\/schema.org\/CreativeWork\" ><div class='avia_textblock'  itemprop=\"text\" ><p style=\"text-align: justify;\">La plateforme poss\u00e8de 2 <strong>bancs sous pointes<\/strong> pour des caract\u00e9risations \u00e9lectriques en cours de proc\u00e9d\u00e9s. Ces instruments permettent de mesurer diff\u00e9rents param\u00e8tres \u00e9lectriques des composants dans une gamme de +\/-200V pour la tension et de quelques nA \u00e0 1.5A pour le courant. Une fonction en mode puls\u00e9 est \u00e9galement disponible. Situ\u00e9s en salle blanche, ces \u00e9quipements sont accessibles \u00e0 tous.<\/p>\n<ul>\n<li>Measures 4 contact resistance tips<\/li>\n<li>I-V characterization of transistors<\/li>\n<li>Measurement of direct and inverse Schottky diodes<\/li>\n<li>Resistivity measurement<\/li>\n<\/ul>\n<p>Un syst\u00e8me HL 5500 PC permet aussi de r\u00e9aliser des mesures d\u2019<strong>effet Hall<\/strong> de la temp\u00e9rature de l\u2019azote liquide (77K) jusqu\u2019\u00e0 600\u00b0C. Equip\u00e9 de quatre micro-manipulateurs et d\u2019un champ magn\u00e9tique permanent de 0.32 Tesla, il permet la mesure de la r\u00e9sistance carr\u00e9 sur des tr\u00e8fles de van der Pauw ainsi que la mesure de densit\u00e9 et la mobilit\u00e9 des porteurs.<\/p>\n<ul>\n<li>Calibration of n and p spikes<\/li>\n<li>Measurement of residual doping<\/li>\n<li>Quality of electron gases in HEMT structures<\/li>\n<\/ul>\n<\/div><\/section><\/p><\/div>\n\n<style type=\"text\/css\" data-created_by=\"avia_inline_auto\" id=\"style-css-av-2njjjqr-0f0e823b29f163aad0d07677ecee154d\">\n.flex_column.av-2njjjqr-0f0e823b29f163aad0d07677ecee154d{\nborder-radius:0px 0px 0px 0px;\npadding:0px 0px 0px 0px;\n}\n<\/style>\n<div  class='flex_column av-2njjjqr-0f0e823b29f163aad0d07677ecee154d av_one_full  avia-builder-el-4  el_after_av_one_full  avia-builder-el-last  first flex_column_div av-zero-column-padding  column-top-margin'     ><div  class='avia-logo-element-container av-21ssyqb-718eed51e1199fee166e3329a739b847 av-border-deactivate avia-logo-grid avia-content-slider avia-smallarrow-slider avia-content-grid-active noHover avia-content-slider-odd  avia-builder-el-5  avia-builder-el-no-sibling  avia-content-slider1' ><div class='avia-smallarrow-slider-heading  no-logo-slider-heading'><div class='new-special-heading'>&nbsp;<\/div><\/div><div class=\"avia-content-slider-inner\"><div class=\"slide-entry-wrap\"><div  class='slide-entry av-twz90z-eb23e53d930892e30e1dc5c54b1b7cf7 flex_column no_margin av_one_fifth real-thumbnail post-entry slide-entry-overview slide-loop-1 slide-parity-odd  first'><\/div><div  class='slide-entry av-1gnm9tf-9081c815c9b6ecbda9bd76964fa9a076 flex_column no_margin av_one_fifth real-thumbnail post-entry slide-entry-overview slide-loop-2 slide-parity-even'><\/div><div  class='slide-entry av-mdyqgj-94715916707e26b8054e558833dd595d flex_column no_margin av_one_fifth real-thumbnail post-entry slide-entry-overview slide-loop-3 slide-parity-odd'><\/div><div  class='slide-entry av-1ddbfwz-fdb07c18fbc7a6926036f3db02bf257c flex_column no_margin av_one_fifth real-thumbnail post-entry slide-entry-overview slide-loop-4 slide-parity-even'><\/div><div  class='slide-entry av-opqf9v-dc98b72f87af8cacdb2ca2f5bec330a2 flex_column no_margin av_one_fifth real-thumbnail post-entry slide-entry-overview slide-loop-5 slide-parity-odd post-entry-last'><\/div><\/div><\/div><\/div><\/div>","protected":false},"excerpt":{"rendered":"","protected":false},"author":12,"featured_media":0,"parent":18668,"menu_order":15,"comment_status":"closed","ping_status":"closed","template":"","meta":{"footnotes":""},"class_list":["post-11475","page","type-page","status-publish","hentry"],"_links":{"self":[{"href":"https:\/\/www.iemn.fr\/en\/wp-json\/wp\/v2\/pages\/11475","targetHints":{"allow":["GET"]}}],"collection":[{"href":"https:\/\/www.iemn.fr\/en\/wp-json\/wp\/v2\/pages"}],"about":[{"href":"https:\/\/www.iemn.fr\/en\/wp-json\/wp\/v2\/types\/page"}],"author":[{"embeddable":true,"href":"https:\/\/www.iemn.fr\/en\/wp-json\/wp\/v2\/users\/12"}],"replies":[{"embeddable":true,"href":"https:\/\/www.iemn.fr\/en\/wp-json\/wp\/v2\/comments?post=11475"}],"version-history":[{"count":0,"href":"https:\/\/www.iemn.fr\/en\/wp-json\/wp\/v2\/pages\/11475\/revisions"}],"up":[{"embeddable":true,"href":"https:\/\/www.iemn.fr\/en\/wp-json\/wp\/v2\/pages\/18668"}],"wp:attachment":[{"href":"https:\/\/www.iemn.fr\/en\/wp-json\/wp\/v2\/media?parent=11475"}],"curies":[{"name":"wp","href":"https:\/\/api.w.org\/{rel}","templated":true}]}}